{"id":7390,"date":"2024-05-16T11:14:39","date_gmt":"2024-05-16T09:14:39","guid":{"rendered":"https:\/\/adultsforfuture.eu\/?page_id=7390"},"modified":"2024-11-08T14:21:46","modified_gmt":"2024-11-08T13:21:46","slug":"orientacoes-para-os-centros-de-formacao-de-adultos","status":"publish","type":"page","link":"https:\/\/adultsforfuture.eu\/pt-pt\/results\/orientacoes-para-os-centros-de-formacao-de-adultos","title":{"rendered":"Orienta\u00e7\u00f5es para os Centros de Forma\u00e7\u00e3o de Adultos"},"content":{"rendered":"<h1>Orienta\u00e7\u00f5es para os centros de educa\u00e7\u00e3o e forma\u00e7\u00e3o de adultos<\/h1>\n<a href=\"https:\/\/adultsforfuture.eu\/wp-content\/uploads\/Guidelines_PT.pdf\" class=\"pdfemb-viewer\" style=\"\" data-width=\"max\" data-height=\"max\" data-toolbar=\"bottom\" data-toolbar-fixed=\"off\">Guidelines_PT<\/a>\n<h2>Recursos adicionais<\/h2>\n<p>\t\t\t\t\t<a href=\"https:\/\/adultsforfuture.eu\/docs\/pt\/Guidelines_PT.pdf\"><br \/>\n\t\t\t\t\t\t\t\t\tDescarregar o Orienta\u00e7\u00f5es para os centros de educa\u00e7\u00e3o e forma\u00e7\u00e3o de adultos<br \/>\n\t\t\t\t\t<\/a><br \/>\n\t\t\t\t\t<a href=\"https:\/\/adultsforfuture.eu\/pt-pt\/results\"><br \/>\n\t\t\t\t\t\t\t\t\tVoltar aos resultados<br \/>\n\t\t\t\t\t<\/a><\/p>\n","protected":false},"excerpt":{"rendered":"<p>Orienta\u00e7\u00f5es para os centros de educa\u00e7\u00e3o e forma\u00e7\u00e3o de adultos Recursos adicionais Descarregar o Orienta\u00e7\u00f5es para os centros de educa\u00e7\u00e3o e forma\u00e7\u00e3o de adultos Voltar aos resultados<\/p>\n","protected":false},"author":4,"featured_media":0,"parent":674,"menu_order":0,"comment_status":"closed","ping_status":"closed","template":"","meta":{"footnotes":""},"class_list":["post-7390","page","type-page","status-publish","hentry"],"_links":{"self":[{"href":"https:\/\/adultsforfuture.eu\/pt-pt\/wp-json\/wp\/v2\/pages\/7390","targetHints":{"allow":["GET"]}}],"collection":[{"href":"https:\/\/adultsforfuture.eu\/pt-pt\/wp-json\/wp\/v2\/pages"}],"about":[{"href":"https:\/\/adultsforfuture.eu\/pt-pt\/wp-json\/wp\/v2\/types\/page"}],"author":[{"embeddable":true,"href":"https:\/\/adultsforfuture.eu\/pt-pt\/wp-json\/wp\/v2\/users\/4"}],"replies":[{"embeddable":true,"href":"https:\/\/adultsforfuture.eu\/pt-pt\/wp-json\/wp\/v2\/comments?post=7390"}],"version-history":[{"count":10,"href":"https:\/\/adultsforfuture.eu\/pt-pt\/wp-json\/wp\/v2\/pages\/7390\/revisions"}],"predecessor-version":[{"id":8515,"href":"https:\/\/adultsforfuture.eu\/pt-pt\/wp-json\/wp\/v2\/pages\/7390\/revisions\/8515"}],"up":[{"embeddable":true,"href":"https:\/\/adultsforfuture.eu\/pt-pt\/wp-json\/wp\/v2\/pages\/674"}],"wp:attachment":[{"href":"https:\/\/adultsforfuture.eu\/pt-pt\/wp-json\/wp\/v2\/media?parent=7390"}],"curies":[{"name":"wp","href":"https:\/\/api.w.org\/{rel}","templated":true}]}}