{"id":692,"date":"2023-02-22T17:29:04","date_gmt":"2023-02-22T16:29:04","guid":{"rendered":"https:\/\/adultsforfuture.eu\/our-partners"},"modified":"2024-07-15T12:07:32","modified_gmt":"2024-07-15T10:07:32","slug":"our-partners","status":"publish","type":"page","link":"https:\/\/adultsforfuture.eu\/pt-pt\/our-partners","title":{"rendered":"Os nossos parceiros"},"content":{"rendered":"<style>\/*! elementor - v3.21.0 - 20-05-2024 *\/\n.elementor-column .elementor-spacer-inner{height:var(--spacer-size)}.e-con{--container-widget-width:100%}.e-con-inner>.elementor-widget-spacer,.e-con>.elementor-widget-spacer{width:var(--container-widget-width,var(--spacer-size));--align-self:var(--container-widget-align-self,initial);--flex-shrink:0}.e-con-inner>.elementor-widget-spacer>.elementor-widget-container,.e-con>.elementor-widget-spacer>.elementor-widget-container{height:100%;width:100%}.e-con-inner>.elementor-widget-spacer>.elementor-widget-container>.elementor-spacer,.e-con>.elementor-widget-spacer>.elementor-widget-container>.elementor-spacer{height:100%}.e-con-inner>.elementor-widget-spacer>.elementor-widget-container>.elementor-spacer>.elementor-spacer-inner,.e-con>.elementor-widget-spacer>.elementor-widget-container>.elementor-spacer>.elementor-spacer-inner{height:var(--container-widget-height,var(--spacer-size))}.e-con-inner>.elementor-widget-spacer.elementor-widget-empty,.e-con>.elementor-widget-spacer.elementor-widget-empty{position:relative;min-height:22px;min-width:22px}.e-con-inner>.elementor-widget-spacer.elementor-widget-empty .elementor-widget-empty-icon,.e-con>.elementor-widget-spacer.elementor-widget-empty .elementor-widget-empty-icon{position:absolute;top:0;bottom:0;left:0;right:0;margin:auto;padding:0;width:22px;height:22px}<\/style>\n<style>\/*! elementor - v3.21.0 - 20-05-2024 *\/\n.elementor-heading-title{padding:0;margin:0;line-height:1}.elementor-widget-heading .elementor-heading-title[class*=elementor-size-]>a{color:inherit;font-size:inherit;line-height:inherit}.elementor-widget-heading .elementor-heading-title.elementor-size-small{font-size:15px}.elementor-widget-heading .elementor-heading-title.elementor-size-medium{font-size:19px}.elementor-widget-heading .elementor-heading-title.elementor-size-large{font-size:29px}.elementor-widget-heading .elementor-heading-title.elementor-size-xl{font-size:39px}.elementor-widget-heading .elementor-heading-title.elementor-size-xxl{font-size:59px}<\/style>\n<h1>OS NOSSOS PARCEIROS<\/h1>\n<p>A nossa equipa \u00e9 constitu\u00edda por um grupo diversificado de organiza\u00e7\u00f5es que partilham os valores que nos levaram a dar vida a este projecto: a paix\u00e3o pelo activismo ambiental, a import\u00e2ncia de envolver os adultos mais velhos nos debates modernos &#8211; e acima de tudo, o reconhecimento de que cada conversa \u00e9 valiosa e que h\u00e1 algo a aprender com cada pessoa, cada desafio ou cada momento.<\/p>\n<p>O nosso grupo diversificado vem de diferentes pa\u00edses. Gostar\u00edamos de nos apresentar a si!<\/p>\n<h4>Coordenador<\/h4>\n<style>\/*! elementor - v3.21.0 - 20-05-2024 *\/\n.elementor-widget-image{text-align:center}.elementor-widget-image a{display:inline-block}.elementor-widget-image a img[src$=\".svg\"]{width:48px}.elementor-widget-image img{vertical-align:middle;display:inline-block}<\/style>\n<p>\t\t\t\t\t\t\t\t\t\t\t<a href=\"https:\/\/domspain.eu\/\" target=\"_blank\" rel=\"noopener\"><br \/>\n\t\t\t\t\t\t\t<img decoding=\"async\" src=\"https:\/\/adultsforfuture.eu\/wp-content\/uploads\/elementor\/thumbs\/domspain-1-qdp3x7vzmieartbqvseexz8alpn94r7xn1kkplh02o.png\" title=\"domspain 1\" alt=\"domspain 1\" loading=\"lazy\" \/>\t\t\t\t\t\t\t\t<\/a><\/p>\n<style>\/*! elementor - v3.21.0 - 20-05-2024 *\/\n.elementor-widget-social-icons.elementor-grid-0 .elementor-widget-container,.elementor-widget-social-icons.elementor-grid-mobile-0 .elementor-widget-container,.elementor-widget-social-icons.elementor-grid-tablet-0 .elementor-widget-container{line-height:1;font-size:0}.elementor-widget-social-icons:not(.elementor-grid-0):not(.elementor-grid-tablet-0):not(.elementor-grid-mobile-0) .elementor-grid{display:inline-grid}.elementor-widget-social-icons .elementor-grid{grid-column-gap:var(--grid-column-gap,5px);grid-row-gap:var(--grid-row-gap,5px);grid-template-columns:var(--grid-template-columns);justify-content:var(--justify-content,center);justify-items:var(--justify-content,center)}.elementor-icon.elementor-social-icon{font-size:var(--icon-size,25px);line-height:var(--icon-size,25px);width:calc(var(--icon-size, 25px) + 2 * var(--icon-padding, .5em));height:calc(var(--icon-size, 25px) + 2 * var(--icon-padding, .5em))}.elementor-social-icon{--e-social-icon-icon-color:#fff;display:inline-flex;background-color:#69727d;align-items:center;justify-content:center;text-align:center;cursor:pointer}.elementor-social-icon i{color:var(--e-social-icon-icon-color)}.elementor-social-icon svg{fill:var(--e-social-icon-icon-color)}.elementor-social-icon:last-child{margin:0}.elementor-social-icon:hover{opacity:.9;color:#fff}.elementor-social-icon-android{background-color:#a4c639}.elementor-social-icon-apple{background-color:#999}.elementor-social-icon-behance{background-color:#1769ff}.elementor-social-icon-bitbucket{background-color:#205081}.elementor-social-icon-codepen{background-color:#000}.elementor-social-icon-delicious{background-color:#39f}.elementor-social-icon-deviantart{background-color:#05cc47}.elementor-social-icon-digg{background-color:#005be2}.elementor-social-icon-dribbble{background-color:#ea4c89}.elementor-social-icon-elementor{background-color:#d30c5c}.elementor-social-icon-envelope{background-color:#ea4335}.elementor-social-icon-facebook,.elementor-social-icon-facebook-f{background-color:#3b5998}.elementor-social-icon-flickr{background-color:#0063dc}.elementor-social-icon-foursquare{background-color:#2d5be3}.elementor-social-icon-free-code-camp,.elementor-social-icon-freecodecamp{background-color:#006400}.elementor-social-icon-github{background-color:#333}.elementor-social-icon-gitlab{background-color:#e24329}.elementor-social-icon-globe{background-color:#69727d}.elementor-social-icon-google-plus,.elementor-social-icon-google-plus-g{background-color:#dd4b39}.elementor-social-icon-houzz{background-color:#7ac142}.elementor-social-icon-instagram{background-color:#262626}.elementor-social-icon-jsfiddle{background-color:#487aa2}.elementor-social-icon-link{background-color:#818a91}.elementor-social-icon-linkedin,.elementor-social-icon-linkedin-in{background-color:#0077b5}.elementor-social-icon-medium{background-color:#00ab6b}.elementor-social-icon-meetup{background-color:#ec1c40}.elementor-social-icon-mixcloud{background-color:#273a4b}.elementor-social-icon-odnoklassniki{background-color:#f4731c}.elementor-social-icon-pinterest{background-color:#bd081c}.elementor-social-icon-product-hunt{background-color:#da552f}.elementor-social-icon-reddit{background-color:#ff4500}.elementor-social-icon-rss{background-color:#f26522}.elementor-social-icon-shopping-cart{background-color:#4caf50}.elementor-social-icon-skype{background-color:#00aff0}.elementor-social-icon-slideshare{background-color:#0077b5}.elementor-social-icon-snapchat{background-color:#fffc00}.elementor-social-icon-soundcloud{background-color:#f80}.elementor-social-icon-spotify{background-color:#2ebd59}.elementor-social-icon-stack-overflow{background-color:#fe7a15}.elementor-social-icon-steam{background-color:#00adee}.elementor-social-icon-stumbleupon{background-color:#eb4924}.elementor-social-icon-telegram{background-color:#2ca5e0}.elementor-social-icon-threads{background-color:#000}.elementor-social-icon-thumb-tack{background-color:#1aa1d8}.elementor-social-icon-tripadvisor{background-color:#589442}.elementor-social-icon-tumblr{background-color:#35465c}.elementor-social-icon-twitch{background-color:#6441a5}.elementor-social-icon-twitter{background-color:#1da1f2}.elementor-social-icon-viber{background-color:#665cac}.elementor-social-icon-vimeo{background-color:#1ab7ea}.elementor-social-icon-vk{background-color:#45668e}.elementor-social-icon-weibo{background-color:#dd2430}.elementor-social-icon-weixin{background-color:#31a918}.elementor-social-icon-whatsapp{background-color:#25d366}.elementor-social-icon-wordpress{background-color:#21759b}.elementor-social-icon-x-twitter{background-color:#000}.elementor-social-icon-xing{background-color:#026466}.elementor-social-icon-yelp{background-color:#af0606}.elementor-social-icon-youtube{background-color:#cd201f}.elementor-social-icon-500px{background-color:#0099e5}.elementor-shape-rounded .elementor-icon.elementor-social-icon{border-radius:10%}.elementor-shape-circle .elementor-icon.elementor-social-icon{border-radius:50%}<\/style>\n<p>\t\t\t\t\t<a href=\"https:\/\/www.facebook.com\/DomSpainReus\" target=\"_blank\" rel=\"noopener\"><br \/>\n\t\t\t\t\t\tFacebook<br \/>\n\t\t\t\t\t\t\t\t\t\t\t<\/a><br \/>\n\t\t\t\t\t<a href=\"https:\/\/domspain.eu\/\" target=\"_blank\" rel=\"noopener\"><br \/>\n\t\t\t\t\t\tGlobe<br \/>\n\t\t\t\t\t\t\t\t\t\t\t<\/a><\/p>\n<h2>DomSpain<\/h2>\n<p>A DomSpain \u00e9 uma empresa de forma\u00e7\u00e3o e consultoria que opera a n\u00edvel nacional e internacional. Oferece uma vasta gama de servi\u00e7os aos sectores p\u00fablico e privado em Espanha e participa ativamente em programas internacionais atrav\u00e9s de uma rede bem estabelecida de parceiros no estrangeiro. A DomSpain disp\u00f5e de uma equipa altamente qualificada no dom\u00ednio das tecnologias da informa\u00e7\u00e3o que realizou v\u00e1rios projectos a n\u00edvel nacional e internacional para desenvolver plataformas educativas. A DomSpain \u00e9 membro da EAEA, da EFVET e da International E-Learning Association, uma rede internacional de profissionais, investigadores e estudantes de e-learning, do Pacto de Compet\u00eancias da UE.<\/p>\n<p>O departamento de forma\u00e7\u00e3o da DomSpain desenvolve programas educativos em quatro vertentes principais:<\/p>\n<ul>\n<li>Cursos e workshops para adultos, incluindo l\u00ednguas estrangeiras, TIC, cursos de culin\u00e1ria, cursos de dan\u00e7a e cursos de desenvolvimento pessoal.<\/li>\n<li>Forma\u00e7\u00e3o profissional: TIC, l\u00ednguas estrangeiras, compet\u00eancias de empregabilidade, aprendizagem relacionada com o trabalho.<\/li>\n<li>Forma\u00e7\u00e3o para educadores, centrada na melhoria das compet\u00eancias em l\u00ednguas estrangeiras, na utiliza\u00e7\u00e3o de ferramentas digitais e de novos m\u00e9todos de ensino, na aprendizagem mista.<\/li>\n<li>Actividades extracurriculares para alunos e pais, incluindo l\u00ednguas estrangeiras, rob\u00f3tica, programa\u00e7\u00e3o e seguran\u00e7a na Internet.<\/li>\n<\/ul>\n<h2>Eurosuccess<\/h2>\n<p>A Eurosuccess Consulting \u00e9 uma organiza\u00e7\u00e3o de consultoria e forma\u00e7\u00e3o activa no dom\u00ednio da gest\u00e3o de projectos, forma\u00e7\u00e3o e educa\u00e7\u00e3o, e servi\u00e7os de consultoria. Atrav\u00e9s de uma equipa din\u00e2mica de jovens cientistas, fornece um pacote abrangente de servi\u00e7os que respondem \u00e0s necessidades de v\u00e1rios p\u00fablicos-alvo e organiza\u00e7\u00f5es, relativamente \u00e0s suas oportunidades de aprendizagem ao longo da vida, no Chipre e no estrangeiro.<\/p>\n<p>\t\t\t\t\t\t\t\t\t\t\t\t\t\t<a href=\"https:\/\/www.eurosc.eu\/en\/\"><br \/>\n\t\t\t\t\t\t\t<img decoding=\"async\" src=\"https:\/\/adultsforfuture.eu\/wp-content\/uploads\/elementor\/thumbs\/EUROSC-logo-TRANSPARENT-1-qdp0x1mn3wbcncgdjj32hrxlictkaqrzrmrxg7v09u.png\" title=\"EUROSC-logo-TRANSPARENT.png\" alt=\"EUROSC-logo-TRANSPARENT.png\" loading=\"lazy\" \/>\t\t\t\t\t\t\t\t<\/a><br \/>\n\t\t\t\t\t<a href=\"https:\/\/www.facebook.com\/eurosuccessconsulting\/\" target=\"_blank\" rel=\"noopener\"><br \/>\n\t\t\t\t\t\tFacebook<br \/>\n\t\t\t\t\t\t\t\t\t\t\t<\/a><br \/>\n\t\t\t\t\t<a href=\"https:\/\/www.eurosc.eu\/en\/\" target=\"_blank\" rel=\"noopener\"><br \/>\n\t\t\t\t\t\tGlobe<br \/>\n\t\t\t\t\t\t\t\t\t\t\t<\/a><\/p>\n<p>A Eurosuccess Consulting tem estado envolvida em mais de oitenta e cinco (85) programas de Educa\u00e7\u00e3o cont\u00ednua, ERASMUS+, JUSTICE da UE, bem como em programas nacionais de investiga\u00e7\u00e3o financiados (Funda\u00e7\u00e3o para a Investiga\u00e7\u00e3o e Inova\u00e7\u00e3o) &#8211; em cinco deles como coordenadora. A Eurosuccess Consulting tem uma vasta experi\u00eancia no desenvolvimento de solu\u00e7\u00f5es de forma\u00e7\u00e3o e educa\u00e7\u00e3o (material de forma\u00e7\u00e3o tradicional, solu\u00e7\u00f5es de e-learning e ferramentas TIC para avalia\u00e7\u00e3o de compet\u00eancias). Paralelamente, a organiza\u00e7\u00e3o est\u00e1 activa em v\u00e1rios sectores: Educa\u00e7\u00e3o profissional, de jovens, de adultos e escolar, e apoia o desenvolvimento de v\u00e1rios grupos sociais, incluindo grupos vulner\u00e1veis da sociedade, tais como pessoas provenientes do grupo NEET, reclusos e ex-reclusos.<\/p>\n<p>Adicionalmente, a Eurosuccess Consulting \u00e9 um Centro de Forma\u00e7\u00e3o Profissional acreditado pela Autoridade de Desenvolvimento de Recursos Humanos do Chipre, a autoridade p\u00fablica relevante no que respeita \u00e0 forma\u00e7\u00e3o e educa\u00e7\u00e3o, bem como pela Aristotle Certification Training &amp; Assessment (AcTA). A Eurosuccess \u00e9 tamb\u00e9m membro das seguintes associa\u00e7\u00f5es e f\u00f3runs: F\u00f3rum Europeu do Ensino e Forma\u00e7\u00e3o Profissionais (EfVET), Rede Europeia de Pol\u00edticas sobre Compet\u00eancias-Chave no Ensino B\u00e1sico e Secund\u00e1rio (Rede KeyCoNet), Rede Europeia de Inova\u00e7\u00e3o para a Inclus\u00e3o e Grupo de Trabalho Europeu de Consultores de Inova\u00e7\u00e3o.<\/p>\n<p>\t\t\t\t\t\t\t\t\t\t\t\t\t\t<a href=\"https:\/\/www.polygonal.ngo\/\" target=\"_blank\" rel=\"noopener\"><br \/>\n\t\t\t\t\t\t\t<img decoding=\"async\" src=\"https:\/\/adultsforfuture.eu\/wp-content\/uploads\/elementor\/thumbs\/polygonal-1-qdp1l8yzvgoaggh94njim71jj1re4ammt4fp7a0ua6.png\" title=\"polygonal.png\" alt=\"polygonal.png\" loading=\"lazy\" \/>\t\t\t\t\t\t\t\t<\/a><br \/>\n\t\t\t\t\t<a href=\"https:\/\/www.facebook.com\/polygonal.ngo\" target=\"_blank\" rel=\"noopener\"><br \/>\n\t\t\t\t\t\tFacebook<br \/>\n\t\t\t\t\t\t\t\t\t\t\t<\/a><br \/>\n\t\t\t\t\t<a href=\"https:\/\/www.polygonal.ngo\/\" target=\"_blank\" rel=\"noopener\"><br \/>\n\t\t\t\t\t\tGlobe<br \/>\n\t\t\t\t\t\t\t\t\t\t\t<\/a><\/p>\n<h2>Polygonal<\/h2>\n<p>Somos uma organiza\u00e7\u00e3o comunit\u00e1ria unida, aut\u00f3noma e democr\u00e1tica, fundada para explorar formas alternativas de envolvimento na nossa \u00e1rea. Composta por educadores, programadores, designers, activistas e entusiastas da cultura, estamos sediados na pequena aldeia rural de Cori, apenas uma hora a sul de Roma. Empenhamo-nos em envolver pessoas de todas as idades em modelos de aprendizagem cont\u00ednua e acreditamos firmemente no poder transformador da educa\u00e7\u00e3o e da tecnologia digital. Acima de tudo, somos um grupo de indiv\u00edduos entusiastas e dedicados. Como entidade municipal, administramos a biblioteca p\u00fablica e o arquivo hist\u00f3rico da nossa \u00e1rea. Para al\u00e9m da gest\u00e3o destas instala\u00e7\u00f5es, tamb\u00e9m organizamos workshops e coordenamos atividades internacionais.<\/p>\n<p>O nosso nome &#8220;Polygonal&#8221; presta homenagem \u00e0 hist\u00f3ria rica e tradi\u00e7\u00f5es antigas da nossa cidade, e reflete a nossa experi\u00eancia diversificada e compromisso com o ativismo.<\/p>\n<h2>RightChallenge<\/h2>\n<p>A Associa\u00e7\u00e3o Rightchallenge \u00e9 uma organiza\u00e7\u00e3o n\u00e3o governamental que tem como objectivo promover a educa\u00e7\u00e3o e a forma\u00e7\u00e3o como meio de inclus\u00e3o social e de igualdade de oportunidades. A Rightchallenge esfor\u00e7a-se por promover valores e mudar atitudes e comportamentos em rela\u00e7\u00e3o ao ambiente, de modo a capacitar as pessoas para exercerem uma cidadania consciente, din\u00e2mica e informada face \u00e0s quest\u00f5es ambientais atuais. Trabalhamos em estreita colabora\u00e7\u00e3o com movimentos associativos locais e regionais, ONGs ambientais e munic\u00edpios, a fim de promover a consciencializa\u00e7\u00e3o para o desenvolvimento sustent\u00e1vel. Implementamos tamb\u00e9m projetos de voluntariado ambiental com o objetivo de promover atividades de conserva\u00e7\u00e3o da natureza, biodiversidade e prote\u00e7\u00e3o ambiental na regi\u00e3o norte de Portugal, incentivando os jovens a desenvolverem ideias inovadoras que respeitem os valores ambientais e os princ\u00edpios de conserva\u00e7\u00e3o da natureza. Para o efeito, desenvolvemos um conjunto de iniciativas relacionadas sobretudo com a promo\u00e7\u00e3o de comportamentos de reciclagem e de respeito pela biodiversidade portuguesa e \u00e1reas protegidas.<\/p>\n<p>\t\t\t\t\t\t\t\t\t\t\t\t\t\t<a href=\"https:\/\/rightchallenge.org\/\"><br \/>\n\t\t\t\t\t\t\t<img decoding=\"async\" src=\"https:\/\/adultsforfuture.eu\/wp-content\/uploads\/elementor\/thumbs\/rightchallenge-1-qdp1oyg59naqjwq9mxlym7dp6r0d91tl839blgfekm.png\" title=\"rightchallenge.png\" alt=\"rightchallenge.png\" loading=\"lazy\" \/>\t\t\t\t\t\t\t\t<\/a><br \/>\n\t\t\t\t\t<a href=\"https:\/\/www.facebook.com\/Rightchallenge\" target=\"_blank\" rel=\"noopener\"><br \/>\n\t\t\t\t\t\tFacebook<br \/>\n\t\t\t\t\t\t\t\t\t\t\t<\/a><br \/>\n\t\t\t\t\t<a href=\"https:\/\/rightchallenge.org\/\" target=\"_blank\" rel=\"noopener\"><br \/>\n\t\t\t\t\t\tGlobe<br \/>\n\t\t\t\t\t\t\t\t\t\t\t<\/a><\/p>\n","protected":false},"excerpt":{"rendered":"<p>OS NOSSOS PARCEIROS A nossa equipa \u00e9 constitu\u00edda por um grupo diversificado de organiza\u00e7\u00f5es que partilham os valores que nos levaram a dar vida a este projecto: a paix\u00e3o pelo activismo ambiental, a import\u00e2ncia de envolver os adultos mais velhos nos debates modernos &#8211; e acima de tudo, o reconhecimento de que cada conversa \u00e9 [&hellip;]<\/p>\n","protected":false},"author":4,"featured_media":0,"parent":0,"menu_order":0,"comment_status":"closed","ping_status":"closed","template":"","meta":{"footnotes":""},"class_list":["post-692","page","type-page","status-publish","hentry"],"_links":{"self":[{"href":"https:\/\/adultsforfuture.eu\/pt-pt\/wp-json\/wp\/v2\/pages\/692","targetHints":{"allow":["GET"]}}],"collection":[{"href":"https:\/\/adultsforfuture.eu\/pt-pt\/wp-json\/wp\/v2\/pages"}],"about":[{"href":"https:\/\/adultsforfuture.eu\/pt-pt\/wp-json\/wp\/v2\/types\/page"}],"author":[{"embeddable":true,"href":"https:\/\/adultsforfuture.eu\/pt-pt\/wp-json\/wp\/v2\/users\/4"}],"replies":[{"embeddable":true,"href":"https:\/\/adultsforfuture.eu\/pt-pt\/wp-json\/wp\/v2\/comments?post=692"}],"version-history":[{"count":21,"href":"https:\/\/adultsforfuture.eu\/pt-pt\/wp-json\/wp\/v2\/pages\/692\/revisions"}],"predecessor-version":[{"id":7997,"href":"https:\/\/adultsforfuture.eu\/pt-pt\/wp-json\/wp\/v2\/pages\/692\/revisions\/7997"}],"wp:attachment":[{"href":"https:\/\/adultsforfuture.eu\/pt-pt\/wp-json\/wp\/v2\/media?parent=692"}],"curies":[{"name":"wp","href":"https:\/\/api.w.org\/{rel}","templated":true}]}}