{"id":674,"date":"2023-03-01T16:58:28","date_gmt":"2023-03-01T15:58:28","guid":{"rendered":"https:\/\/adultsforfuture.eu\/results"},"modified":"2024-07-22T11:54:46","modified_gmt":"2024-07-22T09:54:46","slug":"results","status":"publish","type":"page","link":"https:\/\/adultsforfuture.eu\/pt-pt\/results","title":{"rendered":"Resultados"},"content":{"rendered":"<style>\/*! elementor - v3.23.0 - 15-07-2024 *\/\n.elementor-column .elementor-spacer-inner{height:var(--spacer-size)}.e-con{--container-widget-width:100%}.e-con-inner>.elementor-widget-spacer,.e-con>.elementor-widget-spacer{width:var(--container-widget-width,var(--spacer-size));--align-self:var(--container-widget-align-self,initial);--flex-shrink:0}.e-con-inner>.elementor-widget-spacer>.elementor-widget-container,.e-con>.elementor-widget-spacer>.elementor-widget-container{height:100%;width:100%}.e-con-inner>.elementor-widget-spacer>.elementor-widget-container>.elementor-spacer,.e-con>.elementor-widget-spacer>.elementor-widget-container>.elementor-spacer{height:100%}.e-con-inner>.elementor-widget-spacer>.elementor-widget-container>.elementor-spacer>.elementor-spacer-inner,.e-con>.elementor-widget-spacer>.elementor-widget-container>.elementor-spacer>.elementor-spacer-inner{height:var(--container-widget-height,var(--spacer-size))}.e-con-inner>.elementor-widget-spacer.elementor-widget-empty,.e-con>.elementor-widget-spacer.elementor-widget-empty{position:relative;min-height:22px;min-width:22px}.e-con-inner>.elementor-widget-spacer.elementor-widget-empty .elementor-widget-empty-icon,.e-con>.elementor-widget-spacer.elementor-widget-empty .elementor-widget-empty-icon{position:absolute;top:0;bottom:0;left:0;right:0;margin:auto;padding:0;width:22px;height:22px}<\/style>\n<style>\/*! elementor - v3.23.0 - 15-07-2024 *\/\n.elementor-heading-title{padding:0;margin:0;line-height:1}.elementor-widget-heading .elementor-heading-title[class*=elementor-size-]>a{color:inherit;font-size:inherit;line-height:inherit}.elementor-widget-heading .elementor-heading-title.elementor-size-small{font-size:15px}.elementor-widget-heading .elementor-heading-title.elementor-size-medium{font-size:19px}.elementor-widget-heading .elementor-heading-title.elementor-size-large{font-size:29px}.elementor-widget-heading .elementor-heading-title.elementor-size-xl{font-size:39px}.elementor-widget-heading .elementor-heading-title.elementor-size-xxl{font-size:59px}<\/style>\n<h1>MATERIAIS<\/h1>\n<h2>Metodologia<\/h2>\n<style>\/*! elementor - v3.23.0 - 15-07-2024 *\/\n.elementor-widget-image{text-align:center}.elementor-widget-image a{display:inline-block}.elementor-widget-image a img[src$=\".svg\"]{width:48px}.elementor-widget-image img{vertical-align:middle;display:inline-block}<\/style>\n<p>\t\t\t\t\t\t\t\t\t\t<img loading=\"lazy\" decoding=\"async\" width=\"300\" height=\"300\" src=\"https:\/\/adultsforfuture.eu\/wp-content\/uploads\/Ecology-Icons-29-2-300x300.png\" alt=\"\" srcset=\"https:\/\/adultsforfuture.eu\/wp-content\/uploads\/Ecology-Icons-29-2-300x300.png 300w, https:\/\/adultsforfuture.eu\/wp-content\/uploads\/Ecology-Icons-29-2-150x150.png 150w, https:\/\/adultsforfuture.eu\/wp-content\/uploads\/Ecology-Icons-29-2.png 512w\" sizes=\"auto, (max-width: 300px) 100vw, 300px\" \/>\t\t\t\t\t\t\t\t\t\t\t\t\t<\/p>\n<p>&#8220;J\u00e1 alguma vez se perguntou se os adultos mais velhos t\u00eam a chave para uma vida sustent\u00e1vel? Est\u00e1 na altura de repensar a narrativa. Como parte do nosso estudo, analis\u00e1mos em profundidade as experi\u00eancias e aspira\u00e7\u00f5es dos adultos mais velhos em Espanha, Portugal, It\u00e1lia e Chipre. Ouvimos as suas hist\u00f3rias, os seus desafios e os seus sonhos para um futuro mais ecol\u00f3gico.<\/p>\n<p>O que encontr\u00e1mos? Um n\u00famero surpreendente de ideias sobre como os adultos mais velhos podem desempenhar um papel pioneiro no ativismo ambiental. Desde planos de reforma ecol\u00f3gicos at\u00e9 ao envolvimento da comunidade, explor\u00e1mos tudo. Mas isto n\u00e3o foi tudo. Junt\u00e1mo-nos a educadores de adultos para criar um roteiro sobre como apoiar os adultos mais velhos na sua jornada de sustentabilidade.<\/p>\n<p>Ent\u00e3o, o que \u00e9 que a nossa metodologia cont\u00e9m? Pense nela como um kit de ferramentas para agentes de mudan\u00e7a. Est\u00e1 cheio de estrat\u00e9gias pr\u00e1ticas para promover a consciencializa\u00e7\u00e3o global, encorajar h\u00e1bitos sustent\u00e1veis e promover o envolvimento local.&#8221;<\/p>\n<p>\t\t\t\t\t\t\t\t\t\t\t\t\t\t<a href=\"https:\/\/adultsforfuture.eu\/docs\/pt\/PT-Competence_Framework.pdf\"><br \/>\n\t\t\t\t\t\t\t<img loading=\"lazy\" decoding=\"async\" width=\"800\" height=\"533\" src=\"https:\/\/adultsforfuture.eu\/wp-content\/uploads\/Flag_of_Portugal-1024x682.png\" alt=\"\" srcset=\"https:\/\/adultsforfuture.eu\/wp-content\/uploads\/Flag_of_Portugal-1024x682.png 1024w, https:\/\/adultsforfuture.eu\/wp-content\/uploads\/Flag_of_Portugal-300x200.png 300w, https:\/\/adultsforfuture.eu\/wp-content\/uploads\/Flag_of_Portugal-768x512.png 768w, https:\/\/adultsforfuture.eu\/wp-content\/uploads\/Flag_of_Portugal.png 1280w\" sizes=\"auto, (max-width: 800px) 100vw, 800px\" \/>\t\t\t\t\t\t\t\t<\/a><br \/>\n\t\t\t<a href=\"https:\/\/adultsforfuture.eu\/pt-pt\/results\/quadro-de-competencias\"><br \/>\n\t\t\t\t\t\t\t\t\tQuadro de Compet\u00eancias<br \/>\n\t\t\t\t\t<\/a><\/p>\n<h2>Orienta\u00e7\u00f5es para os centros de educa\u00e7\u00e3o e forma\u00e7\u00e3o de adultos<\/h2>\n<p>O nosso documento &#8220;Orienta\u00e7\u00f5es para os Centros de Forma\u00e7\u00e3o de Adultos&#8221; fornece orienta\u00e7\u00f5es estrat\u00e9gicas para apoiar a participa\u00e7\u00e3o ambiental dos adultos mais velhos. Com recomenda\u00e7\u00f5es pr\u00e1ticas, descrevemos os passos que os centros podem dar para se tornarem centros de mudan\u00e7a ecol\u00f3gica, implementando pr\u00e1ticas sustent\u00e1veis para um futuro melhor.<\/p>\n<p>\t\t\t<a href=\"https:\/\/adultsforfuture.eu\/pt-pt\/results\/orientacoes-para-os-centros-de-formacao-de-adultos\"><br \/>\n\t\t\t\t\t\t\t\t\tOrienta\u00e7\u00f5es<br \/>\n\t\t\t\t\t<\/a><br \/>\n\t\t\t\t<img loading=\"lazy\" width=\"840\" height=\"885\" src=\"https:\/\/adultsforfuture.eu\/wp-content\/uploads\/booklet_AFF-portada-pt.png\" alt=\"ADULTS FOR FUTURE - ATIVISMO VERDE E EDUCA\u00c7\u00c3O DE ADULTOS\" decoding=\"async\" srcset=\"https:\/\/adultsforfuture.eu\/wp-content\/uploads\/booklet_AFF-portada-pt.png 840w, https:\/\/adultsforfuture.eu\/wp-content\/uploads\/booklet_AFF-portada-pt-285x300.png 285w, https:\/\/adultsforfuture.eu\/wp-content\/uploads\/booklet_AFF-portada-pt-768x809.png 768w\" sizes=\"auto, (max-width: 840px) 100vw, 840px\" \/><br \/>\n\t\t\t\tQUE FUTURO?\t\t\t<\/p>\n<h3\t\t\t\tclass=\"bdt-ep-featured-box-title\">\n\t\t\t\t\tADULTS FOR FUTURE &#8211; ATIVISMO VERDE E EDUCA\u00c7\u00c3O DE ADULTOS<br \/>\n\t\t\t<\/h3>\n<p>\t\t\t\tExplore o nosso Livreto, um guia pr\u00e1tico do projeto &#8220;Adults for Future&#8221;, projetado para inspirar e envolver os adultos mais velhos no ativismo ambiental. Este recurso abrangente oferece estrat\u00e9gias acion\u00e1veis, recomenda\u00e7\u00f5es claras e reflex\u00f5es detalhadas para promover iniciativas verdes.<\/p>\n<p>O Livreto cobre \u00e1reas-chave como o engajamento dos adultos mais velhos, iniciativas educacionais, defesa de pol\u00edticas e colabora\u00e7\u00e3o intergeracional. Cada se\u00e7\u00e3o fornece insights espec\u00edficos e passos para fomentar o ativismo ambiental.<\/p>\n<p>Use este guia para capacitar os adultos mais velhos, apoiar pr\u00e1ticas sustent\u00e1veis e promover mudan\u00e7as significativas na sua comunidade.<br \/>\n\t\t\t\t<a href=\"https:\/\/adultsforfuture.eu\/pt-pt\/results\/ativismo-verde-e-educacao-de-adultos\"><br \/>\n\t\t\t\t\tO Livreto\t\t\t\t\t\t\t\t\t<\/a><\/p>\n<h2>ADULTS FOR FUTURE &#8211; ATIVISMO VERDE E EDUCA\u00c7\u00c3O DE ADULTOS<\/h2>\n<h2>QUE FUTURO?<\/h2>\n<p>Explore o nosso Livreto, um guia pr\u00e1tico do projeto &#8220;Adults for Future&#8221;, projetado para inspirar e envolver os adultos mais velhos no ativismo ambiental. Este recurso abrangente oferece estrat\u00e9gias acion\u00e1veis, recomenda\u00e7\u00f5es claras e reflex\u00f5es detalhadas para promover iniciativas verdes.<\/p>\n<p>O Livreto cobre \u00e1reas-chave como o engajamento dos adultos mais velhos, iniciativas educacionais, defesa de pol\u00edticas e colabora\u00e7\u00e3o intergeracional. Cada se\u00e7\u00e3o fornece insights espec\u00edficos e passos para fomentar o ativismo ambiental.<\/p>\n<p>Use este guia para capacitar os adultos mais velhos, apoiar pr\u00e1ticas sustent\u00e1veis e promover mudan\u00e7as significativas na sua comunidade.<\/p>\n<p>\t\t\t<a href=\"https:\/\/adultsforfuture.eu\/pt-pt\/results\/ativismo-verde-e-educacao-de-adultos\"><br \/>\n\t\t\t\t\t\t\t\t\tO Livreto<br \/>\n\t\t\t\t\t<\/a><\/p>\n","protected":false},"excerpt":{"rendered":"<p>MATERIAIS Metodologia &#8220;J\u00e1 alguma vez se perguntou se os adultos mais velhos t\u00eam a chave para uma vida sustent\u00e1vel? Est\u00e1 na altura de repensar a narrativa. Como parte do nosso estudo, analis\u00e1mos em profundidade as experi\u00eancias e aspira\u00e7\u00f5es dos adultos mais velhos em Espanha, Portugal, It\u00e1lia e Chipre. Ouvimos as suas hist\u00f3rias, os seus desafios [&hellip;]<\/p>\n","protected":false},"author":4,"featured_media":0,"parent":0,"menu_order":0,"comment_status":"closed","ping_status":"closed","template":"","meta":{"footnotes":""},"class_list":["post-674","page","type-page","status-publish","hentry"],"_links":{"self":[{"href":"https:\/\/adultsforfuture.eu\/pt-pt\/wp-json\/wp\/v2\/pages\/674","targetHints":{"allow":["GET"]}}],"collection":[{"href":"https:\/\/adultsforfuture.eu\/pt-pt\/wp-json\/wp\/v2\/pages"}],"about":[{"href":"https:\/\/adultsforfuture.eu\/pt-pt\/wp-json\/wp\/v2\/types\/page"}],"author":[{"embeddable":true,"href":"https:\/\/adultsforfuture.eu\/pt-pt\/wp-json\/wp\/v2\/users\/4"}],"replies":[{"embeddable":true,"href":"https:\/\/adultsforfuture.eu\/pt-pt\/wp-json\/wp\/v2\/comments?post=674"}],"version-history":[{"count":90,"href":"https:\/\/adultsforfuture.eu\/pt-pt\/wp-json\/wp\/v2\/pages\/674\/revisions"}],"predecessor-version":[{"id":8207,"href":"https:\/\/adultsforfuture.eu\/pt-pt\/wp-json\/wp\/v2\/pages\/674\/revisions\/8207"}],"wp:attachment":[{"href":"https:\/\/adultsforfuture.eu\/pt-pt\/wp-json\/wp\/v2\/media?parent=674"}],"curies":[{"name":"wp","href":"https:\/\/api.w.org\/{rel}","templated":true}]}}