{"id":626,"date":"2023-02-22T17:28:03","date_gmt":"2023-02-22T16:28:03","guid":{"rendered":"https:\/\/adultsforfuture.eu\/news"},"modified":"2024-07-15T12:07:23","modified_gmt":"2024-07-15T10:07:23","slug":"news","status":"publish","type":"page","link":"https:\/\/adultsforfuture.eu\/pt-pt\/news","title":{"rendered":"Not\u00edcias"},"content":{"rendered":"<style>\/*! elementor - v3.21.0 - 26-05-2024 *\/\n.elementor-column .elementor-spacer-inner{height:var(--spacer-size)}.e-con{--container-widget-width:100%}.e-con-inner>.elementor-widget-spacer,.e-con>.elementor-widget-spacer{width:var(--container-widget-width,var(--spacer-size));--align-self:var(--container-widget-align-self,initial);--flex-shrink:0}.e-con-inner>.elementor-widget-spacer>.elementor-widget-container,.e-con>.elementor-widget-spacer>.elementor-widget-container{height:100%;width:100%}.e-con-inner>.elementor-widget-spacer>.elementor-widget-container>.elementor-spacer,.e-con>.elementor-widget-spacer>.elementor-widget-container>.elementor-spacer{height:100%}.e-con-inner>.elementor-widget-spacer>.elementor-widget-container>.elementor-spacer>.elementor-spacer-inner,.e-con>.elementor-widget-spacer>.elementor-widget-container>.elementor-spacer>.elementor-spacer-inner{height:var(--container-widget-height,var(--spacer-size))}.e-con-inner>.elementor-widget-spacer.elementor-widget-empty,.e-con>.elementor-widget-spacer.elementor-widget-empty{position:relative;min-height:22px;min-width:22px}.e-con-inner>.elementor-widget-spacer.elementor-widget-empty .elementor-widget-empty-icon,.e-con>.elementor-widget-spacer.elementor-widget-empty .elementor-widget-empty-icon{position:absolute;top:0;bottom:0;left:0;right:0;margin:auto;padding:0;width:22px;height:22px}<\/style>\n<style>\/*! elementor - v3.21.0 - 26-05-2024 *\/\n.elementor-heading-title{padding:0;margin:0;line-height:1}.elementor-widget-heading .elementor-heading-title[class*=elementor-size-]>a{color:inherit;font-size:inherit;line-height:inherit}.elementor-widget-heading .elementor-heading-title.elementor-size-small{font-size:15px}.elementor-widget-heading .elementor-heading-title.elementor-size-medium{font-size:19px}.elementor-widget-heading .elementor-heading-title.elementor-size-large{font-size:29px}.elementor-widget-heading .elementor-heading-title.elementor-size-xl{font-size:39px}.elementor-widget-heading .elementor-heading-title.elementor-size-xxl{font-size:59px}<\/style>\n<h1>NOT\u00cdCIAS<\/h1>\n<p>Fique atento e consulte a nossa sec\u00e7\u00e3o de Not\u00edcias para saber mais sobre as \u00faltimas actividades e eventos.<\/p>\n<p>Pode tamb\u00e9m seguir-nos na nossa p\u00e1gina do Facebook!<\/p>\n<h2>Newsletters<\/h2>\n<p>                                                                                    <img decoding=\"async\" src=\"https:\/\/adultsforfuture.eu\/wp-content\/uploads\/Ecology-Icons-02-1.png\" alt=\"\"><\/p>\n<h2>Newsletter 1<\/h2>\n<\/p>\n<p>                                                                            <a href=\"https:\/\/adultsforfuture.eu\/docs\/pt\/Newsletter%201_PT.pdf\"><br \/>\n                                                                                                L\u00ea mais                                                                                    <\/a><br \/>\n                                                                                    <img decoding=\"async\" src=\"https:\/\/adultsforfuture.eu\/wp-content\/uploads\/Ecology-Icons-29-1-1.png\" alt=\"\"><\/p>\n<h2>Newsletter 2<\/h2>\n<\/p>\n<p>                                                                            <a href=\"https:\/\/adultsforfuture.eu\/docs\/pt\/Newsletter%202_PT.pdf\"><br \/>\n                                                                                                L\u00ea mais                                                                                    <\/a><br \/>\n                                                                                    <img decoding=\"async\" src=\"https:\/\/adultsforfuture.eu\/wp-content\/uploads\/2k-1.png\" alt=\"\"><\/p>\n<h2>Newsletter 3<\/h2>\n<\/p>\n<p>                                                                            <a href=\"https:\/\/adultsforfuture.eu\/docs\/pt\/Newsletter%203_PT.pdf\"><br \/>\n                                                                                                L\u00ea mais                                                                                    <\/a><\/p>\n","protected":false},"excerpt":{"rendered":"<p>NOT\u00cdCIAS Fique atento e consulte a nossa sec\u00e7\u00e3o de Not\u00edcias para saber mais sobre as \u00faltimas actividades e eventos. Pode tamb\u00e9m seguir-nos na nossa p\u00e1gina do Facebook! Newsletters Newsletter 1 L\u00ea mais Newsletter 2 L\u00ea mais Newsletter 3 L\u00ea mais<\/p>\n","protected":false},"author":4,"featured_media":0,"parent":0,"menu_order":0,"comment_status":"closed","ping_status":"closed","template":"","meta":{"footnotes":""},"class_list":["post-626","page","type-page","status-publish","hentry"],"_links":{"self":[{"href":"https:\/\/adultsforfuture.eu\/pt-pt\/wp-json\/wp\/v2\/pages\/626","targetHints":{"allow":["GET"]}}],"collection":[{"href":"https:\/\/adultsforfuture.eu\/pt-pt\/wp-json\/wp\/v2\/pages"}],"about":[{"href":"https:\/\/adultsforfuture.eu\/pt-pt\/wp-json\/wp\/v2\/types\/page"}],"author":[{"embeddable":true,"href":"https:\/\/adultsforfuture.eu\/pt-pt\/wp-json\/wp\/v2\/users\/4"}],"replies":[{"embeddable":true,"href":"https:\/\/adultsforfuture.eu\/pt-pt\/wp-json\/wp\/v2\/comments?post=626"}],"version-history":[{"count":36,"href":"https:\/\/adultsforfuture.eu\/pt-pt\/wp-json\/wp\/v2\/pages\/626\/revisions"}],"predecessor-version":[{"id":7996,"href":"https:\/\/adultsforfuture.eu\/pt-pt\/wp-json\/wp\/v2\/pages\/626\/revisions\/7996"}],"wp:attachment":[{"href":"https:\/\/adultsforfuture.eu\/pt-pt\/wp-json\/wp\/v2\/media?parent=626"}],"curies":[{"name":"wp","href":"https:\/\/api.w.org\/{rel}","templated":true}]}}