{"id":5418,"date":"2024-03-12T14:52:44","date_gmt":"2024-03-12T13:52:44","guid":{"rendered":"https:\/\/adultsforfuture.eu\/?page_id=5418"},"modified":"2024-07-30T09:15:02","modified_gmt":"2024-07-30T07:15:02","slug":"impacto","status":"publish","type":"page","link":"https:\/\/adultsforfuture.eu\/pt-pt\/impacto","title":{"rendered":"Impacto"},"content":{"rendered":"<style>\/*! elementor - v3.23.0 - 25-07-2024 *\/\n.elementor-column .elementor-spacer-inner{height:var(--spacer-size)}.e-con{--container-widget-width:100%}.e-con-inner>.elementor-widget-spacer,.e-con>.elementor-widget-spacer{width:var(--container-widget-width,var(--spacer-size));--align-self:var(--container-widget-align-self,initial);--flex-shrink:0}.e-con-inner>.elementor-widget-spacer>.elementor-widget-container,.e-con>.elementor-widget-spacer>.elementor-widget-container{height:100%;width:100%}.e-con-inner>.elementor-widget-spacer>.elementor-widget-container>.elementor-spacer,.e-con>.elementor-widget-spacer>.elementor-widget-container>.elementor-spacer{height:100%}.e-con-inner>.elementor-widget-spacer>.elementor-widget-container>.elementor-spacer>.elementor-spacer-inner,.e-con>.elementor-widget-spacer>.elementor-widget-container>.elementor-spacer>.elementor-spacer-inner{height:var(--container-widget-height,var(--spacer-size))}.e-con-inner>.elementor-widget-spacer.elementor-widget-empty,.e-con>.elementor-widget-spacer.elementor-widget-empty{position:relative;min-height:22px;min-width:22px}.e-con-inner>.elementor-widget-spacer.elementor-widget-empty .elementor-widget-empty-icon,.e-con>.elementor-widget-spacer.elementor-widget-empty .elementor-widget-empty-icon{position:absolute;top:0;bottom:0;left:0;right:0;margin:auto;padding:0;width:22px;height:22px}<\/style>\n<style>\/*! elementor - v3.23.0 - 25-07-2024 *\/\n.elementor-heading-title{padding:0;margin:0;line-height:1}.elementor-widget-heading .elementor-heading-title[class*=elementor-size-]>a{color:inherit;font-size:inherit;line-height:inherit}.elementor-widget-heading .elementor-heading-title.elementor-size-small{font-size:15px}.elementor-widget-heading .elementor-heading-title.elementor-size-medium{font-size:19px}.elementor-widget-heading .elementor-heading-title.elementor-size-large{font-size:29px}.elementor-widget-heading .elementor-heading-title.elementor-size-xl{font-size:39px}.elementor-widget-heading .elementor-heading-title.elementor-size-xxl{font-size:59px}<\/style>\n<h1>IMPACTO<\/h1>\n<h2>Training of trainers<\/h2>\n<p>In November 2023, Right Challenge organised a Training of Trainers for adult educators who are part of the project and outsiders. Organised by RightChallenge and supported by the project partners, the event brought together educators from across Europe to expand their expertise in promoting green activism and sustainability and to improve the course developed as part of the project.<\/p>\n<p>Over three days, participants engaged with modules on climate change, environmental education and sustainable living. Visiting local attractions such as the Biodiversity Gallery and the Botanical Gardens of Porto, the adult educators gained valuable insights and experience to inspire change in their communities.<\/p>\n<style>\/*! elementor - v3.23.0 - 25-07-2024 *\/\n.elementor-widget-image{text-align:center}.elementor-widget-image a{display:inline-block}.elementor-widget-image a img[src$=\".svg\"]{width:48px}.elementor-widget-image img{vertical-align:middle;display:inline-block}<\/style>\n<p>\t\t\t\t\t\t\t\t\t\t<img loading=\"lazy\" decoding=\"async\" width=\"800\" height=\"800\" src=\"https:\/\/adultsforfuture.eu\/wp-content\/uploads\/Training-of-trainers-1-1024x1024.png\" alt=\"\" srcset=\"https:\/\/adultsforfuture.eu\/wp-content\/uploads\/Training-of-trainers-1-1024x1024.png 1024w, https:\/\/adultsforfuture.eu\/wp-content\/uploads\/Training-of-trainers-1-300x300.png 300w, https:\/\/adultsforfuture.eu\/wp-content\/uploads\/Training-of-trainers-1-150x150.png 150w, https:\/\/adultsforfuture.eu\/wp-content\/uploads\/Training-of-trainers-1-768x768.png 768w, https:\/\/adultsforfuture.eu\/wp-content\/uploads\/Training-of-trainers-1-1536x1536.png 1536w, https:\/\/adultsforfuture.eu\/wp-content\/uploads\/Training-of-trainers-1-2048x2048.png 2048w\" sizes=\"auto, (max-width: 800px) 100vw, 800px\" \/>\t\t\t\t\t\t\t\t\t\t\t\t\t<\/p>\n<h2>Piloting<\/h2>\n<p>Check out the course being tested for the first time with real participants.<\/p>\n<style>\/*! elementor - v3.23.0 - 25-07-2024 *\/\n.elementor-widget-image-carousel .swiper,.elementor-widget-image-carousel .swiper-container{position:static}.elementor-widget-image-carousel .swiper-container .swiper-slide figure,.elementor-widget-image-carousel .swiper .swiper-slide figure{line-height:inherit}.elementor-widget-image-carousel .swiper-slide{text-align:center}.elementor-image-carousel-wrapper:not(.swiper-container-initialized):not(.swiper-initialized) .swiper-slide{max-width:calc(100% \/ var(--e-image-carousel-slides-to-show, 3))}<\/style>\n<figure><img decoding=\"async\" src=\"https:\/\/adultsforfuture.eu\/wp-content\/uploads\/Piloting2_scaled-1.png\" alt=\"Piloting2_scaled.png\" \/><\/figure>\n<figure><img decoding=\"async\" src=\"https:\/\/adultsforfuture.eu\/wp-content\/uploads\/Piloting1_scaled-1.png\" alt=\"Piloting1_scaled.png\" \/><\/figure>\n<figure><img decoding=\"async\" src=\"https:\/\/adultsforfuture.eu\/wp-content\/uploads\/Piloting_CY.png\" alt=\"Piloting_CY\" \/><\/figure>\n<figure><img decoding=\"async\" src=\"https:\/\/adultsforfuture.eu\/wp-content\/uploads\/Piloting-Portugal-1.png\" alt=\"Piloting Portugal\" \/><\/figure>\n<h2>Listen to the voices of these adults committed to a better future<\/h2>\n<p>Aqui pode encontrar uma cole\u00e7\u00e3o de v\u00eddeos que mostram o percurso inspirador de adultos mais velhos que participam no nosso projeto. Estes v\u00eddeos d\u00e3o uma ideia do impacto real do nosso trabalho &#8211; desde a partilha de experi\u00eancias a atividades intergeracionais bem sucedidas. N\u00e3o os perca e lembre-se de ativar as legendas dispon\u00edveis em espanhol, italiano, grego ou portugu\u00eas!<\/p>\n<link rel=\"stylesheet\" href=\"https:\/\/adultsforfuture.eu\/wp-content\/plugins\/elementor-pro\/assets\/css\/widget-video-playlist.min.css?ver=1722290897\">\n<h2>Playlist<\/h2>\n<p>\t\t\t\t\t\t\t\t\t\t\t\t\t\t\t3 Videos<br \/>\n\t\t\t\t\t\t\t\t\t\t\t\t\t\t\t\t\t\t\t\t\t\t\t\t\t<img decoding=\"async\" src=\"https:\/\/adultsforfuture.eu\/wp-content\/uploads\/maxresdefault-4.jpg\" alt=\"Arteterapia para idosos em Chipre\" loading=\"lazy\" \/><\/p>\n<h4>\n\t\t\t\t\t\t\t\t\t\t\t<a tabindex=\"0\">Arteterapia para idosos em Chipre<\/a><br \/>\n\t\t\t\t\t\t\t\t\t\t<\/h4>\n<p>\t\t\t\t\t\t\t\t\t\t\t\t\t\t\t\t\t\t\t\t\t1:50<br \/>\n\t\t\t\t\t\t\t\t\t\t\t\t\t\t\t\t\t\t\t\t\t\t\t\t\t<img decoding=\"async\" src=\"https:\/\/adultsforfuture.eu\/wp-content\/uploads\/hqdefault.webp\" alt=\"Aprender um Estilo de Vida Saud\u00e1vel entre Gera\u00e7\u00f5es\" loading=\"lazy\" \/><\/p>\n<h4>\n\t\t\t\t\t\t\t\t\t\t\t<a tabindex=\"0\">Aprender um Estilo de Vida Saud\u00e1vel entre Gera\u00e7\u00f5es<\/a><br \/>\n\t\t\t\t\t\t\t\t\t\t<\/h4>\n<p>\t\t\t\t\t\t\t\t\t\t\t\t\t\t\t\t\t\t\t\t\t\t\t\t\t<img decoding=\"async\" src=\"https:\/\/adultsforfuture.eu\/wp-content\/uploads\/maxresdefault-5.jpg\" alt=\"Projeto 65+ ambiente Guimar\u00e3es\" loading=\"lazy\" \/><\/p>\n<h4>\n\t\t\t\t\t\t\t\t\t\t\t<a tabindex=\"0\">Projeto 65+ ambiente Guimar\u00e3es<\/a><br \/>\n\t\t\t\t\t\t\t\t\t\t<\/h4>\n<p>\t\t\t\t\t\t\t\t\t\t\t\t\t\t\t\t\t\t\t\t\t3:16<br \/>\n\t\t\t\t\t\t\t\t\t\t\t\t<a tabindex=\"0\">Description<\/a><br \/>\n\t\t\t\t\t\t\t\t\t\t\t\t\t\t\t\t\t\t\t\t\t\t\t\tDescription\t\t\t\t\t\t\t\t\t\t\t<\/p>\n<p>Os nossos parceiros de Chipre conheceram a Sra. Anna, uma mulher na casa dos 70 anos que vive em Nic\u00f3sia, durante o projeto piloto no Centro Multifuncional de Nic\u00f3sia. A Sra. Anna contou-lhes sobre a sua atividade favorita, visitar uma galeria, conhecer pinturas e artistas e depois pintar e expressar-se.<\/p>\n<p>\t\t\t\t\t\t\t\t\t\t\t\t\t\t\t\t\t\t\t\t\t\t\t\t\t\t<button><\/button><br \/>\n\t\t\t\t\t\t\t\t\t\t\t\t\t<button><\/button><br \/>\n\t\t\t\t\t\t\t\t\t\t\t\t<a tabindex=\"0\">Description<\/a><br \/>\n\t\t\t\t\t\t\t\t\t\t\t\t<a tabindex=\"0\">Open if link is not working<\/a><br \/>\n\t\t\t\t\t\t\t\t\t\t\t\t\t\t\t\t\t\t\t\t\t\t\t\tDescription\t\t\t\t\t\t\t\t\t\t\t<\/p>\n<p>Como parte do projeto, os nossos colegas da Polygonal em Cori, It\u00e1lia, lan\u00e7aram a iniciativa: \u201cAprender um Estilo de Vida Saud\u00e1vel entre Gera\u00e7\u00f5es: Entender a origem dos ingredientes e pensar no desperd\u00edcio de alimentos!\u201d Assista a este v\u00eddeo e veja o quanto se divertiram!<\/p>\n<p>\t\t\t\t\t\t\t\t\t\t\t\t\t\t\t\t\t\t\t\t\t\t\t\t\t\t<button><\/button><br \/>\n\t\t\t\t\t\t\t\t\t\t\t\t\t<button><\/button><br \/>\n\t\t\t\t\t\t\t\t\t\t\t\t\t\t\t\t\t\t\t\t\t\t\t\tOpen if link is not working\t\t\t\t\t\t\t\t\t\t\t<\/p>\n<p>Watch this video here:\u00a0<a href=\"https:\/\/youtube.com\/shorts\/X9R6wfAToic?si=_rqI79BL-6Tw2-AR\">https:\/\/youtube.com\/shorts\/X9R6wfAToic?si=_rqI79BL-6Tw2-AR<\/a><\/p>\n<p>\t\t\t\t\t\t\t\t\t\t\t\t\t\t\t\t\t\t\t\t\t\t\t\t\t\t<button><\/button><br \/>\n\t\t\t\t\t\t\t\t\t\t\t\t\t<button><\/button><br \/>\n\t\t\t\t\t\t\t\t\t\t\t\t<a tabindex=\"0\">Description<\/a><br \/>\n\t\t\t\t\t\t\t\t\t\t\t\t\t\t\t\t\t\t\t\t\t\t\t\tDescription\t\t\t\t\t\t\t\t\t\t\t<\/p>\n<p>RightChallenge teve o prazer de descobrir a iniciativa \u201c65+ Ambiente\u201d do Laborat\u00f3rio da Paisagem em Guimar\u00e3es, Portugal. Conhe\u00e7a a organiza\u00e7\u00e3o e ou\u00e7a \u00c1lvaro falar sobre a sua pr\u00f3pria experi\u00eancia ao participar das atividades fant\u00e1sticas que organizam com os idosos, promovendo a conscientiza\u00e7\u00e3o sobre futuros e pr\u00e1ticas mais sustent\u00e1veis!<\/p>\n<p>\t\t\t\t\t\t\t\t\t\t\t\t\t\t\t\t\t\t\t\t\t\t\t\t\t\t<button><\/button><br \/>\n\t\t\t\t\t\t\t\t\t\t\t\t\t<button><\/button><\/p>\n<h2>Looking for additional resources, movies or reading material?<\/h2>\n<p>Check out the curated list we&#8217;ve compiled for you below.<\/p>\n<p>\t\t\t<a href=\"#documentales\"><br \/>\n\t\t\t\t\t\t\t\t\tDocumentaries<br \/>\n\t\t\t\t\t<\/a><br \/>\n\t\t\t<a href=\"#podcasts\"><br \/>\n\t\t\t\t\t\t\t\t\tPodcasts<br \/>\n\t\t\t\t\t<\/a><br \/>\n\t\t\t<a href=\"#youtube\"><br \/>\n\t\t\t\t\t\t\t\t\tIndividuals \/ Websites<br \/>\n\t\t\t\t\t<\/a><br \/>\n\t\t\t<a href=\"#reading\"><br \/>\n\t\t\t\t\t\t\t\t\tReading material<br \/>\n\t\t\t\t\t<\/a><br \/>\n\t\t\t\t\t\t\t\t\t\t\t\t\t<img loading=\"lazy\" decoding=\"async\" width=\"580\" height=\"838\" src=\"https:\/\/adultsforfuture.eu\/wp-content\/uploads\/Planeta_Tierra_Serie_de_TV-535384921-large-2.jpg\" alt=\"\" srcset=\"https:\/\/adultsforfuture.eu\/wp-content\/uploads\/Planeta_Tierra_Serie_de_TV-535384921-large-2.jpg 580w, https:\/\/adultsforfuture.eu\/wp-content\/uploads\/Planeta_Tierra_Serie_de_TV-535384921-large-2-208x300.jpg 208w\" sizes=\"auto, (max-width: 580px) 100vw, 580px\" \/>\t\t\t\t\t\t\t\t\t\t\t\t\t<\/p>\n<p>Planeta Terra (2006)<\/p>\n<p>\t\t\t\t\t\t\t\t\t\t\t\t\t<img loading=\"lazy\" decoding=\"async\" width=\"519\" height=\"755\" src=\"https:\/\/adultsforfuture.eu\/wp-content\/uploads\/before_the_flood-1.jpg\" alt=\"\" srcset=\"https:\/\/adultsforfuture.eu\/wp-content\/uploads\/before_the_flood-1.jpg 519w, https:\/\/adultsforfuture.eu\/wp-content\/uploads\/before_the_flood-1-206x300.jpg 206w\" sizes=\"auto, (max-width: 519px) 100vw, 519px\" \/>\t\t\t\t\t\t\t\t\t\t\t\t\t<\/p>\n<p>Antes do Dil\u00favio (2016)<\/p>\n<p>\t\t\t\t\t\t\t\t\t\t\t\t\t<img loading=\"lazy\" decoding=\"async\" width=\"365\" height=\"512\" src=\"https:\/\/adultsforfuture.eu\/wp-content\/uploads\/david-attenborough-1.jpg\" alt=\"\" srcset=\"https:\/\/adultsforfuture.eu\/wp-content\/uploads\/david-attenborough-1.jpg 365w, https:\/\/adultsforfuture.eu\/wp-content\/uploads\/david-attenborough-1-214x300.jpg 214w\" sizes=\"auto, (max-width: 365px) 100vw, 365px\" \/>\t\t\t\t\t\t\t\t\t\t\t\t\t<\/p>\n<p>David Attenborough e Nosso Planeta (2020)<\/p>\n<p>\t\t\t\t\t\t\t\t\t\t\t\t\t<img loading=\"lazy\" decoding=\"async\" width=\"600\" height=\"888\" src=\"https:\/\/adultsforfuture.eu\/wp-content\/uploads\/Cowspiracy_The_Sustainability_Secret-1-1.jpg\" alt=\"\" srcset=\"https:\/\/adultsforfuture.eu\/wp-content\/uploads\/Cowspiracy_The_Sustainability_Secret-1-1.jpg 600w, https:\/\/adultsforfuture.eu\/wp-content\/uploads\/Cowspiracy_The_Sustainability_Secret-1-1-203x300.jpg 203w\" sizes=\"auto, (max-width: 600px) 100vw, 600px\" \/>\t\t\t\t\t\t\t\t\t\t\t\t\t<\/p>\n<p>Cowspiracy &#8211; O Segredo da Sustentabilidade (2014)<\/p>\n<p>\t\t\t\t\t\t\t\t\t\t\t\t\t<img loading=\"lazy\" decoding=\"async\" width=\"702\" height=\"1000\" src=\"https:\/\/adultsforfuture.eu\/wp-content\/uploads\/inconvenient_truth-1.jpg\" alt=\"\" srcset=\"https:\/\/adultsforfuture.eu\/wp-content\/uploads\/inconvenient_truth-1.jpg 702w, https:\/\/adultsforfuture.eu\/wp-content\/uploads\/inconvenient_truth-1-211x300.jpg 211w\" sizes=\"auto, (max-width: 702px) 100vw, 702px\" \/>\t\t\t\t\t\t\t\t\t\t\t\t\t<\/p>\n<p>Uma Verdade Inconveniente (2005)<\/p>\n<p>\t\t\t\t\t\t\t\t\t\t\t\t\t<img loading=\"lazy\" decoding=\"async\" width=\"426\" height=\"597\" src=\"https:\/\/adultsforfuture.eu\/wp-content\/uploads\/My_Octopus_Teacher-767367425-large-1.jpg\" alt=\"\" srcset=\"https:\/\/adultsforfuture.eu\/wp-content\/uploads\/My_Octopus_Teacher-767367425-large-1.jpg 426w, https:\/\/adultsforfuture.eu\/wp-content\/uploads\/My_Octopus_Teacher-767367425-large-1-214x300.jpg 214w\" sizes=\"auto, (max-width: 426px) 100vw, 426px\" \/>\t\t\t\t\t\t\t\t\t\t\t\t\t<\/p>\n<p>Professor Polvo (2020)<\/p>\n<p>\t\t\t\t\t\t\t\t\t\t\t\t\t<img loading=\"lazy\" decoding=\"async\" width=\"426\" height=\"597\" src=\"https:\/\/adultsforfuture.eu\/wp-content\/uploads\/seaspiracy-1.jpg\" alt=\"\" srcset=\"https:\/\/adultsforfuture.eu\/wp-content\/uploads\/seaspiracy-1.jpg 426w, https:\/\/adultsforfuture.eu\/wp-content\/uploads\/seaspiracy-1-214x300.jpg 214w\" sizes=\"auto, (max-width: 426px) 100vw, 426px\" \/>\t\t\t\t\t\t\t\t\t\t\t\t\t<\/p>\n<p>Piratas do Mediterr\u00e2neo (2021)<\/p>\n<p>\t\t\t\t\t\t\t\t\t\t\t\t\t<img loading=\"lazy\" decoding=\"async\" width=\"256\" height=\"256\" src=\"https:\/\/adultsforfuture.eu\/wp-content\/uploads\/Ecosofia-X.jpg\" alt=\"\" srcset=\"https:\/\/adultsforfuture.eu\/wp-content\/uploads\/Ecosofia-X.jpg 256w, https:\/\/adultsforfuture.eu\/wp-content\/uploads\/Ecosofia-X-150x150.jpg 150w\" sizes=\"auto, (max-width: 256px) 100vw, 256px\" \/>\t\t\t\t\t\t\t\t\t\t\t\t\t<\/p>\n<p>&#8220;Ecosofia X&#8221; com a Cristina Gouveia e Sofia Guedes Vaz<\/p>\n<p>\t\t\t\t\t\t\t\t\t\t\t\t\t<img loading=\"lazy\" decoding=\"async\" width=\"500\" height=\"500\" src=\"https:\/\/adultsforfuture.eu\/wp-content\/uploads\/Conversas-Urbanas-do-Publico.jpg\" alt=\"\" srcset=\"https:\/\/adultsforfuture.eu\/wp-content\/uploads\/Conversas-Urbanas-do-Publico.jpg 500w, https:\/\/adultsforfuture.eu\/wp-content\/uploads\/Conversas-Urbanas-do-Publico-300x300.jpg 300w, https:\/\/adultsforfuture.eu\/wp-content\/uploads\/Conversas-Urbanas-do-Publico-150x150.jpg 150w\" sizes=\"auto, (max-width: 500px) 100vw, 500px\" \/>\t\t\t\t\t\t\t\t\t\t\t\t\t<\/p>\n<p>&#8220;Conversas Urbanas&#8221; do P\u00fablico<\/p>\n<p>\t\t\t\t\t\t\t\t\t\t\t\t\t<img loading=\"lazy\" decoding=\"async\" width=\"1200\" height=\"1200\" src=\"https:\/\/adultsforfuture.eu\/wp-content\/uploads\/TSF-Verdes-Habitos.jpg\" alt=\"\" srcset=\"https:\/\/adultsforfuture.eu\/wp-content\/uploads\/TSF-Verdes-Habitos.jpg 1200w, https:\/\/adultsforfuture.eu\/wp-content\/uploads\/TSF-Verdes-Habitos-300x300.jpg 300w, https:\/\/adultsforfuture.eu\/wp-content\/uploads\/TSF-Verdes-Habitos-1024x1024.jpg 1024w, https:\/\/adultsforfuture.eu\/wp-content\/uploads\/TSF-Verdes-Habitos-150x150.jpg 150w, https:\/\/adultsforfuture.eu\/wp-content\/uploads\/TSF-Verdes-Habitos-768x768.jpg 768w\" sizes=\"auto, (max-width: 1200px) 100vw, 1200px\" \/>\t\t\t\t\t\t\t\t\t\t\t\t\t<\/p>\n<p>&#8220;TSF &#8211; Verdes H\u00e1bitos&#8221; sobre um dia-a-dia mais sustent\u00e1vel<\/p>\n<p>\t\t\t\t\t\t\t\t\t\t\t\t\t<img loading=\"lazy\" decoding=\"async\" width=\"225\" height=\"225\" src=\"https:\/\/adultsforfuture.eu\/wp-content\/uploads\/Terra-a-Terra-Lisboa-Capital-Verde.jpg\" alt=\"\" srcset=\"https:\/\/adultsforfuture.eu\/wp-content\/uploads\/Terra-a-Terra-Lisboa-Capital-Verde.jpg 225w, https:\/\/adultsforfuture.eu\/wp-content\/uploads\/Terra-a-Terra-Lisboa-Capital-Verde-150x150.jpg 150w\" sizes=\"auto, (max-width: 225px) 100vw, 225px\" \/>\t\t\t\t\t\t\t\t\t\t\t\t\t<\/p>\n<p>&#8220;Terra a Terra&#8221;, Lisboa Capital Verde<\/p>\n<p>\t\t\t\t\t\t\t\t\t\t\t\t\t<img loading=\"lazy\" decoding=\"async\" width=\"640\" height=\"640\" src=\"https:\/\/adultsforfuture.eu\/wp-content\/uploads\/Falar-em-sustentabilidade.jpg\" alt=\"\" srcset=\"https:\/\/adultsforfuture.eu\/wp-content\/uploads\/Falar-em-sustentabilidade.jpg 640w, https:\/\/adultsforfuture.eu\/wp-content\/uploads\/Falar-em-sustentabilidade-300x300.jpg 300w, https:\/\/adultsforfuture.eu\/wp-content\/uploads\/Falar-em-sustentabilidade-150x150.jpg 150w\" sizes=\"auto, (max-width: 640px) 100vw, 640px\" \/>\t\t\t\t\t\t\t\t\t\t\t\t\t<\/p>\n<p>&#8220;Falar em sustentabilidade&#8221;<\/p>\n<p>\t\t\t\t\t\t\t\t\t\t\t\t\t<img loading=\"lazy\" decoding=\"async\" width=\"900\" height=\"900\" src=\"https:\/\/adultsforfuture.eu\/wp-content\/uploads\/Do-Zero.jpg\" alt=\"\" srcset=\"https:\/\/adultsforfuture.eu\/wp-content\/uploads\/Do-Zero.jpg 900w, https:\/\/adultsforfuture.eu\/wp-content\/uploads\/Do-Zero-300x300.jpg 300w, https:\/\/adultsforfuture.eu\/wp-content\/uploads\/Do-Zero-150x150.jpg 150w, https:\/\/adultsforfuture.eu\/wp-content\/uploads\/Do-Zero-768x768.jpg 768w\" sizes=\"auto, (max-width: 900px) 100vw, 900px\" \/>\t\t\t\t\t\t\t\t\t\t\t\t\t<\/p>\n<p>&#8220;Do Zero&#8221; com a Catarina Barreiros<\/p>\n<p>\t\t\t\t\t\t\t\t\t\t\t\t\t<img loading=\"lazy\" decoding=\"async\" width=\"1400\" height=\"1400\" src=\"https:\/\/adultsforfuture.eu\/wp-content\/uploads\/Visao-Verde.jpg\" alt=\"\" srcset=\"https:\/\/adultsforfuture.eu\/wp-content\/uploads\/Visao-Verde.jpg 1400w, https:\/\/adultsforfuture.eu\/wp-content\/uploads\/Visao-Verde-300x300.jpg 300w, https:\/\/adultsforfuture.eu\/wp-content\/uploads\/Visao-Verde-1024x1024.jpg 1024w, https:\/\/adultsforfuture.eu\/wp-content\/uploads\/Visao-Verde-150x150.jpg 150w, https:\/\/adultsforfuture.eu\/wp-content\/uploads\/Visao-Verde-768x768.jpg 768w\" sizes=\"auto, (max-width: 1400px) 100vw, 1400px\" \/>\t\t\t\t\t\t\t\t\t\t\t\t\t<\/p>\n<p>&#8220;Vis\u00e3o Verde&#8221;, Conversas com investigadores, ativistas e figuras inspiradoras sobre ambiente e sustentabilidade<\/p>\n<p>\t\t\t\t\t\t\t\t\t\t\t\t\t<img loading=\"lazy\" decoding=\"async\" width=\"500\" height=\"733\" src=\"https:\/\/adultsforfuture.eu\/wp-content\/uploads\/Semear-o-Futuro.jpg\" alt=\"\" srcset=\"https:\/\/adultsforfuture.eu\/wp-content\/uploads\/Semear-o-Futuro.jpg 500w, https:\/\/adultsforfuture.eu\/wp-content\/uploads\/Semear-o-Futuro-205x300.jpg 205w\" sizes=\"auto, (max-width: 500px) 100vw, 500px\" \/>\t\t\t\t\t\t\t\t\t\t\t\t\t<\/p>\n<p>&#8220;Semear o Futuro &#8211; A receita da Quinta das \u00c1guias para uma vida sustent\u00e1vel&#8221; de Ivone Ingen Housz e Joep Ingen Housz<\/p>\n<p>\t\t\t\t\t\t\t\t\t\t\t\t\t<img loading=\"lazy\" decoding=\"async\" width=\"1000\" height=\"1000\" src=\"https:\/\/adultsforfuture.eu\/wp-content\/uploads\/Ninguem-e-Pequeno-Demais-para-Fazer-a-Diferenca.jpg\" alt=\"\" srcset=\"https:\/\/adultsforfuture.eu\/wp-content\/uploads\/Ninguem-e-Pequeno-Demais-para-Fazer-a-Diferenca.jpg 1000w, https:\/\/adultsforfuture.eu\/wp-content\/uploads\/Ninguem-e-Pequeno-Demais-para-Fazer-a-Diferenca-300x300.jpg 300w, https:\/\/adultsforfuture.eu\/wp-content\/uploads\/Ninguem-e-Pequeno-Demais-para-Fazer-a-Diferenca-150x150.jpg 150w, https:\/\/adultsforfuture.eu\/wp-content\/uploads\/Ninguem-e-Pequeno-Demais-para-Fazer-a-Diferenca-768x768.jpg 768w\" sizes=\"auto, (max-width: 1000px) 100vw, 1000px\" \/>\t\t\t\t\t\t\t\t\t\t\t\t\t<\/p>\n<p>&#8220;Ningu\u00e9m \u00e9 Pequeno Demais para Fazer a Diferen\u00e7a&#8221; de Greta Thunberg para Salvar o Planeta<\/p>\n<p>\t\t\t\t\t\t\t\t\t\t\t\t\t<img loading=\"lazy\" decoding=\"async\" width=\"658\" height=\"1000\" src=\"https:\/\/adultsforfuture.eu\/wp-content\/uploads\/Fashionopolis.jpg\" alt=\"\" srcset=\"https:\/\/adultsforfuture.eu\/wp-content\/uploads\/Fashionopolis.jpg 658w, https:\/\/adultsforfuture.eu\/wp-content\/uploads\/Fashionopolis-197x300.jpg 197w\" sizes=\"auto, (max-width: 658px) 100vw, 658px\" \/>\t\t\t\t\t\t\t\t\t\t\t\t\t<\/p>\n<p>&#8220;Fashionopolis: o pre\u00e7o do fast-fashion e o futuro das roupas&#8221; da Dana Thomas<\/p>\n<p>\t\t\t\t\t\t\t\t\t\t\t\t\t<img loading=\"lazy\" decoding=\"async\" width=\"229\" height=\"329\" src=\"https:\/\/adultsforfuture.eu\/wp-content\/uploads\/O-Terceiro-Prato.jpg\" alt=\"\" srcset=\"https:\/\/adultsforfuture.eu\/wp-content\/uploads\/O-Terceiro-Prato.jpg 229w, https:\/\/adultsforfuture.eu\/wp-content\/uploads\/O-Terceiro-Prato-209x300.jpg 209w\" sizes=\"auto, (max-width: 229px) 100vw, 229px\" \/>\t\t\t\t\t\t\t\t\t\t\t\t\t<\/p>\n<p>&#8220;O Terceiro Prato&#8221; de Dan Barber<\/p>\n<p>\t\t\t\t\t\t\t\t\t\t\t\t\t\t<a href=\"https:\/\/www.joana-moreira.com\/\" target=\"_blank\" rel=\"noopener\"><br \/>\n\t\t\t\t\t\t\t<img loading=\"lazy\" decoding=\"async\" width=\"930\" height=\"930\" src=\"https:\/\/adultsforfuture.eu\/wp-content\/uploads\/joanamoreira-portrait-2.jpg\" alt=\"\" srcset=\"https:\/\/adultsforfuture.eu\/wp-content\/uploads\/joanamoreira-portrait-2.jpg 930w, https:\/\/adultsforfuture.eu\/wp-content\/uploads\/joanamoreira-portrait-2-300x300.jpg 300w, https:\/\/adultsforfuture.eu\/wp-content\/uploads\/joanamoreira-portrait-2-150x150.jpg 150w, https:\/\/adultsforfuture.eu\/wp-content\/uploads\/joanamoreira-portrait-2-768x768.jpg 768w\" sizes=\"auto, (max-width: 930px) 100vw, 930px\" \/>\t\t\t\t\t\t\t\t<\/a><br \/>\n\t\t<a href=\"https:\/\/www.joana-moreira.com\/\" target=\"_blank\" rel=\"noopener\">https:\/\/www.joana-moreira.com\/<\/a><\/p>\n","protected":false},"excerpt":{"rendered":"<p>IMPACTO Training of trainers In November 2023, Right Challenge organised a Training of Trainers for adult educators who are part of the project and outsiders. Organised by RightChallenge and supported by the project partners, the event brought together educators from across Europe to expand their expertise in promoting green activism and sustainability and to improve [&hellip;]<\/p>\n","protected":false},"author":4,"featured_media":0,"parent":0,"menu_order":0,"comment_status":"closed","ping_status":"closed","template":"","meta":{"footnotes":""},"class_list":["post-5418","page","type-page","status-publish","hentry"],"_links":{"self":[{"href":"https:\/\/adultsforfuture.eu\/pt-pt\/wp-json\/wp\/v2\/pages\/5418","targetHints":{"allow":["GET"]}}],"collection":[{"href":"https:\/\/adultsforfuture.eu\/pt-pt\/wp-json\/wp\/v2\/pages"}],"about":[{"href":"https:\/\/adultsforfuture.eu\/pt-pt\/wp-json\/wp\/v2\/types\/page"}],"author":[{"embeddable":true,"href":"https:\/\/adultsforfuture.eu\/pt-pt\/wp-json\/wp\/v2\/users\/4"}],"replies":[{"embeddable":true,"href":"https:\/\/adultsforfuture.eu\/pt-pt\/wp-json\/wp\/v2\/comments?post=5418"}],"version-history":[{"count":46,"href":"https:\/\/adultsforfuture.eu\/pt-pt\/wp-json\/wp\/v2\/pages\/5418\/revisions"}],"predecessor-version":[{"id":8425,"href":"https:\/\/adultsforfuture.eu\/pt-pt\/wp-json\/wp\/v2\/pages\/5418\/revisions\/8425"}],"wp:attachment":[{"href":"https:\/\/adultsforfuture.eu\/pt-pt\/wp-json\/wp\/v2\/media?parent=5418"}],"curies":[{"name":"wp","href":"https:\/\/api.w.org\/{rel}","templated":true}]}}