{"id":2610,"date":"2024-01-26T10:47:41","date_gmt":"2024-01-26T09:47:41","guid":{"rendered":"https:\/\/adultsforfuture.eu\/?page_id=2610"},"modified":"2024-07-15T11:51:52","modified_gmt":"2024-07-15T09:51:52","slug":"online-course-pt","status":"publish","type":"page","link":"https:\/\/adultsforfuture.eu\/pt-pt\/online-course-pt","title":{"rendered":"Curso online"},"content":{"rendered":"<style>\/*! elementor - v3.22.0 - 26-06-2024 *\/<br \/>\n.elementor-column .elementor-spacer-inner{height:var(--spacer-size)}.e-con{--container-widget-width:100%}.e-con-inner>.elementor-widget-spacer,.e-con>.elementor-widget-spacer{width:var(--container-widget-width,var(--spacer-size));--align-self:var(--container-widget-align-self,initial);--flex-shrink:0}.e-con-inner>.elementor-widget-spacer>.elementor-widget-container,.e-con>.elementor-widget-spacer>.elementor-widget-container{height:100%;width:100%}.e-con-inner>.elementor-widget-spacer>.elementor-widget-container>.elementor-spacer,.e-con>.elementor-widget-spacer>.elementor-widget-container>.elementor-spacer{height:100%}.e-con-inner>.elementor-widget-spacer>.elementor-widget-container>.elementor-spacer>.elementor-spacer-inner,.e-con>.elementor-widget-spacer>.elementor-widget-container>.elementor-spacer>.elementor-spacer-inner{height:var(--container-widget-height,var(--spacer-size))}.e-con-inner>.elementor-widget-spacer.elementor-widget-empty,.e-con>.elementor-widget-spacer.elementor-widget-empty{position:relative;min-height:22px;min-width:22px}.e-con-inner>.elementor-widget-spacer.elementor-widget-empty .elementor-widget-empty-icon,.e-con>.elementor-widget-spacer.elementor-widget-empty .elementor-widget-empty-icon{position:absolute;top:0;bottom:0;left:0;right:0;margin:auto;padding:0;width:22px;height:22px}<\/style>\n<style>\/*! elementor - v3.22.0 - 26-06-2024 *\/<br \/>\n.elementor-heading-title{padding:0;margin:0;line-height:1}.elementor-widget-heading .elementor-heading-title[class*=elementor-size-]>a{color:inherit;font-size:inherit;line-height:inherit}.elementor-widget-heading .elementor-heading-title.elementor-size-small{font-size:15px}.elementor-widget-heading .elementor-heading-title.elementor-size-medium{font-size:19px}.elementor-widget-heading .elementor-heading-title.elementor-size-large{font-size:29px}.elementor-widget-heading .elementor-heading-title.elementor-size-xl{font-size:39px}.elementor-widget-heading .elementor-heading-title.elementor-size-xxl{font-size:59px}<\/style>\n<h1>CURSO ONLINE<\/h1>\n<p>Quando se trata de atribuir culpas pelo estado do nosso planeta, os adultos mais velhos s\u00e3o muitas vezes os principais culpados. Mas e se lhe dissermos que eles t\u00eam o potencial de serem os nossos maiores aliados na luta pela sustentabilidade?<\/p>\n<p>Aqui encontrar\u00e1 o nosso curso &#8211; uma colabora\u00e7\u00e3o de educadores e formadores empenhados em desbloquear o potencial ecol\u00f3gico dos adultos mais velhos. O nosso material de forma\u00e7\u00e3o \u00e9 mais do que apenas teoria; \u00e9 uma mistura din\u00e2mica de teoria e pr\u00e1tica com o objetivo de criar uma mudan\u00e7a real.<\/p>\n<p>Encontrar\u00e1 cen\u00e1rios do quotidiano em que os adultos mais velhos se podem tornar defensores do ativismo ambiental. Desde a compreens\u00e3o das altera\u00e7\u00f5es clim\u00e1ticas at\u00e9 \u00e0 escolha de estilos de vida sustent\u00e1veis, cada m\u00f3dulo foi cuidadosamente concebido para dar aos educadores de adultos as ferramentas de que necessitam para orientar os adultos mais velhos na sua jornada.<\/p>\n<style>\/*! elementor - v3.22.0 - 26-06-2024 *\/<br \/>\n.elementor-widget-image{text-align:center}.elementor-widget-image a{display:inline-block}.elementor-widget-image a img[src$=\".svg\"]{width:48px}.elementor-widget-image img{vertical-align:middle;display:inline-block}<\/style>\n<p><img loading=\"lazy\" decoding=\"async\" src=\"https:\/\/adultsforfuture.eu\/wp-content\/uploads\/tragedy-commons-1-scaled-1-1-2048x1326.jpg\" sizes=\"auto, (max-width: 800px) 100vw, 800px\" srcset=\"https:\/\/adultsforfuture.eu\/wp-content\/uploads\/tragedy-commons-1-scaled-1-1-2048x1326.jpg 2048w, https:\/\/adultsforfuture.eu\/wp-content\/uploads\/tragedy-commons-1-scaled-1-1-300x194.jpg 300w, https:\/\/adultsforfuture.eu\/wp-content\/uploads\/tragedy-commons-1-scaled-1-1-1024x663.jpg 1024w, https:\/\/adultsforfuture.eu\/wp-content\/uploads\/tragedy-commons-1-scaled-1-1-768x497.jpg 768w, https:\/\/adultsforfuture.eu\/wp-content\/uploads\/tragedy-commons-1-scaled-1-1-1536x995.jpg 1536w\" alt=\"\" width=\"800\" height=\"518\" \/><\/p>\n<h2>Modulo 1 &#8211; Altera\u00e7\u00f5es Clim\u00e1ticas e Literacia Ambiental<\/h2>\n<p>Nesta unidade, aprender\u00e1 conceitos b\u00e1sicos sobre as altera\u00e7\u00f5es clim\u00e1ticas, especialmente no que diz respeito a quest\u00f5es quotidianas, como a qualidade do ar&#8230;<\/p>\n<p><a href=\"https:\/\/adultsforfuture.eu\/pt-pt\/online-course-pt\/modulo-1\"><br \/>\nIniciar m\u00f3dulo<br \/>\n<\/a><br \/>\n<img loading=\"lazy\" decoding=\"async\" src=\"https:\/\/adultsforfuture.eu\/wp-content\/uploads\/everyday-habit-scaled-1-1-2048x1366.jpg\" sizes=\"auto, (max-width: 800px) 100vw, 800px\" srcset=\"https:\/\/adultsforfuture.eu\/wp-content\/uploads\/everyday-habit-scaled-1-1-2048x1366.jpg 2048w, https:\/\/adultsforfuture.eu\/wp-content\/uploads\/everyday-habit-scaled-1-1-300x200.jpg 300w, https:\/\/adultsforfuture.eu\/wp-content\/uploads\/everyday-habit-scaled-1-1-1024x683.jpg 1024w, https:\/\/adultsforfuture.eu\/wp-content\/uploads\/everyday-habit-scaled-1-1-768x512.jpg 768w, https:\/\/adultsforfuture.eu\/wp-content\/uploads\/everyday-habit-scaled-1-1-1536x1024.jpg 1536w\" alt=\"\" width=\"800\" height=\"534\" \/><\/p>\n<h2>M\u00f3dulo 2 &#8211; Vida Sustent\u00e1vel e Pegada Ambiental Individual<\/h2>\n<p>Nesta unidade, aprender\u00e1 os principais conceitos sobre vida sustent\u00e1vel e sobre como medir e quais as medidas concretas a tomar para se tornar \u201cmais verde\u201d&#8230;<\/p>\n<p><a href=\"https:\/\/adultsforfuture.eu\/pt-pt\/online-course-pt\/modulo-2\"><br \/>\nIniciar m\u00f3dulo<br \/>\n<\/a><br \/>\n<img loading=\"lazy\" decoding=\"async\" src=\"https:\/\/adultsforfuture.eu\/wp-content\/uploads\/green-investments2-scaled-1-1-2048x1150.jpg\" sizes=\"auto, (max-width: 800px) 100vw, 800px\" srcset=\"https:\/\/adultsforfuture.eu\/wp-content\/uploads\/green-investments2-scaled-1-1-2048x1150.jpg 2048w, https:\/\/adultsforfuture.eu\/wp-content\/uploads\/green-investments2-scaled-1-1-300x169.jpg 300w, https:\/\/adultsforfuture.eu\/wp-content\/uploads\/green-investments2-scaled-1-1-1024x575.jpg 1024w, https:\/\/adultsforfuture.eu\/wp-content\/uploads\/green-investments2-scaled-1-1-768x431.jpg 768w, https:\/\/adultsforfuture.eu\/wp-content\/uploads\/green-investments2-scaled-1-1-1536x863.jpg 1536w\" alt=\"\" width=\"800\" height=\"449\" \/><\/p>\n<h2>M\u00f3dulo 3 &#8211; Investimentos Sustent\u00e1veis<\/h2>\n<p>Nesta unidade, aprender\u00e1 o conceito de investimentos verdes, compreender\u00e1 os seus benef\u00edcios e aprender\u00e1 a informar-se financeiramente&#8230;<\/p>\n<p><a href=\"https:\/\/adultsforfuture.eu\/pt-pt\/online-course-pt\/modulo-3\"><br \/>\nIniciar m\u00f3dulo<br \/>\n<\/a><br \/>\n<img loading=\"lazy\" decoding=\"async\" src=\"https:\/\/adultsforfuture.eu\/wp-content\/uploads\/communication-green-scaled-1-1-1024x576.jpg\" sizes=\"auto, (max-width: 800px) 100vw, 800px\" srcset=\"https:\/\/adultsforfuture.eu\/wp-content\/uploads\/communication-green-scaled-1-1-1024x576.jpg 1024w, https:\/\/adultsforfuture.eu\/wp-content\/uploads\/communication-green-scaled-1-1-300x169.jpg 300w, https:\/\/adultsforfuture.eu\/wp-content\/uploads\/communication-green-scaled-1-1-768x432.jpg 768w, https:\/\/adultsforfuture.eu\/wp-content\/uploads\/communication-green-scaled-1-1-1536x864.jpg 1536w, https:\/\/adultsforfuture.eu\/wp-content\/uploads\/communication-green-scaled-1-1-2048x1152.jpg 2048w\" alt=\"\" width=\"800\" height=\"450\" \/><\/p>\n<h2>M\u00f3dulo 4 &#8211; Comunica\u00e7\u00e3o e ativismo ambiental<\/h2>\n<p>Nesta unidade, aprender\u00e1 a comunicar eficazmente e a defender pr\u00e1ticas ecol\u00f3gicas, a sustentabilidade ambiental e o envolvimento da comunidade&#8230;<\/p>\n<p><a href=\"https:\/\/adultsforfuture.eu\/pt-pt\/online-course-pt\/modulo-4\"><br \/>\nIniciar m\u00f3dulo<br \/>\n<\/a><br \/>\n<img loading=\"lazy\" decoding=\"async\" src=\"https:\/\/adultsforfuture.eu\/wp-content\/uploads\/volunteer-scaled-1-1-1024x682.jpg\" sizes=\"auto, (max-width: 800px) 100vw, 800px\" srcset=\"https:\/\/adultsforfuture.eu\/wp-content\/uploads\/volunteer-scaled-1-1-1024x682.jpg 1024w, https:\/\/adultsforfuture.eu\/wp-content\/uploads\/volunteer-scaled-1-1-300x200.jpg 300w, https:\/\/adultsforfuture.eu\/wp-content\/uploads\/volunteer-scaled-1-1-768x512.jpg 768w, https:\/\/adultsforfuture.eu\/wp-content\/uploads\/volunteer-scaled-1-1-1536x1024.jpg 1536w, https:\/\/adultsforfuture.eu\/wp-content\/uploads\/volunteer-scaled-1-1-2048x1365.jpg 2048w\" alt=\"\" width=\"800\" height=\"533\" \/><\/p>\n<h2>M\u00f3dulo 5 &#8211; Compet\u00eancias de Colabora\u00e7\u00e3o para Iniciativas Ecol\u00f3gicas Locais<\/h2>\n<p>Nesta unidade, ser\u00e1 capaz de identificar as principais barreiras e oportunidades de colabora\u00e7\u00e3o para promover iniciativas ecol\u00f3gicas e refor\u00e7ar o envolvimento dos adultos&#8230;<\/p>\n<p><a href=\"https:\/\/adultsforfuture.eu\/pt-pt\/online-course-pt\/modulo-5\"><br \/>\nIniciar m\u00f3dulo<br \/>\n<\/a><br \/>\n<img loading=\"lazy\" decoding=\"async\" src=\"https:\/\/adultsforfuture.eu\/wp-content\/uploads\/wildfire-scaled-1-1-1024x669.jpg\" sizes=\"auto, (max-width: 800px) 100vw, 800px\" srcset=\"https:\/\/adultsforfuture.eu\/wp-content\/uploads\/wildfire-scaled-1-1-1024x669.jpg 1024w, https:\/\/adultsforfuture.eu\/wp-content\/uploads\/wildfire-scaled-1-1-300x196.jpg 300w, https:\/\/adultsforfuture.eu\/wp-content\/uploads\/wildfire-scaled-1-1-768x502.jpg 768w, https:\/\/adultsforfuture.eu\/wp-content\/uploads\/wildfire-scaled-1-1-1536x1003.jpg 1536w, https:\/\/adultsforfuture.eu\/wp-content\/uploads\/wildfire-scaled-1-1-2048x1338.jpg 2048w\" alt=\"\" width=\"800\" height=\"523\" \/><\/p>\n<h2>M\u00f3dulo 6 &#8211; Resili\u00eancia e Adapta\u00e7\u00e3o \u00e0 Mudan\u00e7a<\/h2>\n<p>Nesta unidade ir\u00e1 aprender\/ ser capaz de identificar e descrever os principais elementos de resili\u00eancia e adapta\u00e7\u00e3o para uma vida saud\u00e1vel e equilibrada&#8230;<\/p>\n<p><a href=\"https:\/\/adultsforfuture.eu\/pt-pt\/online-course-pt\/modulo-6\"><br \/>\nIniciar m\u00f3dulo<br \/>\n<\/a><br \/>\n<img loading=\"lazy\" decoding=\"async\" src=\"https:\/\/adultsforfuture.eu\/wp-content\/uploads\/environmental-engagement-scaled-1-1-1024x576.jpg\" sizes=\"auto, (max-width: 800px) 100vw, 800px\" srcset=\"https:\/\/adultsforfuture.eu\/wp-content\/uploads\/environmental-engagement-scaled-1-1-1024x576.jpg 1024w, https:\/\/adultsforfuture.eu\/wp-content\/uploads\/environmental-engagement-scaled-1-1-300x169.jpg 300w, https:\/\/adultsforfuture.eu\/wp-content\/uploads\/environmental-engagement-scaled-1-1-768x432.jpg 768w, https:\/\/adultsforfuture.eu\/wp-content\/uploads\/environmental-engagement-scaled-1-1-1536x865.jpg 1536w, https:\/\/adultsforfuture.eu\/wp-content\/uploads\/environmental-engagement-scaled-1-1-2048x1153.jpg 2048w\" alt=\"\" width=\"800\" height=\"450\" \/><\/p>\n<h2>M\u00f3dulo 7 &#8211; Participa\u00e7\u00e3o Ambiental Online<\/h2>\n<p>Nesta unidade, aprender\u00e1 \/ ser\u00e1 capaz de identificar os principais elementos da participa\u00e7\u00e3o online e da marca pessoal digital para incentivar a\u00e7\u00f5es pr\u00f3-ambientais&#8230;<\/p>\n<p><a href=\"https:\/\/adultsforfuture.eu\/pt-pt\/online-course-pt\/modulo-7\"><br \/>\nIniciar m\u00f3dulo<br \/>\n<\/a><br \/>\n<img loading=\"lazy\" decoding=\"async\" src=\"https:\/\/adultsforfuture.eu\/wp-content\/uploads\/stereotypes-scaled-1-1-1024x683.jpg\" sizes=\"auto, (max-width: 800px) 100vw, 800px\" srcset=\"https:\/\/adultsforfuture.eu\/wp-content\/uploads\/stereotypes-scaled-1-1-1024x683.jpg 1024w, https:\/\/adultsforfuture.eu\/wp-content\/uploads\/stereotypes-scaled-1-1-300x200.jpg 300w, https:\/\/adultsforfuture.eu\/wp-content\/uploads\/stereotypes-scaled-1-1-768x512.jpg 768w, https:\/\/adultsforfuture.eu\/wp-content\/uploads\/stereotypes-scaled-1-1-1536x1024.jpg 1536w, https:\/\/adultsforfuture.eu\/wp-content\/uploads\/stereotypes-scaled-1-1-2048x1366.jpg 2048w\" alt=\"\" width=\"800\" height=\"534\" \/><\/p>\n<h2>M\u00f3dulo 8 &#8211; Colabora\u00e7\u00e3o Intergeracional<\/h2>\n<p>Nesta unidade, aprender\u00e1 a identificar e a descrever o conceito de colabora\u00e7\u00e3o intergeracional para a mudan\u00e7a ambiental; a definir os benef\u00edcios&#8230;<\/p>\n<p><a href=\"https:\/\/adultsforfuture.eu\/pt-pt\/online-course-pt\/modulo-8\"><br \/>\nIniciar m\u00f3dulo<br \/>\n<\/a><\/p>\n","protected":false},"excerpt":{"rendered":"<p>CURSO ONLINE Quando se trata de atribuir culpas pelo estado do nosso planeta, os adultos mais velhos s\u00e3o muitas vezes os principais culpados. Mas e se lhe dissermos que eles t\u00eam o potencial de serem os nossos maiores aliados na luta pela sustentabilidade? Aqui encontrar\u00e1 o nosso curso &#8211; uma colabora\u00e7\u00e3o de educadores e formadores [&hellip;]<\/p>\n","protected":false},"author":4,"featured_media":0,"parent":0,"menu_order":0,"comment_status":"closed","ping_status":"closed","template":"","meta":{"footnotes":""},"class_list":["post-2610","page","type-page","status-publish","hentry"],"_links":{"self":[{"href":"https:\/\/adultsforfuture.eu\/pt-pt\/wp-json\/wp\/v2\/pages\/2610","targetHints":{"allow":["GET"]}}],"collection":[{"href":"https:\/\/adultsforfuture.eu\/pt-pt\/wp-json\/wp\/v2\/pages"}],"about":[{"href":"https:\/\/adultsforfuture.eu\/pt-pt\/wp-json\/wp\/v2\/types\/page"}],"author":[{"embeddable":true,"href":"https:\/\/adultsforfuture.eu\/pt-pt\/wp-json\/wp\/v2\/users\/4"}],"replies":[{"embeddable":true,"href":"https:\/\/adultsforfuture.eu\/pt-pt\/wp-json\/wp\/v2\/comments?post=2610"}],"version-history":[{"count":14,"href":"https:\/\/adultsforfuture.eu\/pt-pt\/wp-json\/wp\/v2\/pages\/2610\/revisions"}],"predecessor-version":[{"id":7993,"href":"https:\/\/adultsforfuture.eu\/pt-pt\/wp-json\/wp\/v2\/pages\/2610\/revisions\/7993"}],"wp:attachment":[{"href":"https:\/\/adultsforfuture.eu\/pt-pt\/wp-json\/wp\/v2\/media?parent=2610"}],"curies":[{"name":"wp","href":"https:\/\/api.w.org\/{rel}","templated":true}]}}