{"id":691,"date":"2023-02-22T17:29:04","date_gmt":"2023-02-22T16:29:04","guid":{"rendered":"https:\/\/adultsforfuture.eu\/our-partners"},"modified":"2024-07-15T12:12:20","modified_gmt":"2024-07-15T10:12:20","slug":"our-partners","status":"publish","type":"page","link":"https:\/\/adultsforfuture.eu\/it\/our-partners","title":{"rendered":"Chi siamo"},"content":{"rendered":"<style>\/*! elementor - v3.21.0 - 20-05-2024 *\/\n.elementor-column .elementor-spacer-inner{height:var(--spacer-size)}.e-con{--container-widget-width:100%}.e-con-inner>.elementor-widget-spacer,.e-con>.elementor-widget-spacer{width:var(--container-widget-width,var(--spacer-size));--align-self:var(--container-widget-align-self,initial);--flex-shrink:0}.e-con-inner>.elementor-widget-spacer>.elementor-widget-container,.e-con>.elementor-widget-spacer>.elementor-widget-container{height:100%;width:100%}.e-con-inner>.elementor-widget-spacer>.elementor-widget-container>.elementor-spacer,.e-con>.elementor-widget-spacer>.elementor-widget-container>.elementor-spacer{height:100%}.e-con-inner>.elementor-widget-spacer>.elementor-widget-container>.elementor-spacer>.elementor-spacer-inner,.e-con>.elementor-widget-spacer>.elementor-widget-container>.elementor-spacer>.elementor-spacer-inner{height:var(--container-widget-height,var(--spacer-size))}.e-con-inner>.elementor-widget-spacer.elementor-widget-empty,.e-con>.elementor-widget-spacer.elementor-widget-empty{position:relative;min-height:22px;min-width:22px}.e-con-inner>.elementor-widget-spacer.elementor-widget-empty .elementor-widget-empty-icon,.e-con>.elementor-widget-spacer.elementor-widget-empty .elementor-widget-empty-icon{position:absolute;top:0;bottom:0;left:0;right:0;margin:auto;padding:0;width:22px;height:22px}<\/style>\n<style>\/*! elementor - v3.21.0 - 20-05-2024 *\/\n.elementor-heading-title{padding:0;margin:0;line-height:1}.elementor-widget-heading .elementor-heading-title[class*=elementor-size-]>a{color:inherit;font-size:inherit;line-height:inherit}.elementor-widget-heading .elementor-heading-title.elementor-size-small{font-size:15px}.elementor-widget-heading .elementor-heading-title.elementor-size-medium{font-size:19px}.elementor-widget-heading .elementor-heading-title.elementor-size-large{font-size:29px}.elementor-widget-heading .elementor-heading-title.elementor-size-xl{font-size:39px}.elementor-widget-heading .elementor-heading-title.elementor-size-xxl{font-size:59px}<\/style>\n<h1>CHI SIAMO<\/h1>\n<p>Siamo un gruppo di varie organizzazioni che condividono i valori che ci hanno portato a dar vita a questo progetto: la passione per l&#8217;attivismo ambientale, l&#8217;importanza di coinvolgere gli anziani nei dibattiti moderni e, soprattutto, la consapevolezza che ogni conversazione \u00e8 preziosa e che c&#8217;\u00e8 sempre qualcosa da imparare da ogni persona, sfida o momento.<\/p>\n<p>Ecco le nostre presentazioni!<\/p>\n<h4>Coordinatore<\/h4>\n<style>\/*! elementor - v3.21.0 - 20-05-2024 *\/\n.elementor-widget-image{text-align:center}.elementor-widget-image a{display:inline-block}.elementor-widget-image a img[src$=\".svg\"]{width:48px}.elementor-widget-image img{vertical-align:middle;display:inline-block}<\/style>\n<p>\t\t\t\t\t\t\t\t\t\t\t<a href=\"https:\/\/domspain.eu\/\" target=\"_blank\" rel=\"noopener\"><br \/>\n\t\t\t\t\t\t\t<img decoding=\"async\" src=\"https:\/\/adultsforfuture.eu\/wp-content\/uploads\/elementor\/thumbs\/domspain-1-qdp3x7vzmieartbqvseexz8alpn94r7xn1kkplh02o.png\" title=\"domspain 1\" alt=\"domspain 1\" loading=\"lazy\" \/>\t\t\t\t\t\t\t\t<\/a><\/p>\n<style>\/*! elementor - v3.21.0 - 20-05-2024 *\/\n.elementor-widget-social-icons.elementor-grid-0 .elementor-widget-container,.elementor-widget-social-icons.elementor-grid-mobile-0 .elementor-widget-container,.elementor-widget-social-icons.elementor-grid-tablet-0 .elementor-widget-container{line-height:1;font-size:0}.elementor-widget-social-icons:not(.elementor-grid-0):not(.elementor-grid-tablet-0):not(.elementor-grid-mobile-0) .elementor-grid{display:inline-grid}.elementor-widget-social-icons .elementor-grid{grid-column-gap:var(--grid-column-gap,5px);grid-row-gap:var(--grid-row-gap,5px);grid-template-columns:var(--grid-template-columns);justify-content:var(--justify-content,center);justify-items:var(--justify-content,center)}.elementor-icon.elementor-social-icon{font-size:var(--icon-size,25px);line-height:var(--icon-size,25px);width:calc(var(--icon-size, 25px) + 2 * var(--icon-padding, .5em));height:calc(var(--icon-size, 25px) + 2 * var(--icon-padding, .5em))}.elementor-social-icon{--e-social-icon-icon-color:#fff;display:inline-flex;background-color:#69727d;align-items:center;justify-content:center;text-align:center;cursor:pointer}.elementor-social-icon i{color:var(--e-social-icon-icon-color)}.elementor-social-icon svg{fill:var(--e-social-icon-icon-color)}.elementor-social-icon:last-child{margin:0}.elementor-social-icon:hover{opacity:.9;color:#fff}.elementor-social-icon-android{background-color:#a4c639}.elementor-social-icon-apple{background-color:#999}.elementor-social-icon-behance{background-color:#1769ff}.elementor-social-icon-bitbucket{background-color:#205081}.elementor-social-icon-codepen{background-color:#000}.elementor-social-icon-delicious{background-color:#39f}.elementor-social-icon-deviantart{background-color:#05cc47}.elementor-social-icon-digg{background-color:#005be2}.elementor-social-icon-dribbble{background-color:#ea4c89}.elementor-social-icon-elementor{background-color:#d30c5c}.elementor-social-icon-envelope{background-color:#ea4335}.elementor-social-icon-facebook,.elementor-social-icon-facebook-f{background-color:#3b5998}.elementor-social-icon-flickr{background-color:#0063dc}.elementor-social-icon-foursquare{background-color:#2d5be3}.elementor-social-icon-free-code-camp,.elementor-social-icon-freecodecamp{background-color:#006400}.elementor-social-icon-github{background-color:#333}.elementor-social-icon-gitlab{background-color:#e24329}.elementor-social-icon-globe{background-color:#69727d}.elementor-social-icon-google-plus,.elementor-social-icon-google-plus-g{background-color:#dd4b39}.elementor-social-icon-houzz{background-color:#7ac142}.elementor-social-icon-instagram{background-color:#262626}.elementor-social-icon-jsfiddle{background-color:#487aa2}.elementor-social-icon-link{background-color:#818a91}.elementor-social-icon-linkedin,.elementor-social-icon-linkedin-in{background-color:#0077b5}.elementor-social-icon-medium{background-color:#00ab6b}.elementor-social-icon-meetup{background-color:#ec1c40}.elementor-social-icon-mixcloud{background-color:#273a4b}.elementor-social-icon-odnoklassniki{background-color:#f4731c}.elementor-social-icon-pinterest{background-color:#bd081c}.elementor-social-icon-product-hunt{background-color:#da552f}.elementor-social-icon-reddit{background-color:#ff4500}.elementor-social-icon-rss{background-color:#f26522}.elementor-social-icon-shopping-cart{background-color:#4caf50}.elementor-social-icon-skype{background-color:#00aff0}.elementor-social-icon-slideshare{background-color:#0077b5}.elementor-social-icon-snapchat{background-color:#fffc00}.elementor-social-icon-soundcloud{background-color:#f80}.elementor-social-icon-spotify{background-color:#2ebd59}.elementor-social-icon-stack-overflow{background-color:#fe7a15}.elementor-social-icon-steam{background-color:#00adee}.elementor-social-icon-stumbleupon{background-color:#eb4924}.elementor-social-icon-telegram{background-color:#2ca5e0}.elementor-social-icon-threads{background-color:#000}.elementor-social-icon-thumb-tack{background-color:#1aa1d8}.elementor-social-icon-tripadvisor{background-color:#589442}.elementor-social-icon-tumblr{background-color:#35465c}.elementor-social-icon-twitch{background-color:#6441a5}.elementor-social-icon-twitter{background-color:#1da1f2}.elementor-social-icon-viber{background-color:#665cac}.elementor-social-icon-vimeo{background-color:#1ab7ea}.elementor-social-icon-vk{background-color:#45668e}.elementor-social-icon-weibo{background-color:#dd2430}.elementor-social-icon-weixin{background-color:#31a918}.elementor-social-icon-whatsapp{background-color:#25d366}.elementor-social-icon-wordpress{background-color:#21759b}.elementor-social-icon-x-twitter{background-color:#000}.elementor-social-icon-xing{background-color:#026466}.elementor-social-icon-yelp{background-color:#af0606}.elementor-social-icon-youtube{background-color:#cd201f}.elementor-social-icon-500px{background-color:#0099e5}.elementor-shape-rounded .elementor-icon.elementor-social-icon{border-radius:10%}.elementor-shape-circle .elementor-icon.elementor-social-icon{border-radius:50%}<\/style>\n<p>\t\t\t\t\t<a href=\"https:\/\/www.facebook.com\/DomSpainReus\" target=\"_blank\" rel=\"noopener\"><br \/>\n\t\t\t\t\t\tFacebook<br \/>\n\t\t\t\t\t\t\t\t\t\t\t<\/a><br \/>\n\t\t\t\t\t<a href=\"https:\/\/domspain.eu\/\" target=\"_blank\" rel=\"noopener\"><br \/>\n\t\t\t\t\t\tGlobe<br \/>\n\t\t\t\t\t\t\t\t\t\t\t<\/a><\/p>\n<h2>DomSpain<\/h2>\n<p>DomSpain \u00e8 una societ\u00e0 di formazione e consulenza che opera a livello nazionale e internazionale. Offre una vasta gamma di servizi ai settori pubblico e privato in Spagna e partecipa attivamente a programmi internazionali attraverso una rete consolidata di partner all&#8217;estero. DomSpain ha un team altamente qualificato nel campo delle tecnologie dell&#8217;informazione che ha realizzato vari progetti a livello nazionale e internazionale per sviluppare piattaforme educative. DomSpain \u00e8 membro di EAEA, EFVET e dell&#8217;International E-Learning Association, una rete internazionale di professionisti, ricercatori e studenti di e-learning, e partecipa al Patto UE per le competenze.<\/p>\n<p>Il dipartimento di formazione di DomSpain sviluppa programmi educativi in quattro direzioni principali:<\/p>\n<ul>\n<li>Corsi e workshop per studenti adulti, compresi lingue straniere, TIC, corsi di cucina, corsi di danza e corsi di sviluppo personale.<\/li>\n<li>Formazione professionale: TIC, lingue straniere, competenze di impiego, apprendimento correlato al lavoro.<\/li>\n<li>Formazione per educatori con un focus sull&#8217;improvimento delle competenze in lingue straniere, sull&#8217;uso degli strumenti digitali e sui nuovi metodi di insegnamento, apprendimento misto.<\/li>\n<li>Attivit\u00e0 extracurricolari per studenti e genitori, tra cui lingue straniere, robotica, programmazione e sicurezza su internet.<\/li>\n<\/ul>\n<h2>Eurosuccess<\/h2>\n<p>Eurosuccess Consulting \u00e8 un&#8217;organizzazione di consulenza e formazione attiva nel campo della gestione dei progetti, della formazione e dei servizi di consulenza. Attraverso un team dinamico di giovani scienziati, fornisce un pacchetto completo di servizi che affrontano le esigenze di vari gruppi target e organizzazioni, riguardanti le loro opportunit\u00e0 di apprendimento permanente, a Cipro e all&#8217;estero.<\/p>\n<p>\t\t\t\t\t\t\t\t\t\t\t\t\t\t<a href=\"https:\/\/www.eurosc.eu\/en\/\"><br \/>\n\t\t\t\t\t\t\t<img decoding=\"async\" src=\"https:\/\/adultsforfuture.eu\/wp-content\/uploads\/elementor\/thumbs\/EUROSC-logo-TRANSPARENT-1-qdp0x1mn3wbcncgdjj32hrxlictkaqrzrmrxg7v09u.png\" title=\"EUROSC-logo-TRANSPARENT.png\" alt=\"EUROSC-logo-TRANSPARENT.png\" loading=\"lazy\" \/>\t\t\t\t\t\t\t\t<\/a><br \/>\n\t\t\t\t\t<a href=\"https:\/\/www.facebook.com\/eurosuccessconsulting\/\" target=\"_blank\" rel=\"noopener\"><br \/>\n\t\t\t\t\t\tFacebook<br \/>\n\t\t\t\t\t\t\t\t\t\t\t<\/a><br \/>\n\t\t\t\t\t<a href=\"https:\/\/www.eurosc.eu\/en\/\" target=\"_blank\" rel=\"noopener\"><br \/>\n\t\t\t\t\t\tGlobe<br \/>\n\t\t\t\t\t\t\t\t\t\t\t<\/a><\/p>\n<p>Eurosuccess Consulting ha partecipato a pi\u00f9 di ottantacinque (85) programmi di apprendimento permanente, ERASMUS+, programmi dell&#8217;Unione europea per la giustizia, nonch\u00e9 a programmi di ricerca nazionali finanziati (Fondazione per la ricerca e l&#8217;innovazione) &#8211; in cinque di questi come coordinatore. Eurosuccess Consulting ha ampia esperienza nello sviluppo di soluzioni di formazione ed educative (materiale di formazione tradizionale, soluzioni di e-learning e strumenti ICT per la valutazione delle competenze). Inoltre, l&#8217;organizzazione \u00e8 attiva in vari settori: Formazione professionale, Giovent\u00f9, Adulti ed Educazione Scolastica, e sostiene lo sviluppo di vari gruppi sociali, tra cui gruppi vulnerabili della societ\u00e0 come persone appartenenti al gruppo NEET, prigionieri ed ex-detenuti.<\/p>\n<p>Inoltre, Eurosuccess Consulting \u00e8 un centro di formazione professionale accreditato dall&#8217;Autorit\u00e0 per lo sviluppo delle risorse umane di Cipro, l&#8217;autorit\u00e0 pubblica competente per la formazione e l&#8217;istruzione, nonch\u00e9 dall&#8217;Aristotele Certification Training &amp; Assessment (AcTA). Inoltre, Eurosuccess \u00e8 membro delle seguenti associazioni e forum: Forum europeo per l&#8217;educazione e la formazione professionale (EfVET), Rete europea di politica sulle competenze chiave nell&#8217;educazione scolastica (KeyCoNet Network), Rete europea di innovazione per l&#8217;inclusione.<\/p>\n<p>\t\t\t\t\t\t\t\t\t\t\t\t\t\t<a href=\"https:\/\/www.polygonal.ngo\/\" target=\"_blank\" rel=\"noopener\"><br \/>\n\t\t\t\t\t\t\t<img decoding=\"async\" src=\"https:\/\/adultsforfuture.eu\/wp-content\/uploads\/elementor\/thumbs\/polygonal-1-qdp1l8yzvgoaggh94njim71jj1re4ammt4fp7a0ua6.png\" title=\"polygonal.png\" alt=\"polygonal.png\" loading=\"lazy\" \/>\t\t\t\t\t\t\t\t<\/a><br \/>\n\t\t\t\t\t<a href=\"https:\/\/www.facebook.com\/polygonal.ngo\" target=\"_blank\" rel=\"noopener\"><br \/>\n\t\t\t\t\t\tFacebook<br \/>\n\t\t\t\t\t\t\t\t\t\t\t<\/a><br \/>\n\t\t\t\t\t<a href=\"https:\/\/www.polygonal.ngo\/\" target=\"_blank\" rel=\"noopener\"><br \/>\n\t\t\t\t\t\tGlobe<br \/>\n\t\t\t\t\t\t\t\t\t\t\t<\/a><\/p>\n<h2>Polygonal<\/h2>\n<p>Siamo un&#8217;organizzazione comunitaria democratica, coesa e autonoma fondata per esplorare forme alternative di coinvolgimento nella nostra area. Comprendiamo educatori, sviluppatori, designer, attivisti ed entusiasti della cultura, e siamo basati nel piccolo villaggio rurale di Cori, a un&#8217;ora a sud di Roma. Cerchiamo di coinvolgere persone di tutte le et\u00e0 nell&#8217;apprendimento continuo e crediamo fermamente nel potere trasformativo dell&#8217;istruzione e della tecnologia digitale. Soprattutto, siamo un gruppo di individui appassionati. Come appaltatore del comune, gestiamo la biblioteca pubblica e l&#8217;archivio storico nella nostra area. Oltre alla gestione di queste strutture, ospitiamo anche workshop e coordiniamo attivit\u00e0 internazionali.<\/p>\n<p>Il nostro nome &#8216;Polygonal&#8217; rende omaggio alla ricca storia antica e alle tradizioni della nostra citt\u00e0, e riflette la nostra vasta esperienza e impegno per l&#8217;attivismo.<\/p>\n<h2>RightChallenge<\/h2>\n<p>L&#8217;associazione RightChallenge \u00e8 un&#8217;organizzazione non governativa che mira a promuovere l&#8217;istruzione e la formazione come strumento di inclusione sociale e pari opportunit\u00e0. RightChallenge si impegna a promuovere valori e a cambiare atteggiamenti e comportamenti nei confronti dell&#8217;ambiente, al fine di preparare le persone a esercitare una cittadinanza consapevole, dinamica e informata di fronte alle attuali questioni ambientali. Lavoriamo a stretto contatto con movimenti associativi locali e regionali, ONG ambientali e comuni al fine di promuovere la sensibilizzazione per lo sviluppo sostenibile. Implementiamo anche progetti di volontariato ambientale volti a promuovere la conservazione della natura, la biodiversit\u00e0 e le attivit\u00e0 di protezione ambientale nella regione nord del Portogallo, incoraggiando i giovani a sviluppare idee innovative che rispettino i valori ambientali e i principi di conservazione della natura. Per questo motivo, sviluppiamo una serie di iniziative principalmente volte a promuovere comportamenti di riciclaggio e il rispetto della biodiversit\u00e0 portoghese e delle aree naturali protette.<\/p>\n<p>\t\t\t\t\t\t\t\t\t\t\t\t\t\t<a href=\"https:\/\/rightchallenge.org\/\"><br \/>\n\t\t\t\t\t\t\t<img decoding=\"async\" src=\"https:\/\/adultsforfuture.eu\/wp-content\/uploads\/elementor\/thumbs\/rightchallenge-1-qdp1oyg59naqjwq9mxlym7dp6r0d91tl839blgfekm.png\" title=\"rightchallenge.png\" alt=\"rightchallenge.png\" loading=\"lazy\" \/>\t\t\t\t\t\t\t\t<\/a><br \/>\n\t\t\t\t\t<a href=\"https:\/\/www.facebook.com\/Rightchallenge\" target=\"_blank\" rel=\"noopener\"><br \/>\n\t\t\t\t\t\tFacebook<br \/>\n\t\t\t\t\t\t\t\t\t\t\t<\/a><br \/>\n\t\t\t\t\t<a href=\"https:\/\/rightchallenge.org\/\" target=\"_blank\" rel=\"noopener\"><br \/>\n\t\t\t\t\t\tGlobe<br \/>\n\t\t\t\t\t\t\t\t\t\t\t<\/a><\/p>\n","protected":false},"excerpt":{"rendered":"<p>CHI SIAMO Siamo un gruppo di varie organizzazioni che condividono i valori che ci hanno portato a dar vita a questo progetto: la passione per l&#8217;attivismo ambientale, l&#8217;importanza di coinvolgere gli anziani nei dibattiti moderni e, soprattutto, la consapevolezza che ogni conversazione \u00e8 preziosa e che c&#8217;\u00e8 sempre qualcosa da imparare da ogni persona, sfida [&hellip;]<\/p>\n","protected":false},"author":4,"featured_media":0,"parent":0,"menu_order":0,"comment_status":"closed","ping_status":"closed","template":"","meta":{"footnotes":""},"class_list":["post-691","page","type-page","status-publish","hentry"],"_links":{"self":[{"href":"https:\/\/adultsforfuture.eu\/it\/wp-json\/wp\/v2\/pages\/691","targetHints":{"allow":["GET"]}}],"collection":[{"href":"https:\/\/adultsforfuture.eu\/it\/wp-json\/wp\/v2\/pages"}],"about":[{"href":"https:\/\/adultsforfuture.eu\/it\/wp-json\/wp\/v2\/types\/page"}],"author":[{"embeddable":true,"href":"https:\/\/adultsforfuture.eu\/it\/wp-json\/wp\/v2\/users\/4"}],"replies":[{"embeddable":true,"href":"https:\/\/adultsforfuture.eu\/it\/wp-json\/wp\/v2\/comments?post=691"}],"version-history":[{"count":24,"href":"https:\/\/adultsforfuture.eu\/it\/wp-json\/wp\/v2\/pages\/691\/revisions"}],"predecessor-version":[{"id":8003,"href":"https:\/\/adultsforfuture.eu\/it\/wp-json\/wp\/v2\/pages\/691\/revisions\/8003"}],"wp:attachment":[{"href":"https:\/\/adultsforfuture.eu\/it\/wp-json\/wp\/v2\/media?parent=691"}],"curies":[{"name":"wp","href":"https:\/\/api.w.org\/{rel}","templated":true}]}}