{"id":5380,"date":"2024-03-12T14:52:44","date_gmt":"2024-03-12T13:52:44","guid":{"rendered":"https:\/\/adultsforfuture.eu\/?page_id=5380"},"modified":"2024-07-30T09:36:50","modified_gmt":"2024-07-30T07:36:50","slug":"impact","status":"publish","type":"page","link":"https:\/\/adultsforfuture.eu\/it\/impact","title":{"rendered":"Impatto"},"content":{"rendered":"<style>\/*! elementor - v3.23.0 - 25-07-2024 *\/\n.elementor-column .elementor-spacer-inner{height:var(--spacer-size)}.e-con{--container-widget-width:100%}.e-con-inner>.elementor-widget-spacer,.e-con>.elementor-widget-spacer{width:var(--container-widget-width,var(--spacer-size));--align-self:var(--container-widget-align-self,initial);--flex-shrink:0}.e-con-inner>.elementor-widget-spacer>.elementor-widget-container,.e-con>.elementor-widget-spacer>.elementor-widget-container{height:100%;width:100%}.e-con-inner>.elementor-widget-spacer>.elementor-widget-container>.elementor-spacer,.e-con>.elementor-widget-spacer>.elementor-widget-container>.elementor-spacer{height:100%}.e-con-inner>.elementor-widget-spacer>.elementor-widget-container>.elementor-spacer>.elementor-spacer-inner,.e-con>.elementor-widget-spacer>.elementor-widget-container>.elementor-spacer>.elementor-spacer-inner{height:var(--container-widget-height,var(--spacer-size))}.e-con-inner>.elementor-widget-spacer.elementor-widget-empty,.e-con>.elementor-widget-spacer.elementor-widget-empty{position:relative;min-height:22px;min-width:22px}.e-con-inner>.elementor-widget-spacer.elementor-widget-empty .elementor-widget-empty-icon,.e-con>.elementor-widget-spacer.elementor-widget-empty .elementor-widget-empty-icon{position:absolute;top:0;bottom:0;left:0;right:0;margin:auto;padding:0;width:22px;height:22px}<\/style>\n<style>\/*! elementor - v3.23.0 - 25-07-2024 *\/\n.elementor-heading-title{padding:0;margin:0;line-height:1}.elementor-widget-heading .elementor-heading-title[class*=elementor-size-]>a{color:inherit;font-size:inherit;line-height:inherit}.elementor-widget-heading .elementor-heading-title.elementor-size-small{font-size:15px}.elementor-widget-heading .elementor-heading-title.elementor-size-medium{font-size:19px}.elementor-widget-heading .elementor-heading-title.elementor-size-large{font-size:29px}.elementor-widget-heading .elementor-heading-title.elementor-size-xl{font-size:39px}.elementor-widget-heading .elementor-heading-title.elementor-size-xxl{font-size:59px}<\/style>\n<h1>IMPATTO<\/h1>\n<h2>Training of trainers<\/h2>\n<p>In November 2023, Right Challenge organised a Training of Trainers for adult educators who are part of the project and outsiders. Organised by RightChallenge and supported by the project partners, the event brought together educators from across Europe to expand their expertise in promoting green activism and sustainability and to improve the course developed as part of the project.<\/p>\n<p>Over three days, participants engaged with modules on climate change, environmental education and sustainable living. Visiting local attractions such as the Biodiversity Gallery and the Botanical Gardens of Porto, the adult educators gained valuable insights and experience to inspire change in their communities.<\/p>\n<style>\/*! elementor - v3.23.0 - 25-07-2024 *\/\n.elementor-widget-image{text-align:center}.elementor-widget-image a{display:inline-block}.elementor-widget-image a img[src$=\".svg\"]{width:48px}.elementor-widget-image img{vertical-align:middle;display:inline-block}<\/style>\n<p>\t\t\t\t\t\t\t\t\t\t<img loading=\"lazy\" decoding=\"async\" width=\"800\" height=\"800\" src=\"https:\/\/adultsforfuture.eu\/wp-content\/uploads\/Training-of-trainers-1-1024x1024.png\" alt=\"\" srcset=\"https:\/\/adultsforfuture.eu\/wp-content\/uploads\/Training-of-trainers-1-1024x1024.png 1024w, https:\/\/adultsforfuture.eu\/wp-content\/uploads\/Training-of-trainers-1-300x300.png 300w, https:\/\/adultsforfuture.eu\/wp-content\/uploads\/Training-of-trainers-1-150x150.png 150w, https:\/\/adultsforfuture.eu\/wp-content\/uploads\/Training-of-trainers-1-768x768.png 768w, https:\/\/adultsforfuture.eu\/wp-content\/uploads\/Training-of-trainers-1-1536x1536.png 1536w, https:\/\/adultsforfuture.eu\/wp-content\/uploads\/Training-of-trainers-1-2048x2048.png 2048w\" sizes=\"auto, (max-width: 800px) 100vw, 800px\" \/>\t\t\t\t\t\t\t\t\t\t\t\t\t<\/p>\n<h2>Piloting<\/h2>\n<p>Check out the course being tested for the first time with real participants.<\/p>\n<style>\/*! elementor - v3.23.0 - 25-07-2024 *\/\n.elementor-widget-image-carousel .swiper,.elementor-widget-image-carousel .swiper-container{position:static}.elementor-widget-image-carousel .swiper-container .swiper-slide figure,.elementor-widget-image-carousel .swiper .swiper-slide figure{line-height:inherit}.elementor-widget-image-carousel .swiper-slide{text-align:center}.elementor-image-carousel-wrapper:not(.swiper-container-initialized):not(.swiper-initialized) .swiper-slide{max-width:calc(100% \/ var(--e-image-carousel-slides-to-show, 3))}<\/style>\n<figure><img decoding=\"async\" src=\"https:\/\/adultsforfuture.eu\/wp-content\/uploads\/Piloting2_scaled-1.png\" alt=\"Piloting2_scaled.png\" \/><\/figure>\n<figure><img decoding=\"async\" src=\"https:\/\/adultsforfuture.eu\/wp-content\/uploads\/Piloting1_scaled-1.png\" alt=\"Piloting1_scaled.png\" \/><\/figure>\n<figure><img decoding=\"async\" src=\"https:\/\/adultsforfuture.eu\/wp-content\/uploads\/Piloting_CY.png\" alt=\"Piloting_CY\" \/><\/figure>\n<figure><img decoding=\"async\" src=\"https:\/\/adultsforfuture.eu\/wp-content\/uploads\/Piloting-Portugal-1.png\" alt=\"Piloting Portugal\" \/><\/figure>\n<h2>Listen to the voices of these adults committed to a better future<\/h2>\n<p>Benvenuto alla nostra collezione di video che documenta il coinvolgente viaggio degli anziani partecipanti al nostro progetto. Questi video forniscono uno sguardo autentico sull&#8217;impatto tangibile del nostro lavoro, dalle condivisioni di esperienze alle attivit\u00e0 intergenerazionali di successo. Non perderteli e assicurati di attivare i sottotitoli disponibili in spagnolo, italiano, greco o portoghese!<\/p>\n<link rel=\"stylesheet\" href=\"https:\/\/adultsforfuture.eu\/wp-content\/plugins\/elementor-pro\/assets\/css\/widget-video-playlist.min.css?ver=1722290897\">\n<h2>Playlist<\/h2>\n<p>\t\t\t\t\t\t\t\t\t\t\t\t\t\t\t3 Videos<br \/>\n\t\t\t\t\t\t\t\t\t\t\t\t\t\t\t\t\t\t\t\t\t\t\t\t\t<img decoding=\"async\" src=\"https:\/\/adultsforfuture.eu\/wp-content\/uploads\/maxresdefault-6.jpg\" alt=\"Arteterapia per anziani a Cipro\" loading=\"lazy\" \/><\/p>\n<h4>\n\t\t\t\t\t\t\t\t\t\t\t<a tabindex=\"0\">Arteterapia per anziani a Cipro<\/a><br \/>\n\t\t\t\t\t\t\t\t\t\t<\/h4>\n<p>\t\t\t\t\t\t\t\t\t\t\t\t\t\t\t\t\t\t\t\t\t1:50<br \/>\n\t\t\t\t\t\t\t\t\t\t\t\t\t\t\t\t\t\t\t\t\t\t\t\t\t<img decoding=\"async\" src=\"https:\/\/adultsforfuture.eu\/wp-content\/uploads\/hqdefault.webp\" alt=\"Imparare uno Stile di Vita Sano tra le Generazioni\" loading=\"lazy\" \/><\/p>\n<h4>\n\t\t\t\t\t\t\t\t\t\t\t<a tabindex=\"0\">Imparare uno Stile di Vita Sano tra le Generazioni<\/a><br \/>\n\t\t\t\t\t\t\t\t\t\t<\/h4>\n<p>\t\t\t\t\t\t\t\t\t\t\t\t\t\t\t\t\t\t\t\t\t\t\t\t\t<img decoding=\"async\" src=\"https:\/\/adultsforfuture.eu\/wp-content\/uploads\/maxresdefault-7.jpg\" alt=\"Progetto 65+ ambiente Guimar\u00e3es\" loading=\"lazy\" \/><\/p>\n<h4>\n\t\t\t\t\t\t\t\t\t\t\t<a tabindex=\"0\">Progetto 65+ ambiente Guimar\u00e3es<\/a><br \/>\n\t\t\t\t\t\t\t\t\t\t<\/h4>\n<p>\t\t\t\t\t\t\t\t\t\t\t\t\t\t\t\t\t\t\t\t\t3:16<br \/>\n\t\t\t\t\t\t\t\t\t\t\t\t<a tabindex=\"0\">Descrizione<\/a><br \/>\n\t\t\t\t\t\t\t\t\t\t\t\t\t\t\t\t\t\t\t\t\t\t\t\tDescrizione\t\t\t\t\t\t\t\t\t\t\t<\/p>\n<p>I nostri partner di Cipro hanno incontrato la signora Anna, una donna sui 70 anni che vive a Nicosia, durante il progetto pilota al Centro Multifunzionale di Nicosia. La signora Anna ha raccontato loro della sua attivit\u00e0 preferita, visitare una galleria, conoscere dipinti e artisti e poi dipingere ed esprimersi.<\/p>\n<p>\t\t\t\t\t\t\t\t\t\t\t\t\t\t\t\t\t\t\t\t\t\t\t\t\t\t<button><\/button><br \/>\n\t\t\t\t\t\t\t\t\t\t\t\t\t<button><\/button><br \/>\n\t\t\t\t\t\t\t\t\t\t\t\t<a tabindex=\"0\">Descrizione<\/a><br \/>\n\t\t\t\t\t\t\t\t\t\t\t\t\t\t\t\t\t\t\t\t\t\t\t\tDescrizione\t\t\t\t\t\t\t\t\t\t\t<\/p>\n<p>Come parte del progetto, i nostri colleghi di Polygonal a Cori, Italia, hanno lanciato l&#8217;iniziativa: \u201cImparare uno Stile di Vita Sano tra le Generazioni: Capire l&#8217;origine degli ingredienti e pensare agli sprechi alimentari!\u201d Guarda questo video e vedi quanto si sono divertiti!<\/p>\n<p>\t\t\t\t\t\t\t\t\t\t\t\t\t\t\t\t\t\t\t\t\t\t\t\t\t\t<button><\/button><br \/>\n\t\t\t\t\t\t\t\t\t\t\t\t\t<button><\/button><br \/>\n\t\t\t\t\t\t\t\t\t\t\t\t<a tabindex=\"0\">Descrizione<\/a><br \/>\n\t\t\t\t\t\t\t\t\t\t\t\t\t\t\t\t\t\t\t\t\t\t\t\tDescrizione\t\t\t\t\t\t\t\t\t\t\t<\/p>\n<p>RightChallenge ha avuto il piacere di scoprire l&#8217;iniziativa \u201c65+ Ambiente\u201d del Laborat\u00f3rio da Paisagem a Guimar\u00e3es, Portogallo. Conosci l&#8217;organizzazione e ascolta \u00c1lvaro parlare della sua esperienza personale partecipando alle fantastiche attivit\u00e0 che organizzano con gli anziani, promuovendo la consapevolezza su futuri e pratiche pi\u00f9 sostenibili!<\/p>\n<p>\t\t\t\t\t\t\t\t\t\t\t\t\t\t\t\t\t\t\t\t\t\t\t\t\t\t<button><\/button><br \/>\n\t\t\t\t\t\t\t\t\t\t\t\t\t<button><\/button><\/p>\n<h2>Looking for additional resources, movies or reading material?<\/h2>\n<p>Check out the curated list we&#8217;ve compiled for you below.<\/p>\n<p>\t\t\t<a href=\"#documentales\"><br \/>\n\t\t\t\t\t\t\t\t\tDocumentaries<br \/>\n\t\t\t\t\t<\/a><br \/>\n\t\t\t<a href=\"#podcasts\"><br \/>\n\t\t\t\t\t\t\t\t\tPodcasts<br \/>\n\t\t\t\t\t<\/a><br \/>\n\t\t\t<a href=\"#youtube\"><br \/>\n\t\t\t\t\t\t\t\t\tYouTube<br \/>\n\t\t\t\t\t<\/a><br \/>\n\t\t\t<a href=\"#reading\"><br \/>\n\t\t\t\t\t\t\t\t\tReading material<br \/>\n\t\t\t\t\t<\/a><br \/>\n\t\t\t\t\t\t\t\t\t\t\t\t\t<img loading=\"lazy\" decoding=\"async\" width=\"580\" height=\"838\" src=\"https:\/\/adultsforfuture.eu\/wp-content\/uploads\/Planeta_Tierra_Serie_de_TV-535384921-large-2.jpg\" alt=\"\" srcset=\"https:\/\/adultsforfuture.eu\/wp-content\/uploads\/Planeta_Tierra_Serie_de_TV-535384921-large-2.jpg 580w, https:\/\/adultsforfuture.eu\/wp-content\/uploads\/Planeta_Tierra_Serie_de_TV-535384921-large-2-208x300.jpg 208w\" sizes=\"auto, (max-width: 580px) 100vw, 580px\" \/>\t\t\t\t\t\t\t\t\t\t\t\t\t<\/p>\n<p>Pianeta Terra (2006)<\/p>\n<p>\t\t\t\t\t\t\t\t\t\t\t\t\t<img loading=\"lazy\" decoding=\"async\" width=\"519\" height=\"755\" src=\"https:\/\/adultsforfuture.eu\/wp-content\/uploads\/before_the_flood-1.jpg\" alt=\"\" srcset=\"https:\/\/adultsforfuture.eu\/wp-content\/uploads\/before_the_flood-1.jpg 519w, https:\/\/adultsforfuture.eu\/wp-content\/uploads\/before_the_flood-1-206x300.jpg 206w\" sizes=\"auto, (max-width: 519px) 100vw, 519px\" \/>\t\t\t\t\t\t\t\t\t\t\t\t\t<\/p>\n<p>Prima del Diluvio (2016)<\/p>\n<p>\t\t\t\t\t\t\t\t\t\t\t\t\t<img loading=\"lazy\" decoding=\"async\" width=\"365\" height=\"512\" src=\"https:\/\/adultsforfuture.eu\/wp-content\/uploads\/david-attenborough-1.jpg\" alt=\"\" srcset=\"https:\/\/adultsforfuture.eu\/wp-content\/uploads\/david-attenborough-1.jpg 365w, https:\/\/adultsforfuture.eu\/wp-content\/uploads\/david-attenborough-1-214x300.jpg 214w\" sizes=\"auto, (max-width: 365px) 100vw, 365px\" \/>\t\t\t\t\t\t\t\t\t\t\t\t\t<\/p>\n<p>David Attenborough: Una vita sul nostro pianeta (2020)<\/p>\n<p>\t\t\t\t\t\t\t\t\t\t\t\t\t<img loading=\"lazy\" decoding=\"async\" width=\"600\" height=\"888\" src=\"https:\/\/adultsforfuture.eu\/wp-content\/uploads\/Cowspiracy_The_Sustainability_Secret-1-1.jpg\" alt=\"\" srcset=\"https:\/\/adultsforfuture.eu\/wp-content\/uploads\/Cowspiracy_The_Sustainability_Secret-1-1.jpg 600w, https:\/\/adultsforfuture.eu\/wp-content\/uploads\/Cowspiracy_The_Sustainability_Secret-1-1-203x300.jpg 203w\" sizes=\"auto, (max-width: 600px) 100vw, 600px\" \/>\t\t\t\t\t\t\t\t\t\t\t\t\t<\/p>\n<p>Cowspiracy: Il Segreto della Sostenibilit\u00e0 (2014)<\/p>\n<p>\t\t\t\t\t\t\t\t\t\t\t\t\t<img loading=\"lazy\" decoding=\"async\" width=\"702\" height=\"1000\" src=\"https:\/\/adultsforfuture.eu\/wp-content\/uploads\/inconvenient_truth-1.jpg\" alt=\"\" srcset=\"https:\/\/adultsforfuture.eu\/wp-content\/uploads\/inconvenient_truth-1.jpg 702w, https:\/\/adultsforfuture.eu\/wp-content\/uploads\/inconvenient_truth-1-211x300.jpg 211w\" sizes=\"auto, (max-width: 702px) 100vw, 702px\" \/>\t\t\t\t\t\t\t\t\t\t\t\t\t<\/p>\n<p>Una Verit\u00e0 Scomoda (2005)<\/p>\n<p>\t\t\t\t\t\t\t\t\t\t\t\t\t<img loading=\"lazy\" decoding=\"async\" width=\"426\" height=\"597\" src=\"https:\/\/adultsforfuture.eu\/wp-content\/uploads\/My_Octopus_Teacher-767367425-large-1.jpg\" alt=\"\" srcset=\"https:\/\/adultsforfuture.eu\/wp-content\/uploads\/My_Octopus_Teacher-767367425-large-1.jpg 426w, https:\/\/adultsforfuture.eu\/wp-content\/uploads\/My_Octopus_Teacher-767367425-large-1-214x300.jpg 214w\" sizes=\"auto, (max-width: 426px) 100vw, 426px\" \/>\t\t\t\t\t\t\t\t\t\t\t\t\t<\/p>\n<p>Il mio amico in fondo al mare (2020)<\/p>\n<p>\t\t\t\t\t\t\t\t\t\t\t\t\t<img loading=\"lazy\" decoding=\"async\" width=\"426\" height=\"597\" src=\"https:\/\/adultsforfuture.eu\/wp-content\/uploads\/seaspiracy-1.jpg\" alt=\"\" srcset=\"https:\/\/adultsforfuture.eu\/wp-content\/uploads\/seaspiracy-1.jpg 426w, https:\/\/adultsforfuture.eu\/wp-content\/uploads\/seaspiracy-1-214x300.jpg 214w\" sizes=\"auto, (max-width: 426px) 100vw, 426px\" \/>\t\t\t\t\t\t\t\t\t\t\t\t\t<\/p>\n<p>Seaspiracy (2021)<\/p>\n<p>\t\t\t\t\t\t\t\t\t\t\t\t\t<img loading=\"lazy\" decoding=\"async\" width=\"1400\" height=\"1400\" src=\"https:\/\/adultsforfuture.eu\/wp-content\/uploads\/pensa-circolare.webp\" alt=\"\" srcset=\"https:\/\/adultsforfuture.eu\/wp-content\/uploads\/pensa-circolare.webp 1400w, https:\/\/adultsforfuture.eu\/wp-content\/uploads\/pensa-circolare-300x300.webp 300w, https:\/\/adultsforfuture.eu\/wp-content\/uploads\/pensa-circolare-1024x1024.webp 1024w, https:\/\/adultsforfuture.eu\/wp-content\/uploads\/pensa-circolare-150x150.webp 150w, https:\/\/adultsforfuture.eu\/wp-content\/uploads\/pensa-circolare-768x768.webp 768w\" sizes=\"auto, (max-width: 1400px) 100vw, 1400px\" \/><br \/>\n\t\tPensa Circolare. Carlo Ghiglietti fondatore di <a href=\"http:\/\/www.zeroenvironment.com\/\" target=\"_blank\" rel=\"noopener\">zeroenvironment.com<\/a><br \/>\n\t\t\t\t\t\t\t\t\t\t\t\t\t<img loading=\"lazy\" decoding=\"async\" width=\"640\" height=\"640\" src=\"https:\/\/adultsforfuture.eu\/wp-content\/uploads\/Lalfabeto-della-sostenibilita.jpg\" alt=\"\" srcset=\"https:\/\/adultsforfuture.eu\/wp-content\/uploads\/Lalfabeto-della-sostenibilita.jpg 640w, https:\/\/adultsforfuture.eu\/wp-content\/uploads\/Lalfabeto-della-sostenibilita-300x300.jpg 300w, https:\/\/adultsforfuture.eu\/wp-content\/uploads\/Lalfabeto-della-sostenibilita-150x150.jpg 150w\" sizes=\"auto, (max-width: 640px) 100vw, 640px\" \/>\t\t\t\t\t\t\t\t\t\t\t\t\t<\/p>\n<p>L&#8217;alfabeto della sostenibilit\u00e0. Radio 24.<\/p>\n<p>\t\t\t\t\t\t\t\t\t\t\t\t\t<img loading=\"lazy\" decoding=\"async\" width=\"400\" height=\"400\" src=\"https:\/\/adultsforfuture.eu\/wp-content\/uploads\/cogito-ergo-sum.jpg\" alt=\"\" srcset=\"https:\/\/adultsforfuture.eu\/wp-content\/uploads\/cogito-ergo-sum.jpg 400w, https:\/\/adultsforfuture.eu\/wp-content\/uploads\/cogito-ergo-sum-300x300.jpg 300w, https:\/\/adultsforfuture.eu\/wp-content\/uploads\/cogito-ergo-sum-150x150.jpg 150w\" sizes=\"auto, (max-width: 400px) 100vw, 400px\" \/>\t\t\t\t\t\t\t\t\t\t\t\t\t<\/p>\n<p>Cogito ergo sum &#8211; per un futuro sostenibile. Tre conduttrici: Manuela Rispoli, Cristina Mauri e me, Nadia Fronteddu. <\/p>\n<p>\t\t\t\t\t\t\t\t\t\t\t\t\t<img loading=\"lazy\" decoding=\"async\" width=\"640\" height=\"640\" src=\"https:\/\/adultsforfuture.eu\/wp-content\/uploads\/Il-Miglio-Verde.-Leonardo-Vanucci.jpg\" alt=\"\" srcset=\"https:\/\/adultsforfuture.eu\/wp-content\/uploads\/Il-Miglio-Verde.-Leonardo-Vanucci.jpg 640w, https:\/\/adultsforfuture.eu\/wp-content\/uploads\/Il-Miglio-Verde.-Leonardo-Vanucci-300x300.jpg 300w, https:\/\/adultsforfuture.eu\/wp-content\/uploads\/Il-Miglio-Verde.-Leonardo-Vanucci-150x150.jpg 150w\" sizes=\"auto, (max-width: 640px) 100vw, 640px\" \/>\t\t\t\t\t\t\t\t\t\t\t\t\t<\/p>\n<p>Il Miglio Verde. Leonardo Vanucci<\/p>\n<p>\t\t\t\t\t\t\t\t\t\t\t\t\t<img loading=\"lazy\" decoding=\"async\" width=\"400\" height=\"400\" src=\"https:\/\/adultsforfuture.eu\/wp-content\/uploads\/Green-Talk.-Lorenzo-Valentini-2.jpg\" alt=\"\" srcset=\"https:\/\/adultsforfuture.eu\/wp-content\/uploads\/Green-Talk.-Lorenzo-Valentini-2.jpg 400w, https:\/\/adultsforfuture.eu\/wp-content\/uploads\/Green-Talk.-Lorenzo-Valentini-2-300x300.jpg 300w, https:\/\/adultsforfuture.eu\/wp-content\/uploads\/Green-Talk.-Lorenzo-Valentini-2-150x150.jpg 150w\" sizes=\"auto, (max-width: 400px) 100vw, 400px\" \/>\t\t\t\t\t\t\t\t\t\t\t\t\t<\/p>\n<p>Green Talk. Lorenzo Valentini.<\/p>\n<p>\t\t\t\t\t\t\t\t\t\t\t\t\t<img loading=\"lazy\" decoding=\"async\" width=\"500\" height=\"500\" src=\"https:\/\/adultsforfuture.eu\/wp-content\/uploads\/rumors-dambiente.jpg\" alt=\"\" srcset=\"https:\/\/adultsforfuture.eu\/wp-content\/uploads\/rumors-dambiente.jpg 500w, https:\/\/adultsforfuture.eu\/wp-content\/uploads\/rumors-dambiente-300x300.jpg 300w, https:\/\/adultsforfuture.eu\/wp-content\/uploads\/rumors-dambiente-150x150.jpg 150w\" sizes=\"auto, (max-width: 500px) 100vw, 500px\" \/>\t\t\t\t\t\t\t\t\t\t\t\t\t<\/p>\n<p>Rumors d&#8217;ambiente. Filippo Solibello<\/p>\n<p>\t\t\t\t\t\t\t\t\t\t\t\t\t<img loading=\"lazy\" decoding=\"async\" width=\"252\" height=\"252\" src=\"https:\/\/adultsforfuture.eu\/wp-content\/uploads\/greenzone_2048x2048.jpg\" alt=\"\" srcset=\"https:\/\/adultsforfuture.eu\/wp-content\/uploads\/greenzone_2048x2048.jpg 252w, https:\/\/adultsforfuture.eu\/wp-content\/uploads\/greenzone_2048x2048-150x150.jpg 150w\" sizes=\"auto, (max-width: 252px) 100vw, 252px\" \/>\t\t\t\t\t\t\t\t\t\t\t\t\t<\/p>\n<p>Green Zone. Radio Rai 1. Mario Tozzi e Francesca Malaguti.<\/p>\n<p>\t\t\t\t\t\t\t\t\t\t\t\t\t<img loading=\"lazy\" decoding=\"async\" width=\"652\" height=\"1000\" src=\"https:\/\/adultsforfuture.eu\/wp-content\/uploads\/Il-clima-che-cambia.jpg\" alt=\"\" srcset=\"https:\/\/adultsforfuture.eu\/wp-content\/uploads\/Il-clima-che-cambia.jpg 652w, https:\/\/adultsforfuture.eu\/wp-content\/uploads\/Il-clima-che-cambia-196x300.jpg 196w\" sizes=\"auto, (max-width: 652px) 100vw, 652px\" \/>\t\t\t\t\t\t\t\t\t\t\t\t\t<\/p>\n<p>Il clima che cambia, Luca Mercalli, Rizzoli<\/p>\n<p>\t\t\t\t\t\t\t\t\t\t\t\t\t<img loading=\"lazy\" decoding=\"async\" width=\"1200\" height=\"1840\" src=\"https:\/\/adultsforfuture.eu\/wp-content\/uploads\/l-economia-della-ciambella.jpg\" alt=\"\" srcset=\"https:\/\/adultsforfuture.eu\/wp-content\/uploads\/l-economia-della-ciambella.jpg 1200w, https:\/\/adultsforfuture.eu\/wp-content\/uploads\/l-economia-della-ciambella-196x300.jpg 196w, https:\/\/adultsforfuture.eu\/wp-content\/uploads\/l-economia-della-ciambella-668x1024.jpg 668w, https:\/\/adultsforfuture.eu\/wp-content\/uploads\/l-economia-della-ciambella-768x1178.jpg 768w, https:\/\/adultsforfuture.eu\/wp-content\/uploads\/l-economia-della-ciambella-1002x1536.jpg 1002w\" sizes=\"auto, (max-width: 1200px) 100vw, 1200px\" \/>\t\t\t\t\t\t\t\t\t\t\t\t\t<\/p>\n<p>Kate Raworth, L\u2019economia della ciambella, Edizioni Ambiente<\/p>\n<p>\t\t\t\t\t\t\t\t\t\t\t\t\t<img loading=\"lazy\" decoding=\"async\" width=\"300\" height=\"462\" src=\"https:\/\/adultsforfuture.eu\/wp-content\/uploads\/Laudato-si.gif\" alt=\"\" \/>\t\t\t\t\t\t\t\t\t\t\t\t\t<\/p>\n<p>Laudato s\u00ec, Papa Francesco, LEV<\/p>\n<p>\t\t\t\t\t\t\t\t\t\t\t\t\t<img loading=\"lazy\" decoding=\"async\" width=\"500\" height=\"750\" src=\"https:\/\/adultsforfuture.eu\/wp-content\/uploads\/Abitare-la-complessita.jpg\" alt=\"\" srcset=\"https:\/\/adultsforfuture.eu\/wp-content\/uploads\/Abitare-la-complessita.jpg 500w, https:\/\/adultsforfuture.eu\/wp-content\/uploads\/Abitare-la-complessita-200x300.jpg 200w\" sizes=\"auto, (max-width: 500px) 100vw, 500px\" \/>\t\t\t\t\t\t\t\t\t\t\t\t\t<\/p>\n<p>Abitare la complessit\u00e0, Francesco Bellusci e Mauro Ceruti, Mimesis<\/p>\n<p>\t\t\t\t\t\t\t\t\t\t\t\t\t<img loading=\"lazy\" decoding=\"async\" width=\"297\" height=\"500\" src=\"https:\/\/adultsforfuture.eu\/wp-content\/uploads\/Brevi-lezioni-di-meraviglia.jpg\" alt=\"\" srcset=\"https:\/\/adultsforfuture.eu\/wp-content\/uploads\/Brevi-lezioni-di-meraviglia.jpg 297w, https:\/\/adultsforfuture.eu\/wp-content\/uploads\/Brevi-lezioni-di-meraviglia-178x300.jpg 178w\" sizes=\"auto, (max-width: 297px) 100vw, 297px\" \/>\t\t\t\t\t\t\t\t\t\t\t\t\t<\/p>\n<p>Brevi lezioni di meraviglia, Rachel Carson, Aboca<\/p>\n<p>\t\t\t\t\t\t\t\t\t\t\t\t\t\t<a href=\"https:\/\/www.youtube.com\/@MattTheFarmerOfficial\"><br \/>\n\t\t\t\t\t\t\t<img loading=\"lazy\" decoding=\"async\" width=\"900\" height=\"900\" src=\"https:\/\/adultsforfuture.eu\/wp-content\/uploads\/MattTheFarmerOfficial.jpg\" alt=\"\" srcset=\"https:\/\/adultsforfuture.eu\/wp-content\/uploads\/MattTheFarmerOfficial.jpg 900w, https:\/\/adultsforfuture.eu\/wp-content\/uploads\/MattTheFarmerOfficial-300x300.jpg 300w, https:\/\/adultsforfuture.eu\/wp-content\/uploads\/MattTheFarmerOfficial-150x150.jpg 150w, https:\/\/adultsforfuture.eu\/wp-content\/uploads\/MattTheFarmerOfficial-768x768.jpg 768w\" sizes=\"auto, (max-width: 900px) 100vw, 900px\" \/>\t\t\t\t\t\t\t\t<\/a><br \/>\n\t\t<a href=\"https:\/\/www.youtube.com\/@MattTheFarmerOfficial\" target=\"_blank\" rel=\"noopener\">Matt the Farmer<\/a><br \/>\n\t\t\t\t\t\t\t\t\t\t\t\t\t\t<a href=\"https:\/\/www.youtube.com\/@Darialnaturale\"><br \/>\n\t\t\t\t\t\t\t<img loading=\"lazy\" decoding=\"async\" width=\"900\" height=\"900\" src=\"https:\/\/adultsforfuture.eu\/wp-content\/uploads\/DarialNaturale.jpg\" alt=\"\" srcset=\"https:\/\/adultsforfuture.eu\/wp-content\/uploads\/DarialNaturale.jpg 900w, https:\/\/adultsforfuture.eu\/wp-content\/uploads\/DarialNaturale-300x300.jpg 300w, https:\/\/adultsforfuture.eu\/wp-content\/uploads\/DarialNaturale-150x150.jpg 150w, https:\/\/adultsforfuture.eu\/wp-content\/uploads\/DarialNaturale-768x768.jpg 768w\" sizes=\"auto, (max-width: 900px) 100vw, 900px\" \/>\t\t\t\t\t\t\t\t<\/a><br \/>\n\t\t<a href=\"https:\/\/www.youtube.com\/@Darialnaturale\" target=\"_blank\" rel=\"noopener\">DarialNaturale<\/a><br \/>\n\t\t\t\t\t\t\t\t\t\t\t\t\t\t<a href=\"https:\/\/www.youtube.com\/@camillamendini\"><br \/>\n\t\t\t\t\t\t\t<img loading=\"lazy\" decoding=\"async\" width=\"900\" height=\"900\" src=\"https:\/\/adultsforfuture.eu\/wp-content\/uploads\/Camilla-Mendini-1.jpg\" alt=\"\" srcset=\"https:\/\/adultsforfuture.eu\/wp-content\/uploads\/Camilla-Mendini-1.jpg 900w, https:\/\/adultsforfuture.eu\/wp-content\/uploads\/Camilla-Mendini-1-300x300.jpg 300w, https:\/\/adultsforfuture.eu\/wp-content\/uploads\/Camilla-Mendini-1-150x150.jpg 150w, https:\/\/adultsforfuture.eu\/wp-content\/uploads\/Camilla-Mendini-1-768x768.jpg 768w\" sizes=\"auto, (max-width: 900px) 100vw, 900px\" \/>\t\t\t\t\t\t\t\t<\/a><br \/>\n\t\t<a href=\"https:\/\/www.youtube.com\/@camillamendini\" target=\"_blank\" rel=\"noopener\">Camilla Mendini<\/a><br \/>\n\t\t\t\t\t\t\t\t\t\t\t\t\t\t<a href=\"https:\/\/www.youtube.com\/@boscodiogigia\"><br \/>\n\t\t\t\t\t\t\t<img loading=\"lazy\" decoding=\"async\" width=\"900\" height=\"900\" src=\"https:\/\/adultsforfuture.eu\/wp-content\/uploads\/Bosco-di-Ogigia.jpg\" alt=\"\" srcset=\"https:\/\/adultsforfuture.eu\/wp-content\/uploads\/Bosco-di-Ogigia.jpg 900w, https:\/\/adultsforfuture.eu\/wp-content\/uploads\/Bosco-di-Ogigia-300x300.jpg 300w, https:\/\/adultsforfuture.eu\/wp-content\/uploads\/Bosco-di-Ogigia-150x150.jpg 150w, https:\/\/adultsforfuture.eu\/wp-content\/uploads\/Bosco-di-Ogigia-768x768.jpg 768w\" sizes=\"auto, (max-width: 900px) 100vw, 900px\" \/>\t\t\t\t\t\t\t\t<\/a><br \/>\n\t\t<a href=\"https:\/\/www.youtube.com\/@boscodiogigia\" target=\"_blank\" rel=\"noopener\">Bosco di Ogigia<\/a><br \/>\n\t\t\t\t\t\t\t\t\t\t\t\t\t\t<a href=\"https:\/\/www.youtube.com\/@TechPrincess\"><br \/>\n\t\t\t\t\t\t\t<img loading=\"lazy\" decoding=\"async\" width=\"900\" height=\"900\" src=\"https:\/\/adultsforfuture.eu\/wp-content\/uploads\/Techprincess.jpg\" alt=\"\" srcset=\"https:\/\/adultsforfuture.eu\/wp-content\/uploads\/Techprincess.jpg 900w, https:\/\/adultsforfuture.eu\/wp-content\/uploads\/Techprincess-300x300.jpg 300w, https:\/\/adultsforfuture.eu\/wp-content\/uploads\/Techprincess-150x150.jpg 150w, https:\/\/adultsforfuture.eu\/wp-content\/uploads\/Techprincess-768x768.jpg 768w\" sizes=\"auto, (max-width: 900px) 100vw, 900px\" \/>\t\t\t\t\t\t\t\t<\/a><br \/>\n\t\t<a href=\"https:\/\/www.youtube.com\/@TechPrincess\" target=\"_blank\" rel=\"noopener\">Techprincess<\/a><\/p>\n","protected":false},"excerpt":{"rendered":"<p>IMPATTO Training of trainers In November 2023, Right Challenge organised a Training of Trainers for adult educators who are part of the project and outsiders. Organised by RightChallenge and supported by the project partners, the event brought together educators from across Europe to expand their expertise in promoting green activism and sustainability and to improve [&hellip;]<\/p>\n","protected":false},"author":4,"featured_media":0,"parent":0,"menu_order":0,"comment_status":"closed","ping_status":"closed","template":"","meta":{"footnotes":""},"class_list":["post-5380","page","type-page","status-publish","hentry"],"_links":{"self":[{"href":"https:\/\/adultsforfuture.eu\/it\/wp-json\/wp\/v2\/pages\/5380","targetHints":{"allow":["GET"]}}],"collection":[{"href":"https:\/\/adultsforfuture.eu\/it\/wp-json\/wp\/v2\/pages"}],"about":[{"href":"https:\/\/adultsforfuture.eu\/it\/wp-json\/wp\/v2\/types\/page"}],"author":[{"embeddable":true,"href":"https:\/\/adultsforfuture.eu\/it\/wp-json\/wp\/v2\/users\/4"}],"replies":[{"embeddable":true,"href":"https:\/\/adultsforfuture.eu\/it\/wp-json\/wp\/v2\/comments?post=5380"}],"version-history":[{"count":47,"href":"https:\/\/adultsforfuture.eu\/it\/wp-json\/wp\/v2\/pages\/5380\/revisions"}],"predecessor-version":[{"id":8442,"href":"https:\/\/adultsforfuture.eu\/it\/wp-json\/wp\/v2\/pages\/5380\/revisions\/8442"}],"wp:attachment":[{"href":"https:\/\/adultsforfuture.eu\/it\/wp-json\/wp\/v2\/media?parent=5380"}],"curies":[{"name":"wp","href":"https:\/\/api.w.org\/{rel}","templated":true}]}}