{"id":910,"date":"2023-07-03T12:58:57","date_gmt":"2023-07-03T10:58:57","guid":{"rendered":"https:\/\/adultsforfuture.eu\/home2"},"modified":"2024-07-03T10:43:16","modified_gmt":"2024-07-03T08:43:16","slug":"home2","status":"publish","type":"page","link":"https:\/\/adultsforfuture.eu\/es","title":{"rendered":"Inicio"},"content":{"rendered":"<style>\/*! elementor - v3.22.0 - 26-06-2024 *\/\n.elementor-heading-title{padding:0;margin:0;line-height:1}.elementor-widget-heading .elementor-heading-title[class*=elementor-size-]>a{color:inherit;font-size:inherit;line-height:inherit}.elementor-widget-heading .elementor-heading-title.elementor-size-small{font-size:15px}.elementor-widget-heading .elementor-heading-title.elementor-size-medium{font-size:19px}.elementor-widget-heading .elementor-heading-title.elementor-size-large{font-size:29px}.elementor-widget-heading .elementor-heading-title.elementor-size-xl{font-size:39px}.elementor-widget-heading .elementor-heading-title.elementor-size-xxl{font-size:59px}<\/style>\n<h1>ADULTS  <br \/>FOR FUTURE<\/h1>\n<p>N\u00ba Proyecto: 2022-1-ES01-KA220-ADU-000085390<\/p>\n<p>\t\t\t<a href=\"https:\/\/adultsforfuture.eu\/docs\/es\/Brochure_ES.pdf\"><br \/>\n\t\t\t\t\t\t\t\t\tBrochure<br \/>\n\t\t\t\t\t<\/a><\/p>\n<style>\/*! elementor - v3.22.0 - 26-06-2024 *\/\n.elementor-column .elementor-spacer-inner{height:var(--spacer-size)}.e-con{--container-widget-width:100%}.e-con-inner>.elementor-widget-spacer,.e-con>.elementor-widget-spacer{width:var(--container-widget-width,var(--spacer-size));--align-self:var(--container-widget-align-self,initial);--flex-shrink:0}.e-con-inner>.elementor-widget-spacer>.elementor-widget-container,.e-con>.elementor-widget-spacer>.elementor-widget-container{height:100%;width:100%}.e-con-inner>.elementor-widget-spacer>.elementor-widget-container>.elementor-spacer,.e-con>.elementor-widget-spacer>.elementor-widget-container>.elementor-spacer{height:100%}.e-con-inner>.elementor-widget-spacer>.elementor-widget-container>.elementor-spacer>.elementor-spacer-inner,.e-con>.elementor-widget-spacer>.elementor-widget-container>.elementor-spacer>.elementor-spacer-inner{height:var(--container-widget-height,var(--spacer-size))}.e-con-inner>.elementor-widget-spacer.elementor-widget-empty,.e-con>.elementor-widget-spacer.elementor-widget-empty{position:relative;min-height:22px;min-width:22px}.e-con-inner>.elementor-widget-spacer.elementor-widget-empty .elementor-widget-empty-icon,.e-con>.elementor-widget-spacer.elementor-widget-empty .elementor-widget-empty-icon{position:absolute;top:0;bottom:0;left:0;right:0;margin:auto;padding:0;width:22px;height:22px}<\/style>\n<style>\/*! elementor-pro - v3.22.0 - 24-06-2024 *\/\n.e-lottie__container{display:inline-block;max-width:var(--lottie-container-max-width);width:var(--lottie-container-width);opacity:var(--lottie-container-opacity)}.e-lottie__container:hover{opacity:var(--lottie-container-opacity-hover);transition-duration:var(--lottie-container-transition-duration-hover)}.e-lottie__container svg,.e-lottie__container svg *{transition:none!important}.e-lottie__caption{color:var(--caption-color);margin-top:var(--caption-margin-top);text-align:var(--caption-text-align)}<\/style>\n<p><a href=\"#scroll\"><\/a>\t\t<\/p>\n<p>La capacitaci\u00f3n y el apoyo de los adultos mayores en Europa para el compromiso verde es crucial para promover resiliencia y estilos de vida saludables. \u00abAdults for Future\u00bb se dedica a implicar a los mayores en pr\u00e1cticas ecol\u00f3gicas a trav\u00e9s del activismo y abordando los retos a los que se enfrentan. Nuestro objetivo es capacitar a los educadores de adultos y a los centros educativos para que involucren a los adultos mayores en la educaci\u00f3n medioambiental, reforzando al mismo tiempo su papel en la ciudadan\u00eda medioambiental.<\/p>\n<style>\/*! elementor - v3.22.0 - 26-06-2024 *\/\n.elementor-widget-image{text-align:center}.elementor-widget-image a{display:inline-block}.elementor-widget-image a img[src$=\".svg\"]{width:48px}.elementor-widget-image img{vertical-align:middle;display:inline-block}<\/style>\n<p>\t\t\t\t\t\t\t\t\t\t<img loading=\"lazy\" decoding=\"async\" width=\"800\" height=\"534\" src=\"https:\/\/adultsforfuture.eu\/wp-content\/uploads\/mystic-forest-on-a-foggy-day-in-autumn-2021-09-01-23-16-22-utc-1-1-1-1024x683.jpg\" alt=\"\" srcset=\"https:\/\/adultsforfuture.eu\/wp-content\/uploads\/mystic-forest-on-a-foggy-day-in-autumn-2021-09-01-23-16-22-utc-1-1-1-1024x683.jpg 1024w, https:\/\/adultsforfuture.eu\/wp-content\/uploads\/mystic-forest-on-a-foggy-day-in-autumn-2021-09-01-23-16-22-utc-1-1-1-300x200.jpg 300w, https:\/\/adultsforfuture.eu\/wp-content\/uploads\/mystic-forest-on-a-foggy-day-in-autumn-2021-09-01-23-16-22-utc-1-1-1-768x512.jpg 768w, https:\/\/adultsforfuture.eu\/wp-content\/uploads\/mystic-forest-on-a-foggy-day-in-autumn-2021-09-01-23-16-22-utc-1-1-1.jpg 1200w\" sizes=\"auto, (max-width: 800px) 100vw, 800px\" \/><br \/>\n\t\t\t\t\t\t\t\t\t\t\t\t\t<img loading=\"lazy\" decoding=\"async\" width=\"800\" height=\"534\" src=\"https:\/\/adultsforfuture.eu\/wp-content\/uploads\/strong-man-plants-a-cedar-tree-coniferous-seedlin-2021-11-04-20-45-26-utc-1-1024x683.jpg\" alt=\"\" srcset=\"https:\/\/adultsforfuture.eu\/wp-content\/uploads\/strong-man-plants-a-cedar-tree-coniferous-seedlin-2021-11-04-20-45-26-utc-1-1024x683.jpg 1024w, https:\/\/adultsforfuture.eu\/wp-content\/uploads\/strong-man-plants-a-cedar-tree-coniferous-seedlin-2021-11-04-20-45-26-utc-1-300x200.jpg 300w, https:\/\/adultsforfuture.eu\/wp-content\/uploads\/strong-man-plants-a-cedar-tree-coniferous-seedlin-2021-11-04-20-45-26-utc-1-768x512.jpg 768w, https:\/\/adultsforfuture.eu\/wp-content\/uploads\/strong-man-plants-a-cedar-tree-coniferous-seedlin-2021-11-04-20-45-26-utc-1.jpg 1200w\" sizes=\"auto, (max-width: 800px) 100vw, 800px\" \/>\t\t\t\t\t\t\t\t\t\t\t\t\t<\/p>\n<h2>Nuestros objetivos<\/h2>\n<h2>Mejorar la comprensi\u00f3n<\/h2>\n<p>de c\u00f3mo los adultos mayores pueden participar activamente en pr\u00e1cticas proambientales redefiniendo el activismo para adaptarlo a su contexto y desaf\u00edos.<\/p>\n<h4>Mejorar el compromiso<\/h4>\n<p>de los adultos mayores con la educaci\u00f3n medioambiental apoyando a los educadores de adultos y a los centros para que mejoren sus pr\u00e1cticas.<\/p>\n<h4>Reforzar el papel<\/h4>\n<p>de los adultos mayores en el activismo medioambiental dentro de la sociedad.<\/p>\n<p>Echa un vistazo a nuestros resultados para ver c\u00f3mo alcanzamos estos objetivos.<\/p>\n<p>\t\t\t<a href=\"https:\/\/adultsforfuture.eu\/es\/results\"><br \/>\n\t\t\t\t\t\t\t\t\tResultados<br \/>\n\t\t\t\t\t<\/a><\/p>\n<h2>\u00daltimas noticias<\/h2>\n<p>\t\t\t<a href=\"https:\/\/adultsforfuture.eu\/es\/news\"><br \/>\n\t\t\t\t\t\t\t\t\tVer m\u00e1s<br \/>\n\t\t\t\t\t<\/a><\/p>\n<h2>Visita nuestra p\u00e1gina de Facebook<\/h2>\n","protected":false},"excerpt":{"rendered":"<p>ADULTS FOR FUTURE N\u00ba Proyecto: 2022-1-ES01-KA220-ADU-000085390 Brochure La capacitaci\u00f3n y el apoyo de los adultos mayores en Europa para el compromiso verde es crucial para promover resiliencia y estilos de vida saludables. \u00abAdults for Future\u00bb se dedica a implicar a los mayores en pr\u00e1cticas ecol\u00f3gicas a trav\u00e9s del activismo y abordando los retos a los [&hellip;]<\/p>\n","protected":false},"author":4,"featured_media":0,"parent":0,"menu_order":0,"comment_status":"closed","ping_status":"closed","template":"","meta":{"footnotes":""},"class_list":["post-910","page","type-page","status-publish","hentry"],"_links":{"self":[{"href":"https:\/\/adultsforfuture.eu\/es\/wp-json\/wp\/v2\/pages\/910","targetHints":{"allow":["GET"]}}],"collection":[{"href":"https:\/\/adultsforfuture.eu\/es\/wp-json\/wp\/v2\/pages"}],"about":[{"href":"https:\/\/adultsforfuture.eu\/es\/wp-json\/wp\/v2\/types\/page"}],"author":[{"embeddable":true,"href":"https:\/\/adultsforfuture.eu\/es\/wp-json\/wp\/v2\/users\/4"}],"replies":[{"embeddable":true,"href":"https:\/\/adultsforfuture.eu\/es\/wp-json\/wp\/v2\/comments?post=910"}],"version-history":[{"count":89,"href":"https:\/\/adultsforfuture.eu\/es\/wp-json\/wp\/v2\/pages\/910\/revisions"}],"predecessor-version":[{"id":7756,"href":"https:\/\/adultsforfuture.eu\/es\/wp-json\/wp\/v2\/pages\/910\/revisions\/7756"}],"wp:attachment":[{"href":"https:\/\/adultsforfuture.eu\/es\/wp-json\/wp\/v2\/media?parent=910"}],"curies":[{"name":"wp","href":"https:\/\/api.w.org\/{rel}","templated":true}]}}