{"id":693,"date":"2023-02-22T17:29:04","date_gmt":"2023-02-22T16:29:04","guid":{"rendered":"https:\/\/adultsforfuture.eu\/our-partners"},"modified":"2024-05-21T15:35:33","modified_gmt":"2024-05-21T13:35:33","slug":"our-partners","status":"publish","type":"page","link":"https:\/\/adultsforfuture.eu\/es\/our-partners","title":{"rendered":"Nuestros socios"},"content":{"rendered":"<style>\/*! elementor - v3.21.0 - 20-05-2024 *\/\n.elementor-column .elementor-spacer-inner{height:var(--spacer-size)}.e-con{--container-widget-width:100%}.e-con-inner>.elementor-widget-spacer,.e-con>.elementor-widget-spacer{width:var(--container-widget-width,var(--spacer-size));--align-self:var(--container-widget-align-self,initial);--flex-shrink:0}.e-con-inner>.elementor-widget-spacer>.elementor-widget-container,.e-con>.elementor-widget-spacer>.elementor-widget-container{height:100%;width:100%}.e-con-inner>.elementor-widget-spacer>.elementor-widget-container>.elementor-spacer,.e-con>.elementor-widget-spacer>.elementor-widget-container>.elementor-spacer{height:100%}.e-con-inner>.elementor-widget-spacer>.elementor-widget-container>.elementor-spacer>.elementor-spacer-inner,.e-con>.elementor-widget-spacer>.elementor-widget-container>.elementor-spacer>.elementor-spacer-inner{height:var(--container-widget-height,var(--spacer-size))}.e-con-inner>.elementor-widget-spacer.elementor-widget-empty,.e-con>.elementor-widget-spacer.elementor-widget-empty{position:relative;min-height:22px;min-width:22px}.e-con-inner>.elementor-widget-spacer.elementor-widget-empty .elementor-widget-empty-icon,.e-con>.elementor-widget-spacer.elementor-widget-empty .elementor-widget-empty-icon{position:absolute;top:0;bottom:0;left:0;right:0;margin:auto;padding:0;width:22px;height:22px}<\/style>\n<style>\/*! elementor - v3.21.0 - 20-05-2024 *\/\n.elementor-heading-title{padding:0;margin:0;line-height:1}.elementor-widget-heading .elementor-heading-title[class*=elementor-size-]>a{color:inherit;font-size:inherit;line-height:inherit}.elementor-widget-heading .elementor-heading-title.elementor-size-small{font-size:15px}.elementor-widget-heading .elementor-heading-title.elementor-size-medium{font-size:19px}.elementor-widget-heading .elementor-heading-title.elementor-size-large{font-size:29px}.elementor-widget-heading .elementor-heading-title.elementor-size-xl{font-size:39px}.elementor-widget-heading .elementor-heading-title.elementor-size-xxl{font-size:59px}<\/style>\n<h1>\u00bfQUI\u00c9NES SOMOS?<\/h1>\n<p>Nuestro equipo est\u00e1 formado por un grupo diverso de organizaciones que comparten los valores que nos llevaron a dar vida a este proyecto: la pasi\u00f3n por el activismo medioambiental, la importancia de implicar a las personas mayores en los debates modernos y, sobre todo, el reconocimiento de que cada conversaci\u00f3n es valiosa y hay algo que aprender de cada persona, cada reto o cada momento.<\/p>\n<p>Nuestro diverso grupo procede de distintos pa\u00edses. Nos encantar\u00eda presentarnos.<\/p>\n<h4>Coordinador<\/h4>\n<style>\/*! elementor - v3.21.0 - 20-05-2024 *\/\n.elementor-widget-image{text-align:center}.elementor-widget-image a{display:inline-block}.elementor-widget-image a img[src$=\".svg\"]{width:48px}.elementor-widget-image img{vertical-align:middle;display:inline-block}<\/style>\n<p>\t\t\t\t\t\t\t\t\t\t\t<a href=\"https:\/\/domspain.eu\/\" target=\"_blank\" rel=\"noopener\"><br \/>\n\t\t\t\t\t\t\t<img decoding=\"async\" src=\"https:\/\/adultsforfuture.eu\/wp-content\/uploads\/elementor\/thumbs\/domspain-1-qdp3x7vzmieartbqvseexz8alpn94r7xn1kkplh02o.png\" title=\"domspain 1\" alt=\"domspain 1\" loading=\"lazy\" \/>\t\t\t\t\t\t\t\t<\/a><\/p>\n<style>\/*! elementor - v3.21.0 - 20-05-2024 *\/\n.elementor-widget-social-icons.elementor-grid-0 .elementor-widget-container,.elementor-widget-social-icons.elementor-grid-mobile-0 .elementor-widget-container,.elementor-widget-social-icons.elementor-grid-tablet-0 .elementor-widget-container{line-height:1;font-size:0}.elementor-widget-social-icons:not(.elementor-grid-0):not(.elementor-grid-tablet-0):not(.elementor-grid-mobile-0) .elementor-grid{display:inline-grid}.elementor-widget-social-icons .elementor-grid{grid-column-gap:var(--grid-column-gap,5px);grid-row-gap:var(--grid-row-gap,5px);grid-template-columns:var(--grid-template-columns);justify-content:var(--justify-content,center);justify-items:var(--justify-content,center)}.elementor-icon.elementor-social-icon{font-size:var(--icon-size,25px);line-height:var(--icon-size,25px);width:calc(var(--icon-size, 25px) + 2 * var(--icon-padding, .5em));height:calc(var(--icon-size, 25px) + 2 * var(--icon-padding, .5em))}.elementor-social-icon{--e-social-icon-icon-color:#fff;display:inline-flex;background-color:#69727d;align-items:center;justify-content:center;text-align:center;cursor:pointer}.elementor-social-icon i{color:var(--e-social-icon-icon-color)}.elementor-social-icon svg{fill:var(--e-social-icon-icon-color)}.elementor-social-icon:last-child{margin:0}.elementor-social-icon:hover{opacity:.9;color:#fff}.elementor-social-icon-android{background-color:#a4c639}.elementor-social-icon-apple{background-color:#999}.elementor-social-icon-behance{background-color:#1769ff}.elementor-social-icon-bitbucket{background-color:#205081}.elementor-social-icon-codepen{background-color:#000}.elementor-social-icon-delicious{background-color:#39f}.elementor-social-icon-deviantart{background-color:#05cc47}.elementor-social-icon-digg{background-color:#005be2}.elementor-social-icon-dribbble{background-color:#ea4c89}.elementor-social-icon-elementor{background-color:#d30c5c}.elementor-social-icon-envelope{background-color:#ea4335}.elementor-social-icon-facebook,.elementor-social-icon-facebook-f{background-color:#3b5998}.elementor-social-icon-flickr{background-color:#0063dc}.elementor-social-icon-foursquare{background-color:#2d5be3}.elementor-social-icon-free-code-camp,.elementor-social-icon-freecodecamp{background-color:#006400}.elementor-social-icon-github{background-color:#333}.elementor-social-icon-gitlab{background-color:#e24329}.elementor-social-icon-globe{background-color:#69727d}.elementor-social-icon-google-plus,.elementor-social-icon-google-plus-g{background-color:#dd4b39}.elementor-social-icon-houzz{background-color:#7ac142}.elementor-social-icon-instagram{background-color:#262626}.elementor-social-icon-jsfiddle{background-color:#487aa2}.elementor-social-icon-link{background-color:#818a91}.elementor-social-icon-linkedin,.elementor-social-icon-linkedin-in{background-color:#0077b5}.elementor-social-icon-medium{background-color:#00ab6b}.elementor-social-icon-meetup{background-color:#ec1c40}.elementor-social-icon-mixcloud{background-color:#273a4b}.elementor-social-icon-odnoklassniki{background-color:#f4731c}.elementor-social-icon-pinterest{background-color:#bd081c}.elementor-social-icon-product-hunt{background-color:#da552f}.elementor-social-icon-reddit{background-color:#ff4500}.elementor-social-icon-rss{background-color:#f26522}.elementor-social-icon-shopping-cart{background-color:#4caf50}.elementor-social-icon-skype{background-color:#00aff0}.elementor-social-icon-slideshare{background-color:#0077b5}.elementor-social-icon-snapchat{background-color:#fffc00}.elementor-social-icon-soundcloud{background-color:#f80}.elementor-social-icon-spotify{background-color:#2ebd59}.elementor-social-icon-stack-overflow{background-color:#fe7a15}.elementor-social-icon-steam{background-color:#00adee}.elementor-social-icon-stumbleupon{background-color:#eb4924}.elementor-social-icon-telegram{background-color:#2ca5e0}.elementor-social-icon-threads{background-color:#000}.elementor-social-icon-thumb-tack{background-color:#1aa1d8}.elementor-social-icon-tripadvisor{background-color:#589442}.elementor-social-icon-tumblr{background-color:#35465c}.elementor-social-icon-twitch{background-color:#6441a5}.elementor-social-icon-twitter{background-color:#1da1f2}.elementor-social-icon-viber{background-color:#665cac}.elementor-social-icon-vimeo{background-color:#1ab7ea}.elementor-social-icon-vk{background-color:#45668e}.elementor-social-icon-weibo{background-color:#dd2430}.elementor-social-icon-weixin{background-color:#31a918}.elementor-social-icon-whatsapp{background-color:#25d366}.elementor-social-icon-wordpress{background-color:#21759b}.elementor-social-icon-x-twitter{background-color:#000}.elementor-social-icon-xing{background-color:#026466}.elementor-social-icon-yelp{background-color:#af0606}.elementor-social-icon-youtube{background-color:#cd201f}.elementor-social-icon-500px{background-color:#0099e5}.elementor-shape-rounded .elementor-icon.elementor-social-icon{border-radius:10%}.elementor-shape-circle .elementor-icon.elementor-social-icon{border-radius:50%}<\/style>\n<p>\t\t\t\t\t<a href=\"https:\/\/www.facebook.com\/DomSpainReus\" target=\"_blank\" rel=\"noopener\"><br \/>\n\t\t\t\t\t\tFacebook<br \/>\n\t\t\t\t\t\t\t\t\t\t\t<\/a><br \/>\n\t\t\t\t\t<a href=\"https:\/\/domspain.eu\/\" target=\"_blank\" rel=\"noopener\"><br \/>\n\t\t\t\t\t\tGlobe<br \/>\n\t\t\t\t\t\t\t\t\t\t\t<\/a><\/p>\n<h2>DomSpain<\/h2>\n<p>DomSpain es una empresa de formaci\u00f3n y consultor\u00eda que opera a nivel nacional e internacional. Ofrece una amplia gama de servicios a los sectores p\u00fablico y privado en Espa\u00f1a y participa activamente en programas internacionales a trav\u00e9s de una red bien establecida de socios en el extranjero. DomSpain cuenta con un equipo altamente cualificado en el campo de las tecnolog\u00edas de la informaci\u00f3n que ha llevado a cabo diversos proyectos a nivel nacional e internacional para desarrollar plataformas educativas. DomSpain es miembro de EAEA, EFVET y de la International E-Learning Association, una red internacional de profesionales, investigadores y estudiantes de e-learning, y participa en el Pacto por las Capacidades de la UE.<\/p>\n<p>El departamento de formaci\u00f3n de DomSpain desarrolla programas educativos en cuatro direcciones principales:<\/p>\n<ul>\n<li>Cursos y talleres para estudiantes adultos, incluyendo idiomas extranjeros, TIC, cursos de cocina, cursos de baile y cursos de desarrollo personal.<\/li>\n<li>Formaci\u00f3n profesional: TIC, lenguas extranjeras, aptitudes para el empleo, aprendizaje relacionado con el trabajo.<\/li>\n<li>Formaci\u00f3n para educadores centrada en la mejora de las competencias en lenguas extranjeras, el uso de herramientas digitales y nuevos m\u00e9todos de ense\u00f1anza, el aprendizaje combinado.<\/li>\n<li>Actividades extraescolares para alumnos y padres, como lenguas extranjeras, rob\u00f3tica, programaci\u00f3n y seguridad en internet.<\/li>\n<\/ul>\n<h2>Eurosuccess<\/h2>\n<p>Eurosuccess Consulting es una organizaci\u00f3n de consultor\u00eda y formaci\u00f3n activa en el campo de la gesti\u00f3n de proyectos, formaci\u00f3n y educaci\u00f3n y servicios de consultor\u00eda. A trav\u00e9s de un equipo din\u00e1mico de j\u00f3venes cient\u00edficos, proporciona un paquete completo de servicios que abordan las necesidades de diversos grupos y organizaciones objetivo, en relaci\u00f3n con sus oportunidades de aprendizaje permanente, en Chipre y en el extranjero.<\/p>\n<p>\t\t\t\t\t\t\t\t\t\t\t\t\t\t<a href=\"https:\/\/www.eurosc.eu\/en\/\"><br \/>\n\t\t\t\t\t\t\t<img decoding=\"async\" src=\"https:\/\/adultsforfuture.eu\/wp-content\/uploads\/elementor\/thumbs\/EUROSC-logo-TRANSPARENT-1-qdp0x1mn3wbcncgdjj32hrxlictkaqrzrmrxg7v09u.png\" title=\"EUROSC-logo-TRANSPARENT.png\" alt=\"EUROSC-logo-TRANSPARENT.png\" loading=\"lazy\" \/>\t\t\t\t\t\t\t\t<\/a><br \/>\n\t\t\t\t\t<a href=\"https:\/\/www.facebook.com\/eurosuccessconsulting\/\" target=\"_blank\" rel=\"noopener\"><br \/>\n\t\t\t\t\t\tFacebook<br \/>\n\t\t\t\t\t\t\t\t\t\t\t<\/a><br \/>\n\t\t\t\t\t<a href=\"https:\/\/www.eurosc.eu\/en\/\" target=\"_blank\" rel=\"noopener\"><br \/>\n\t\t\t\t\t\tGlobe<br \/>\n\t\t\t\t\t\t\t\t\t\t\t<\/a><\/p>\n<p>Eurosuccess Consulting ha participado en m\u00e1s de ochenta y cinco (85) programas de aprendizaje permanente, ERASMUS+, JUSTICE de la UE, as\u00ed como en programas de investigaci\u00f3n financiados a nivel nacional (Fundaci\u00f3n de Investigaci\u00f3n e Innovaci\u00f3n) &#8211; en cinco de ellos como coordinador. Eurosuccess Consulting tiene una amplia experiencia en el desarrollo de soluciones de formaci\u00f3n y educativas (material de formaci\u00f3n tradicional, soluciones de e-learning y herramientas TIC para la evaluaci\u00f3n de competencias). Adem\u00e1s, la organizaci\u00f3n trabaja en diversos sectores: Formaci\u00f3n Profesional, Juventud, Adultos y Educaci\u00f3n Escolar, y apoya el desarrollo de diversos grupos sociales, incluidos grupos vulnerables de la sociedad como personas procedentes del grupo NEET, reclusos y exdelincuentes.<\/p>\n<p>Adem\u00e1s, Eurosuccess Consulting es un Centro de Formaci\u00f3n Profesional acreditado por la Autoridad de Desarrollo de Recursos Humanos de Chipre, la autoridad p\u00fablica competente en materia de formaci\u00f3n y educaci\u00f3n, as\u00ed como por la Formaci\u00f3n y Evaluaci\u00f3n de Certificaci\u00f3n Arist\u00f3teles (AcTA). Asimismo, Eurosuccess es miembro de las siguientes asociaciones y foros Foro Europeo de Educaci\u00f3n y Formaci\u00f3n Profesional (EfVET), Red Pol\u00edtica Europea sobre Competencias Clave en la Educaci\u00f3n Escolar (Red KeyCoNet), Red Europea de Innovaci\u00f3n para la Inclusi\u00f3n y Grupo de Trabajo Europeo de Consultores de Innovaci\u00f3n.<\/p>\n<p>\t\t\t\t\t\t\t\t\t\t\t\t\t\t<a href=\"https:\/\/www.polygonal.ngo\/\" target=\"_blank\" rel=\"noopener\"><br \/>\n\t\t\t\t\t\t\t<img decoding=\"async\" src=\"https:\/\/adultsforfuture.eu\/wp-content\/uploads\/elementor\/thumbs\/polygonal-1-qdp1l8yzvgoaggh94njim71jj1re4ammt4fp7a0ua6.png\" title=\"polygonal.png\" alt=\"polygonal.png\" loading=\"lazy\" \/>\t\t\t\t\t\t\t\t<\/a><br \/>\n\t\t\t\t\t<a href=\"https:\/\/www.facebook.com\/polygonal.ngo\" target=\"_blank\" rel=\"noopener\"><br \/>\n\t\t\t\t\t\tFacebook<br \/>\n\t\t\t\t\t\t\t\t\t\t\t<\/a><br \/>\n\t\t\t\t\t<a href=\"https:\/\/www.polygonal.ngo\/\" target=\"_blank\" rel=\"noopener\"><br \/>\n\t\t\t\t\t\tGlobe<br \/>\n\t\t\t\t\t\t\t\t\t\t\t<\/a><\/p>\n<h2>Polygonal<\/h2>\n<p>Somos una organizaci\u00f3n comunitaria unida, aut\u00f3noma y democr\u00e1tica fundada para explorar formas alternativas de compromiso en nuestra zona. Formada por educadores, desarrolladores, dise\u00f1adores, activistas y entusiastas de la cultura, tenemos nuestra sede en el peque\u00f1o pueblo rural de Cori, a s\u00f3lo una hora al sur de Roma. Nos esforzamos por implicar a personas de todas las edades en el aprendizaje continuo y creemos firmemente en el poder transformador de la educaci\u00f3n y la tecnolog\u00eda digital. Por encima de todo, somos un grupo de personas apasionadas. Como contratista municipal, gestionamos la biblioteca p\u00fablica y el archivo hist\u00f3rico de nuestra zona. Adem\u00e1s de gestionar estas instalaciones, tambi\u00e9n organizamos talleres y coordinamos actividades internacionales.<\/p>\n<p>Nuestro nombre \u00abPoligonal\u00bb rinde homenaje a la rica historia antigua y a las tradiciones de nuestra ciudad, y refleja nuestra experiencia diversa y nuestro compromiso con el activismo.<\/p>\n<h2>RightChallenge<\/h2>\n<p>La Asociaci\u00f3n Rightchallenge es una organizaci\u00f3n no gubernamental cuyo objetivo es promover la educaci\u00f3n y la formaci\u00f3n como medio de inclusi\u00f3n social e igualdad de oportunidades. Rightchallenge se esfuerza por promover valores y cambiar actitudes y comportamientos hacia el medio ambiente, con el fin de preparar a las personas para ejercer una ciudadan\u00eda consciente, din\u00e1mica e informada ante los problemas medioambientales actuales. Colaboramos estrechamente con movimientos asociativos locales y regionales, ONG medioambientales y municipios para promover la sensibilizaci\u00f3n en favor del desarrollo sostenible. Tambi\u00e9n llevamos a cabo proyectos de voluntariado medioambiental con el objetivo de promover la conservaci\u00f3n de la naturaleza, la biodiversidad y las actividades de protecci\u00f3n del medio ambiente en la regi\u00f3n norte de Portugal, al tiempo que animamos a los j\u00f3venes a desarrollar ideas innovadoras que respeten los valores medioambientales y defiendan los principios de conservaci\u00f3n de la naturaleza. Para ello, desarrollamos una serie de iniciativas relacionadas principalmente con la promoci\u00f3n de comportamientos de reciclaje y el respeto a la biodiversidad portuguesa y a las \u00e1reas naturales protegidas.<\/p>\n<p>\t\t\t\t\t\t\t\t\t\t\t\t\t\t<a href=\"https:\/\/rightchallenge.org\/\"><br \/>\n\t\t\t\t\t\t\t<img decoding=\"async\" src=\"https:\/\/adultsforfuture.eu\/wp-content\/uploads\/elementor\/thumbs\/rightchallenge-1-qdp1oyg59naqjwq9mxlym7dp6r0d91tl839blgfekm.png\" title=\"rightchallenge.png\" alt=\"rightchallenge.png\" loading=\"lazy\" \/>\t\t\t\t\t\t\t\t<\/a><br \/>\n\t\t\t\t\t<a href=\"https:\/\/www.facebook.com\/Rightchallenge\" target=\"_blank\" rel=\"noopener\"><br \/>\n\t\t\t\t\t\tFacebook<br \/>\n\t\t\t\t\t\t\t\t\t\t\t<\/a><br \/>\n\t\t\t\t\t<a href=\"https:\/\/rightchallenge.org\/\" target=\"_blank\" rel=\"noopener\"><br \/>\n\t\t\t\t\t\tGlobe<br \/>\n\t\t\t\t\t\t\t\t\t\t\t<\/a><\/p>\n","protected":false},"excerpt":{"rendered":"<p>\u00bfQUI\u00c9NES SOMOS? Nuestro equipo est\u00e1 formado por un grupo diverso de organizaciones que comparten los valores que nos llevaron a dar vida a este proyecto: la pasi\u00f3n por el activismo medioambiental, la importancia de implicar a las personas mayores en los debates modernos y, sobre todo, el reconocimiento de que cada conversaci\u00f3n es valiosa y [&hellip;]<\/p>\n","protected":false},"author":4,"featured_media":0,"parent":0,"menu_order":0,"comment_status":"closed","ping_status":"closed","template":"","meta":{"footnotes":""},"class_list":["post-693","page","type-page","status-publish","hentry"],"_links":{"self":[{"href":"https:\/\/adultsforfuture.eu\/es\/wp-json\/wp\/v2\/pages\/693","targetHints":{"allow":["GET"]}}],"collection":[{"href":"https:\/\/adultsforfuture.eu\/es\/wp-json\/wp\/v2\/pages"}],"about":[{"href":"https:\/\/adultsforfuture.eu\/es\/wp-json\/wp\/v2\/types\/page"}],"author":[{"embeddable":true,"href":"https:\/\/adultsforfuture.eu\/es\/wp-json\/wp\/v2\/users\/4"}],"replies":[{"embeddable":true,"href":"https:\/\/adultsforfuture.eu\/es\/wp-json\/wp\/v2\/comments?post=693"}],"version-history":[{"count":24,"href":"https:\/\/adultsforfuture.eu\/es\/wp-json\/wp\/v2\/pages\/693\/revisions"}],"predecessor-version":[{"id":6955,"href":"https:\/\/adultsforfuture.eu\/es\/wp-json\/wp\/v2\/pages\/693\/revisions\/6955"}],"wp:attachment":[{"href":"https:\/\/adultsforfuture.eu\/es\/wp-json\/wp\/v2\/media?parent=693"}],"curies":[{"name":"wp","href":"https:\/\/api.w.org\/{rel}","templated":true}]}}