{"id":675,"date":"2023-03-01T16:58:28","date_gmt":"2023-03-01T15:58:28","guid":{"rendered":"https:\/\/adultsforfuture.eu\/results"},"modified":"2024-07-22T11:57:28","modified_gmt":"2024-07-22T09:57:28","slug":"results","status":"publish","type":"page","link":"https:\/\/adultsforfuture.eu\/es\/results","title":{"rendered":"Resultados"},"content":{"rendered":"<style>\/*! elementor - v3.23.0 - 15-07-2024 *\/\n.elementor-column .elementor-spacer-inner{height:var(--spacer-size)}.e-con{--container-widget-width:100%}.e-con-inner>.elementor-widget-spacer,.e-con>.elementor-widget-spacer{width:var(--container-widget-width,var(--spacer-size));--align-self:var(--container-widget-align-self,initial);--flex-shrink:0}.e-con-inner>.elementor-widget-spacer>.elementor-widget-container,.e-con>.elementor-widget-spacer>.elementor-widget-container{height:100%;width:100%}.e-con-inner>.elementor-widget-spacer>.elementor-widget-container>.elementor-spacer,.e-con>.elementor-widget-spacer>.elementor-widget-container>.elementor-spacer{height:100%}.e-con-inner>.elementor-widget-spacer>.elementor-widget-container>.elementor-spacer>.elementor-spacer-inner,.e-con>.elementor-widget-spacer>.elementor-widget-container>.elementor-spacer>.elementor-spacer-inner{height:var(--container-widget-height,var(--spacer-size))}.e-con-inner>.elementor-widget-spacer.elementor-widget-empty,.e-con>.elementor-widget-spacer.elementor-widget-empty{position:relative;min-height:22px;min-width:22px}.e-con-inner>.elementor-widget-spacer.elementor-widget-empty .elementor-widget-empty-icon,.e-con>.elementor-widget-spacer.elementor-widget-empty .elementor-widget-empty-icon{position:absolute;top:0;bottom:0;left:0;right:0;margin:auto;padding:0;width:22px;height:22px}<\/style>\n<style>\/*! elementor - v3.23.0 - 15-07-2024 *\/\n.elementor-heading-title{padding:0;margin:0;line-height:1}.elementor-widget-heading .elementor-heading-title[class*=elementor-size-]>a{color:inherit;font-size:inherit;line-height:inherit}.elementor-widget-heading .elementor-heading-title.elementor-size-small{font-size:15px}.elementor-widget-heading .elementor-heading-title.elementor-size-medium{font-size:19px}.elementor-widget-heading .elementor-heading-title.elementor-size-large{font-size:29px}.elementor-widget-heading .elementor-heading-title.elementor-size-xl{font-size:39px}.elementor-widget-heading .elementor-heading-title.elementor-size-xxl{font-size:59px}<\/style>\n<h1>MATERIALES<\/h1>\n<h2>Metodolog\u00eda<\/h2>\n<style>\/*! elementor - v3.23.0 - 15-07-2024 *\/\n.elementor-widget-image{text-align:center}.elementor-widget-image a{display:inline-block}.elementor-widget-image a img[src$=\".svg\"]{width:48px}.elementor-widget-image img{vertical-align:middle;display:inline-block}<\/style>\n<p>\t\t\t\t\t\t\t\t\t\t<img loading=\"lazy\" decoding=\"async\" width=\"300\" height=\"300\" src=\"https:\/\/adultsforfuture.eu\/wp-content\/uploads\/Ecology-Icons-29-2-300x300.png\" alt=\"\" srcset=\"https:\/\/adultsforfuture.eu\/wp-content\/uploads\/Ecology-Icons-29-2-300x300.png 300w, https:\/\/adultsforfuture.eu\/wp-content\/uploads\/Ecology-Icons-29-2-150x150.png 150w, https:\/\/adultsforfuture.eu\/wp-content\/uploads\/Ecology-Icons-29-2.png 512w\" sizes=\"auto, (max-width: 300px) 100vw, 300px\" \/>\t\t\t\t\t\t\t\t\t\t\t\t\t<\/p>\n<p>\u00bfTe has preguntado alguna vez si los adultos mayores tienen la llave para una vida sostenible? Es el momento de replantearse el discurso. Como parte de nuestro estudio, analizamos en profundidad las experiencias y aspiraciones de los mayores de Espa\u00f1a, Portugal, Italia y Chipre. Hemos escuchado sus historias, sus retos y sus sue\u00f1os de un futuro m\u00e1s ecol\u00f3gico.<\/p>\n<p>\u00bfQu\u00e9 hemos encontrado? Un sorprendente n\u00famero de ideas sobre c\u00f3mo los mayores pueden desempe\u00f1ar un papel pionero en el activismo medioambiental. Desde planes de jubilaci\u00f3n ecol\u00f3gicos hasta el compromiso de la comunidad, lo exploramos todo. Pero eso no fue todo. Nos asociamos con educadores de adultos para crear una hoja de ruta sobre c\u00f3mo apoyar a los mayores en su camino hacia la sostenibilidad.<\/p>\n<p>\u00bfQu\u00e9 contiene nuestra metodolog\u00eda? Piensa en ella como si fuera una caja de herramientas para agentes de cambio. Est\u00e1 repleta de estrategias pr\u00e1cticas para promover la concienciaci\u00f3n global, fomentar h\u00e1bitos ecol\u00f3gicos y promover el compromiso local.<\/p>\n<p>\t\t\t\t\t\t\t\t\t\t\t\t\t\t<a href=\"https:\/\/adultsforfuture.eu\/docs\/es\/ES-Competence_Framework.pdf\"><br \/>\n\t\t\t\t\t\t\t<img loading=\"lazy\" decoding=\"async\" width=\"450\" height=\"300\" src=\"https:\/\/adultsforfuture.eu\/wp-content\/uploads\/Spain_flag_300.png\" alt=\"\" srcset=\"https:\/\/adultsforfuture.eu\/wp-content\/uploads\/Spain_flag_300.png 450w, https:\/\/adultsforfuture.eu\/wp-content\/uploads\/Spain_flag_300-300x200.png 300w\" sizes=\"auto, (max-width: 450px) 100vw, 450px\" \/>\t\t\t\t\t\t\t\t<\/a><br \/>\n\t\t\t<a href=\"https:\/\/adultsforfuture.eu\/es\/results\/marco-de-competencias\"><br \/>\n\t\t\t\t\t\t\t\t\tMarco de Competencias<br \/>\n\t\t\t\t\t<\/a><\/p>\n<h2>Gu\u00eda para los centros de educaci\u00f3n de adultos<\/h2>\n<p>Nuestro documento \u00bb Gu\u00eda para centros de educaci\u00f3n de adultos\u00bb ofrece orientaci\u00f3n estrat\u00e9gica para apoyar el compromiso medioambiental de los adultos mayores. Con recomendaciones pr\u00e1cticas, describimos los pasos que pueden dar los centros para convertirse en centros del cambio verde, aplicando pr\u00e1cticas sostenibles para un futuro mejor.<\/p>\n<p>\t\t\t<a href=\"https:\/\/adultsforfuture.eu\/es\/results\/guia-para-los-centros-de-educacion-de-adultos\"><br \/>\n\t\t\t\t\t\t\t\t\tGu\u00eda<br \/>\n\t\t\t\t\t<\/a><br \/>\n\t\t\t\t<img loading=\"lazy\" width=\"826\" height=\"877\" src=\"https:\/\/adultsforfuture.eu\/wp-content\/uploads\/booklet_AFF-portada-es-1.png\" alt=\"ADULTS FOR FUTURE - ACTIVISMO ECOL\u00d3GICO Y EDUCACI\u00d3N DE ADULTOS\" decoding=\"async\" srcset=\"https:\/\/adultsforfuture.eu\/wp-content\/uploads\/booklet_AFF-portada-es-1.png 826w, https:\/\/adultsforfuture.eu\/wp-content\/uploads\/booklet_AFF-portada-es-1-283x300.png 283w, https:\/\/adultsforfuture.eu\/wp-content\/uploads\/booklet_AFF-portada-es-1-768x815.png 768w\" sizes=\"auto, (max-width: 826px) 100vw, 826px\" \/><br \/>\n\t\t\t\t\u00bfQU\u00c9 FUTURO?\t\t\t<\/p>\n<h3\t\t\t\tclass=\"bdt-ep-featured-box-title\">\n\t\t\t\t\tADULTS FOR FUTURE &#8211; ACTIVISMO ECOL\u00d3GICO Y EDUCACI\u00d3N DE ADULTOS<br \/>\n\t\t\t<\/h3>\n<p>\t\t\t\tExplora nuestro Folleto, una gu\u00eda pr\u00e1ctica del proyecto \u00abAdults for Future\u00bb, dise\u00f1ada para inspirar y involucrar a los adultos mayores en el activismo ambiental. Este recurso integral ofrece estrategias accionables, recomendaciones claras y reflexiones detalladas para promover iniciativas verdes.<\/p>\n<p>El Folleto cubre \u00e1reas clave como la participaci\u00f3n de los adultos mayores, iniciativas educativas, defensa de pol\u00edticas y colaboraci\u00f3n intergeneracional. Cada secci\u00f3n proporciona ideas y pasos espec\u00edficos para fomentar el activismo ambiental.<\/p>\n<p>Utiliza esta gu\u00eda para empoderar a los adultos mayores, apoyar pr\u00e1cticas sostenibles y generar un cambio significativo en tu comunidad.<br \/>\n\t\t\t\t<a href=\"https:\/\/adultsforfuture.eu\/es\/results\/activismo-ecologico-y-educacion-de-adultos\"><br \/>\n\t\t\t\t\tEl Folleto\t\t\t\t\t\t\t\t\t<\/a><\/p>\n<h2>ADULTS FOR FUTURE &#8211; ACTIVISMO ECOL\u00d3GICO Y EDUCACI\u00d3N DE ADULTOS<\/h2>\n<h2>\u00bfQU\u00c9 FUTURO?<\/h2>\n<p>Explora nuestro Folleto, una gu\u00eda pr\u00e1ctica del proyecto \u00abAdults for Future\u00bb, dise\u00f1ada para inspirar y involucrar a los adultos mayores en el activismo ambiental. Este recurso integral ofrece estrategias accionables, recomendaciones claras y reflexiones detalladas para promover iniciativas verdes.<\/p>\n<p>El Folleto cubre \u00e1reas clave como la participaci\u00f3n de los adultos mayores, iniciativas educativas, defensa de pol\u00edticas y colaboraci\u00f3n intergeneracional. Cada secci\u00f3n proporciona ideas y pasos espec\u00edficos para fomentar el activismo ambiental.<\/p>\n<p>Utiliza esta gu\u00eda para empoderar a los adultos mayores, apoyar pr\u00e1cticas sostenibles y generar un cambio significativo en tu comunidad.<\/p>\n<p>\t\t\t<a href=\"https:\/\/adultsforfuture.eu\/es\/results\/activismo-ecologico-y-educacion-de-adultos\"><br \/>\n\t\t\t\t\t\t\t\t\tEl folleto<br \/>\n\t\t\t\t\t<\/a><\/p>\n","protected":false},"excerpt":{"rendered":"<p>MATERIALES Metodolog\u00eda \u00bfTe has preguntado alguna vez si los adultos mayores tienen la llave para una vida sostenible? Es el momento de replantearse el discurso. Como parte de nuestro estudio, analizamos en profundidad las experiencias y aspiraciones de los mayores de Espa\u00f1a, Portugal, Italia y Chipre. Hemos escuchado sus historias, sus retos y sus sue\u00f1os [&hellip;]<\/p>\n","protected":false},"author":4,"featured_media":0,"parent":0,"menu_order":0,"comment_status":"closed","ping_status":"closed","template":"","meta":{"footnotes":""},"class_list":["post-675","page","type-page","status-publish","hentry"],"_links":{"self":[{"href":"https:\/\/adultsforfuture.eu\/es\/wp-json\/wp\/v2\/pages\/675","targetHints":{"allow":["GET"]}}],"collection":[{"href":"https:\/\/adultsforfuture.eu\/es\/wp-json\/wp\/v2\/pages"}],"about":[{"href":"https:\/\/adultsforfuture.eu\/es\/wp-json\/wp\/v2\/types\/page"}],"author":[{"embeddable":true,"href":"https:\/\/adultsforfuture.eu\/es\/wp-json\/wp\/v2\/users\/4"}],"replies":[{"embeddable":true,"href":"https:\/\/adultsforfuture.eu\/es\/wp-json\/wp\/v2\/comments?post=675"}],"version-history":[{"count":82,"href":"https:\/\/adultsforfuture.eu\/es\/wp-json\/wp\/v2\/pages\/675\/revisions"}],"predecessor-version":[{"id":8214,"href":"https:\/\/adultsforfuture.eu\/es\/wp-json\/wp\/v2\/pages\/675\/revisions\/8214"}],"wp:attachment":[{"href":"https:\/\/adultsforfuture.eu\/es\/wp-json\/wp\/v2\/media?parent=675"}],"curies":[{"name":"wp","href":"https:\/\/api.w.org\/{rel}","templated":true}]}}