{"id":627,"date":"2023-02-22T17:28:03","date_gmt":"2023-02-22T16:28:03","guid":{"rendered":"https:\/\/adultsforfuture.eu\/news"},"modified":"2024-05-27T17:30:08","modified_gmt":"2024-05-27T15:30:08","slug":"news","status":"publish","type":"page","link":"https:\/\/adultsforfuture.eu\/es\/news","title":{"rendered":"Noticias"},"content":{"rendered":"<style>\/*! elementor - v3.21.0 - 26-05-2024 *\/\n.elementor-column .elementor-spacer-inner{height:var(--spacer-size)}.e-con{--container-widget-width:100%}.e-con-inner>.elementor-widget-spacer,.e-con>.elementor-widget-spacer{width:var(--container-widget-width,var(--spacer-size));--align-self:var(--container-widget-align-self,initial);--flex-shrink:0}.e-con-inner>.elementor-widget-spacer>.elementor-widget-container,.e-con>.elementor-widget-spacer>.elementor-widget-container{height:100%;width:100%}.e-con-inner>.elementor-widget-spacer>.elementor-widget-container>.elementor-spacer,.e-con>.elementor-widget-spacer>.elementor-widget-container>.elementor-spacer{height:100%}.e-con-inner>.elementor-widget-spacer>.elementor-widget-container>.elementor-spacer>.elementor-spacer-inner,.e-con>.elementor-widget-spacer>.elementor-widget-container>.elementor-spacer>.elementor-spacer-inner{height:var(--container-widget-height,var(--spacer-size))}.e-con-inner>.elementor-widget-spacer.elementor-widget-empty,.e-con>.elementor-widget-spacer.elementor-widget-empty{position:relative;min-height:22px;min-width:22px}.e-con-inner>.elementor-widget-spacer.elementor-widget-empty .elementor-widget-empty-icon,.e-con>.elementor-widget-spacer.elementor-widget-empty .elementor-widget-empty-icon{position:absolute;top:0;bottom:0;left:0;right:0;margin:auto;padding:0;width:22px;height:22px}<\/style>\n<style>\/*! elementor - v3.21.0 - 26-05-2024 *\/\n.elementor-heading-title{padding:0;margin:0;line-height:1}.elementor-widget-heading .elementor-heading-title[class*=elementor-size-]>a{color:inherit;font-size:inherit;line-height:inherit}.elementor-widget-heading .elementor-heading-title.elementor-size-small{font-size:15px}.elementor-widget-heading .elementor-heading-title.elementor-size-medium{font-size:19px}.elementor-widget-heading .elementor-heading-title.elementor-size-large{font-size:29px}.elementor-widget-heading .elementor-heading-title.elementor-size-xl{font-size:39px}.elementor-widget-heading .elementor-heading-title.elementor-size-xxl{font-size:59px}<\/style>\n<h1>NOTICIAS<\/h1>\n<p>No te pierdas nuestra secci\u00f3n de Noticias para enterarte de las \u00faltimas actividades y eventos.<\/p>\n<p>\u00a1Tambi\u00e9n puedes seguirnos en nuestra p\u00e1gina de Facebook!<\/p>\n<h2>Bolet\u00edn de noticias<\/h2>\n<p>                                                                                    <img decoding=\"async\" src=\"https:\/\/adultsforfuture.eu\/wp-content\/uploads\/Ecology-Icons-02-1.png\" alt=\"\"><\/p>\n<h2>Bolet\u00edn 1<\/h2>\n<\/p>\n<p>                                                                            <a href=\"https:\/\/adultsforfuture.eu\/docs\/es\/Newsletter%201_ES.pdf\"><br \/>\n                                                                                                Leer m\u00e1s                                                                                    <\/a><br \/>\n                                                                                    <img decoding=\"async\" src=\"https:\/\/adultsforfuture.eu\/wp-content\/uploads\/Ecology-Icons-29-1-1.png\" alt=\"\"><\/p>\n<h2>Bolet\u00edn 2<\/h2>\n<\/p>\n<p>                                                                            <a href=\"https:\/\/adultsforfuture.eu\/docs\/es\/Newsletter%202_ES.pdf\"><br \/>\n                                                                                                Leer m\u00e1s                                                                                    <\/a><br \/>\n                                                                                    <img decoding=\"async\" src=\"https:\/\/adultsforfuture.eu\/wp-content\/uploads\/2k-1.png\" alt=\"\"><\/p>\n<h2>Bolet\u00edn 3<\/h2>\n<\/p>\n<p>                                                                            <a href=\"https:\/\/adultsforfuture.eu\/docs\/es\/Newsletter%203_ES.pdf\"><br \/>\n                                                                                                Leer m\u00e1s                                                                                    <\/a><\/p>\n","protected":false},"excerpt":{"rendered":"<p>NOTICIAS No te pierdas nuestra secci\u00f3n de Noticias para enterarte de las \u00faltimas actividades y eventos. \u00a1Tambi\u00e9n puedes seguirnos en nuestra p\u00e1gina de Facebook! Bolet\u00edn de noticias Bolet\u00edn 1 Leer m\u00e1s Bolet\u00edn 2 Leer m\u00e1s Bolet\u00edn 3 Leer m\u00e1s<\/p>\n","protected":false},"author":4,"featured_media":0,"parent":0,"menu_order":0,"comment_status":"closed","ping_status":"closed","template":"","meta":{"footnotes":""},"class_list":["post-627","page","type-page","status-publish","hentry"],"_links":{"self":[{"href":"https:\/\/adultsforfuture.eu\/es\/wp-json\/wp\/v2\/pages\/627","targetHints":{"allow":["GET"]}}],"collection":[{"href":"https:\/\/adultsforfuture.eu\/es\/wp-json\/wp\/v2\/pages"}],"about":[{"href":"https:\/\/adultsforfuture.eu\/es\/wp-json\/wp\/v2\/types\/page"}],"author":[{"embeddable":true,"href":"https:\/\/adultsforfuture.eu\/es\/wp-json\/wp\/v2\/users\/4"}],"replies":[{"embeddable":true,"href":"https:\/\/adultsforfuture.eu\/es\/wp-json\/wp\/v2\/comments?post=627"}],"version-history":[{"count":33,"href":"https:\/\/adultsforfuture.eu\/es\/wp-json\/wp\/v2\/pages\/627\/revisions"}],"predecessor-version":[{"id":7091,"href":"https:\/\/adultsforfuture.eu\/es\/wp-json\/wp\/v2\/pages\/627\/revisions\/7091"}],"wp:attachment":[{"href":"https:\/\/adultsforfuture.eu\/es\/wp-json\/wp\/v2\/media?parent=627"}],"curies":[{"name":"wp","href":"https:\/\/api.w.org\/{rel}","templated":true}]}}