{"id":6165,"date":"2024-05-16T11:14:39","date_gmt":"2024-05-16T09:14:39","guid":{"rendered":"https:\/\/adultsforfuture.eu\/?page_id=6165"},"modified":"2024-11-08T14:23:00","modified_gmt":"2024-11-08T13:23:00","slug":"guia-para-los-centros-de-educacion-de-adultos","status":"publish","type":"page","link":"https:\/\/adultsforfuture.eu\/es\/results\/guia-para-los-centros-de-educacion-de-adultos","title":{"rendered":"Gu\u00eda para los centros de educaci\u00f3n de adultos"},"content":{"rendered":"<h1>Gu\u00eda para los centros de educaci\u00f3n de adultos<\/h1>\n<a href=\"https:\/\/adultsforfuture.eu\/wp-content\/uploads\/Guidelines_ES.pdf\" class=\"pdfemb-viewer\" style=\"\" data-width=\"max\" data-height=\"max\" data-toolbar=\"bottom\" data-toolbar-fixed=\"off\">Guidelines_ES<\/a>\n<h2>Recursos adicionales<\/h2>\n<p>\t\t\t\t\t<a href=\"https:\/\/adultsforfuture.eu\/docs\/es\/Guidelines_ES.pdf\"><br \/>\n\t\t\t\t\t\t\t\t\tDescargar gu\u00eda para los centros de educaci\u00f3n de adultos<br \/>\n\t\t\t\t\t<\/a><br \/>\n\t\t\t\t\t<a href=\"https:\/\/adultsforfuture.eu\/es\/results\"><br \/>\n\t\t\t\t\t\t\t\t\tVolver a resultados<br \/>\n\t\t\t\t\t<\/a><\/p>\n","protected":false},"excerpt":{"rendered":"<p>Gu\u00eda para los centros de educaci\u00f3n de adultos Recursos adicionales Descargar gu\u00eda para los centros de educaci\u00f3n de adultos Volver a resultados<\/p>\n","protected":false},"author":4,"featured_media":0,"parent":675,"menu_order":0,"comment_status":"closed","ping_status":"closed","template":"","meta":{"footnotes":""},"class_list":["post-6165","page","type-page","status-publish","hentry"],"_links":{"self":[{"href":"https:\/\/adultsforfuture.eu\/es\/wp-json\/wp\/v2\/pages\/6165","targetHints":{"allow":["GET"]}}],"collection":[{"href":"https:\/\/adultsforfuture.eu\/es\/wp-json\/wp\/v2\/pages"}],"about":[{"href":"https:\/\/adultsforfuture.eu\/es\/wp-json\/wp\/v2\/types\/page"}],"author":[{"embeddable":true,"href":"https:\/\/adultsforfuture.eu\/es\/wp-json\/wp\/v2\/users\/4"}],"replies":[{"embeddable":true,"href":"https:\/\/adultsforfuture.eu\/es\/wp-json\/wp\/v2\/comments?post=6165"}],"version-history":[{"count":16,"href":"https:\/\/adultsforfuture.eu\/es\/wp-json\/wp\/v2\/pages\/6165\/revisions"}],"predecessor-version":[{"id":8518,"href":"https:\/\/adultsforfuture.eu\/es\/wp-json\/wp\/v2\/pages\/6165\/revisions\/8518"}],"up":[{"embeddable":true,"href":"https:\/\/adultsforfuture.eu\/es\/wp-json\/wp\/v2\/pages\/675"}],"wp:attachment":[{"href":"https:\/\/adultsforfuture.eu\/es\/wp-json\/wp\/v2\/media?parent=6165"}],"curies":[{"name":"wp","href":"https:\/\/api.w.org\/{rel}","templated":true}]}}