{"id":5371,"date":"2024-03-12T14:52:44","date_gmt":"2024-03-12T13:52:44","guid":{"rendered":"https:\/\/adultsforfuture.eu\/?page_id=5371"},"modified":"2024-07-30T09:29:22","modified_gmt":"2024-07-30T07:29:22","slug":"impact","status":"publish","type":"page","link":"https:\/\/adultsforfuture.eu\/es\/impact","title":{"rendered":"Impacto"},"content":{"rendered":"<style>\/*! elementor - v3.23.0 - 25-07-2024 *\/\n.elementor-column .elementor-spacer-inner{height:var(--spacer-size)}.e-con{--container-widget-width:100%}.e-con-inner>.elementor-widget-spacer,.e-con>.elementor-widget-spacer{width:var(--container-widget-width,var(--spacer-size));--align-self:var(--container-widget-align-self,initial);--flex-shrink:0}.e-con-inner>.elementor-widget-spacer>.elementor-widget-container,.e-con>.elementor-widget-spacer>.elementor-widget-container{height:100%;width:100%}.e-con-inner>.elementor-widget-spacer>.elementor-widget-container>.elementor-spacer,.e-con>.elementor-widget-spacer>.elementor-widget-container>.elementor-spacer{height:100%}.e-con-inner>.elementor-widget-spacer>.elementor-widget-container>.elementor-spacer>.elementor-spacer-inner,.e-con>.elementor-widget-spacer>.elementor-widget-container>.elementor-spacer>.elementor-spacer-inner{height:var(--container-widget-height,var(--spacer-size))}.e-con-inner>.elementor-widget-spacer.elementor-widget-empty,.e-con>.elementor-widget-spacer.elementor-widget-empty{position:relative;min-height:22px;min-width:22px}.e-con-inner>.elementor-widget-spacer.elementor-widget-empty .elementor-widget-empty-icon,.e-con>.elementor-widget-spacer.elementor-widget-empty .elementor-widget-empty-icon{position:absolute;top:0;bottom:0;left:0;right:0;margin:auto;padding:0;width:22px;height:22px}<\/style>\n<style>\/*! elementor - v3.23.0 - 25-07-2024 *\/\n.elementor-heading-title{padding:0;margin:0;line-height:1}.elementor-widget-heading .elementor-heading-title[class*=elementor-size-]>a{color:inherit;font-size:inherit;line-height:inherit}.elementor-widget-heading .elementor-heading-title.elementor-size-small{font-size:15px}.elementor-widget-heading .elementor-heading-title.elementor-size-medium{font-size:19px}.elementor-widget-heading .elementor-heading-title.elementor-size-large{font-size:29px}.elementor-widget-heading .elementor-heading-title.elementor-size-xl{font-size:39px}.elementor-widget-heading .elementor-heading-title.elementor-size-xxl{font-size:59px}<\/style>\n<h1>IMPACTO<\/h1>\n<h2>Formaci\u00f3n de formadores<\/h2>\n<p>En noviembre de 2023, Right Challenge organiz\u00f3 una Formaci\u00f3n de Formadores para educadores de adultos que forman parte del proyecto y externos. Organizado por RightChallenge y con el apoyo de los socios del proyecto, el acto reuni\u00f3 a educadores de toda Europa para ampliar sus conocimientos sobre la promoci\u00f3n del activismo verde y la sostenibilidad y mejorar el curso desarrollado en el marco del proyecto.<\/p>\n<p>Durante tres d\u00edas, los participantes abordaron m\u00f3dulos sobre cambio clim\u00e1tico, educaci\u00f3n ambiental y vida sostenible. Visitando atracciones locales como la Galer\u00eda de la Biodiversidad y el Jard\u00edn Bot\u00e1nico de Oporto, estos educadores adquirieron valiosos conocimientos y experiencia para inspirar el cambio en sus comunidades.<\/p>\n<style>\/*! elementor - v3.23.0 - 25-07-2024 *\/\n.elementor-widget-image{text-align:center}.elementor-widget-image a{display:inline-block}.elementor-widget-image a img[src$=\".svg\"]{width:48px}.elementor-widget-image img{vertical-align:middle;display:inline-block}<\/style>\n<p>\t\t\t\t\t\t\t\t\t\t<img loading=\"lazy\" decoding=\"async\" width=\"800\" height=\"800\" src=\"https:\/\/adultsforfuture.eu\/wp-content\/uploads\/Training-of-trainers-1-1024x1024.png\" alt=\"\" srcset=\"https:\/\/adultsforfuture.eu\/wp-content\/uploads\/Training-of-trainers-1-1024x1024.png 1024w, https:\/\/adultsforfuture.eu\/wp-content\/uploads\/Training-of-trainers-1-300x300.png 300w, https:\/\/adultsforfuture.eu\/wp-content\/uploads\/Training-of-trainers-1-150x150.png 150w, https:\/\/adultsforfuture.eu\/wp-content\/uploads\/Training-of-trainers-1-768x768.png 768w, https:\/\/adultsforfuture.eu\/wp-content\/uploads\/Training-of-trainers-1-1536x1536.png 1536w, https:\/\/adultsforfuture.eu\/wp-content\/uploads\/Training-of-trainers-1-2048x2048.png 2048w\" sizes=\"auto, (max-width: 800px) 100vw, 800px\" \/>\t\t\t\t\t\t\t\t\t\t\t\t\t<\/p>\n<h2>Curso piloto<\/h2>\n<p>Echa un vistazo al curso puesto a prueba por primera vez con participantes reales.<\/p>\n<style>\/*! elementor - v3.23.0 - 25-07-2024 *\/\n.elementor-widget-image-carousel .swiper,.elementor-widget-image-carousel .swiper-container{position:static}.elementor-widget-image-carousel .swiper-container .swiper-slide figure,.elementor-widget-image-carousel .swiper .swiper-slide figure{line-height:inherit}.elementor-widget-image-carousel .swiper-slide{text-align:center}.elementor-image-carousel-wrapper:not(.swiper-container-initialized):not(.swiper-initialized) .swiper-slide{max-width:calc(100% \/ var(--e-image-carousel-slides-to-show, 3))}<\/style>\n<figure><img decoding=\"async\" src=\"https:\/\/adultsforfuture.eu\/wp-content\/uploads\/Piloting2_scaled-1.png\" alt=\"Piloting2_scaled.png\" \/><\/figure>\n<figure><img decoding=\"async\" src=\"https:\/\/adultsforfuture.eu\/wp-content\/uploads\/Piloting1_scaled-1.png\" alt=\"Piloting1_scaled.png\" \/><\/figure>\n<figure><img decoding=\"async\" src=\"https:\/\/adultsforfuture.eu\/wp-content\/uploads\/Piloting_CY.png\" alt=\"Piloting_CY\" \/><\/figure>\n<figure><img decoding=\"async\" src=\"https:\/\/adultsforfuture.eu\/wp-content\/uploads\/Piloting-Portugal-1.png\" alt=\"Piloting Portugal\" \/><\/figure>\n<h2>Escucha a estos adultos comprometidos con un futuro mejor<\/h2>\n<p>Aqu\u00ed puedes encontrar una colecci\u00f3n de v\u00eddeos que muestran el viaje inspirador de los mayores que participan en nuestro proyecto. Estos v\u00eddeos dan una idea del impacto real de nuestro trabajo: desde el intercambio de experiencias hasta el \u00e9xito de las actividades intergeneracionales. No te los pierdas y recuerda activar los subt\u00edtulos disponibles en espa\u00f1ol, italiano, griego o portugu\u00e9s.<\/p>\n<link rel=\"stylesheet\" href=\"https:\/\/adultsforfuture.eu\/wp-content\/plugins\/elementor-pro\/assets\/css\/widget-video-playlist.min.css?ver=1722290897\">\n<h2>Playlist<\/h2>\n<p>\t\t\t\t\t\t\t\t\t\t\t\t\t\t\t3 Videos<br \/>\n\t\t\t\t\t\t\t\t\t\t\t\t\t\t\t\t\t\t\t\t\t\t\t\t\t<img decoding=\"async\" src=\"https:\/\/adultsforfuture.eu\/wp-content\/uploads\/maxresdefault-2.jpg\" alt=\"Arteterapia para personas mayores en Chipre\" loading=\"lazy\" \/><\/p>\n<h4>\n\t\t\t\t\t\t\t\t\t\t\t<a tabindex=\"0\">Arteterapia para personas mayores en Chipre<\/a><br \/>\n\t\t\t\t\t\t\t\t\t\t<\/h4>\n<p>\t\t\t\t\t\t\t\t\t\t\t\t\t\t\t\t\t\t\t\t\t1:50<br \/>\n\t\t\t\t\t\t\t\t\t\t\t\t\t\t\t\t\t\t\t\t\t\t\t\t\t<img decoding=\"async\" src=\"https:\/\/adultsforfuture.eu\/wp-content\/uploads\/hqdefault.webp\" alt=\"Aprendiendo un Estilo de Vida Saludable a Trav\u00e9s de Generaciones\" loading=\"lazy\" \/><\/p>\n<h4>\n\t\t\t\t\t\t\t\t\t\t\t<a tabindex=\"0\">Aprendiendo un Estilo de Vida Saludable a Trav\u00e9s de Generaciones<\/a><br \/>\n\t\t\t\t\t\t\t\t\t\t<\/h4>\n<p>\t\t\t\t\t\t\t\t\t\t\t\t\t\t\t\t\t\t\t\t\t\t\t\t\t<img decoding=\"async\" src=\"https:\/\/adultsforfuture.eu\/wp-content\/uploads\/maxresdefault-3.jpg\" alt=\"Proyecto 65+ ambiente Guimar\u00e3es\" loading=\"lazy\" \/><\/p>\n<h4>\n\t\t\t\t\t\t\t\t\t\t\t<a tabindex=\"0\">Proyecto 65+ ambiente Guimar\u00e3es<\/a><br \/>\n\t\t\t\t\t\t\t\t\t\t<\/h4>\n<p>\t\t\t\t\t\t\t\t\t\t\t\t\t\t\t\t\t\t\t\t\t3:16<br \/>\n\t\t\t\t\t\t\t\t\t\t\t\t<a tabindex=\"0\">Descripci\u00f3n<\/a><br \/>\n\t\t\t\t\t\t\t\t\t\t\t\t\t\t\t\t\t\t\t\t\t\t\t\tDescripci\u00f3n\t\t\t\t\t\t\t\t\t\t\t<\/p>\n<p>Nuestros socios de Chipre conocieron a la Sra. Anna, una mujer de unos 70 a\u00f1os que vive en Nicosia, durante el proyecto piloto en el Centro Multifuncional de Nicosia. La Sra. Anna les cont\u00f3 sobre su actividad favorita, visitar una galer\u00eda, conocer pinturas y artistas y luego pintar y expresarse.<\/p>\n<p>\t\t\t\t\t\t\t\t\t\t\t\t\t\t\t\t\t\t\t\t\t\t\t\t\t\t<button><\/button><br \/>\n\t\t\t\t\t\t\t\t\t\t\t\t\t<button><\/button><br \/>\n\t\t\t\t\t\t\t\t\t\t\t\t<a tabindex=\"0\">Descripci\u00f3n<\/a><br \/>\n\t\t\t\t\t\t\t\t\t\t\t\t\t\t\t\t\t\t\t\t\t\t\t\tDescripci\u00f3n\t\t\t\t\t\t\t\t\t\t\t<\/p>\n<p>Como parte del proyecto, nuestros colegas de Polygonal en Cori, Italia, han lanzado la iniciativa: \u201cAprendiendo un Estilo de Vida Saludable a Trav\u00e9s de Generaciones: \u00a1Entendiendo el origen de los ingredientes y pensando en el desperdicio de alimentos!\u201d \u00a1Mira este video y ve cu\u00e1nto se divirtieron!<\/p>\n<p>\t\t\t\t\t\t\t\t\t\t\t\t\t\t\t\t\t\t\t\t\t\t\t\t\t\t<button><\/button><br \/>\n\t\t\t\t\t\t\t\t\t\t\t\t\t<button><\/button><br \/>\n\t\t\t\t\t\t\t\t\t\t\t\t<a tabindex=\"0\">Descripci\u00f3n<\/a><br \/>\n\t\t\t\t\t\t\t\t\t\t\t\t\t\t\t\t\t\t\t\t\t\t\t\tDescripci\u00f3n\t\t\t\t\t\t\t\t\t\t\t<\/p>\n<p>RightChallenge tuvo el placer de descubrir la iniciativa \u201c65+ Ambiente\u201d del Laborat\u00f3rio da Paisagem en Guimar\u00e3es, Portugal. Conozca la organizaci\u00f3n y escuche a \u00c1lvaro hablar sobre su propia experiencia al unirse a las fant\u00e1sticas actividades que organizan con los ancianos, \u00a1promoviendo la conciencia sobre futuros y pr\u00e1cticas m\u00e1s sostenibles!<\/p>\n<p>\t\t\t\t\t\t\t\t\t\t\t\t\t\t\t\t\t\t\t\t\t\t\t\t\t\t<button><\/button><br \/>\n\t\t\t\t\t\t\t\t\t\t\t\t\t<button><\/button><\/p>\n<h2>\u00bfBuscas m\u00e1s recursos, pel\u00edculas o material de lectura? <\/h2>\n<p>Echa un vistazo a la lista que hemos recopilado para ti a continuaci\u00f3n.<\/p>\n<p>\t\t\t<a href=\"#documentales\"><br \/>\n\t\t\t\t\t\t\t\t\tDocumentales<br \/>\n\t\t\t\t\t<\/a><br \/>\n\t\t\t<a href=\"#podcasts\"><br \/>\n\t\t\t\t\t\t\t\t\tPodcasts<br \/>\n\t\t\t\t\t<\/a><br \/>\n\t\t\t<a href=\"#youtube\"><br \/>\n\t\t\t\t\t\t\t\t\tYouTube<br \/>\n\t\t\t\t\t<\/a><br \/>\n\t\t\t<a href=\"#reading\"><br \/>\n\t\t\t\t\t\t\t\t\tMaterial de lectura<br \/>\n\t\t\t\t\t<\/a><br \/>\n\t\t\t\t\t\t\t\t\t\t\t\t\t<img loading=\"lazy\" decoding=\"async\" width=\"580\" height=\"838\" src=\"https:\/\/adultsforfuture.eu\/wp-content\/uploads\/Planeta_Tierra_Serie_de_TV-535384921-large-2.jpg\" alt=\"\" srcset=\"https:\/\/adultsforfuture.eu\/wp-content\/uploads\/Planeta_Tierra_Serie_de_TV-535384921-large-2.jpg 580w, https:\/\/adultsforfuture.eu\/wp-content\/uploads\/Planeta_Tierra_Serie_de_TV-535384921-large-2-208x300.jpg 208w\" sizes=\"auto, (max-width: 580px) 100vw, 580px\" \/>\t\t\t\t\t\t\t\t\t\t\t\t\t<\/p>\n<p>Planeta Tierra (2006)<\/p>\n<p>\t\t\t\t\t\t\t\t\t\t\t\t\t<img loading=\"lazy\" decoding=\"async\" width=\"519\" height=\"755\" src=\"https:\/\/adultsforfuture.eu\/wp-content\/uploads\/before_the_flood-1.jpg\" alt=\"\" srcset=\"https:\/\/adultsforfuture.eu\/wp-content\/uploads\/before_the_flood-1.jpg 519w, https:\/\/adultsforfuture.eu\/wp-content\/uploads\/before_the_flood-1-206x300.jpg 206w\" sizes=\"auto, (max-width: 519px) 100vw, 519px\" \/>\t\t\t\t\t\t\t\t\t\t\t\t\t<\/p>\n<p>Before the Flood (2016)<\/p>\n<p>\t\t\t\t\t\t\t\t\t\t\t\t\t<img loading=\"lazy\" decoding=\"async\" width=\"365\" height=\"512\" src=\"https:\/\/adultsforfuture.eu\/wp-content\/uploads\/david-attenborough-1.jpg\" alt=\"\" srcset=\"https:\/\/adultsforfuture.eu\/wp-content\/uploads\/david-attenborough-1.jpg 365w, https:\/\/adultsforfuture.eu\/wp-content\/uploads\/david-attenborough-1-214x300.jpg 214w\" sizes=\"auto, (max-width: 365px) 100vw, 365px\" \/>\t\t\t\t\t\t\t\t\t\t\t\t\t<\/p>\n<p>David Attenborough: Una vida en nuestro planeta (2020)<\/p>\n<p>\t\t\t\t\t\t\t\t\t\t\t\t\t<img loading=\"lazy\" decoding=\"async\" width=\"600\" height=\"888\" src=\"https:\/\/adultsforfuture.eu\/wp-content\/uploads\/Cowspiracy_The_Sustainability_Secret-1-1.jpg\" alt=\"\" srcset=\"https:\/\/adultsforfuture.eu\/wp-content\/uploads\/Cowspiracy_The_Sustainability_Secret-1-1.jpg 600w, https:\/\/adultsforfuture.eu\/wp-content\/uploads\/Cowspiracy_The_Sustainability_Secret-1-1-203x300.jpg 203w\" sizes=\"auto, (max-width: 600px) 100vw, 600px\" \/>\t\t\t\t\t\t\t\t\t\t\t\t\t<\/p>\n<p>Cowspiracy: The Sustainability Secret (2014)<\/p>\n<p>\t\t\t\t\t\t\t\t\t\t\t\t\t<img loading=\"lazy\" decoding=\"async\" width=\"702\" height=\"1000\" src=\"https:\/\/adultsforfuture.eu\/wp-content\/uploads\/inconvenient_truth-1.jpg\" alt=\"\" srcset=\"https:\/\/adultsforfuture.eu\/wp-content\/uploads\/inconvenient_truth-1.jpg 702w, https:\/\/adultsforfuture.eu\/wp-content\/uploads\/inconvenient_truth-1-211x300.jpg 211w\" sizes=\"auto, (max-width: 702px) 100vw, 702px\" \/>\t\t\t\t\t\t\t\t\t\t\t\t\t<\/p>\n<p>Una verdad inc\u00f3moda (2005)<\/p>\n<p>\t\t\t\t\t\t\t\t\t\t\t\t\t<img loading=\"lazy\" decoding=\"async\" width=\"426\" height=\"597\" src=\"https:\/\/adultsforfuture.eu\/wp-content\/uploads\/My_Octopus_Teacher-767367425-large-1.jpg\" alt=\"\" srcset=\"https:\/\/adultsforfuture.eu\/wp-content\/uploads\/My_Octopus_Teacher-767367425-large-1.jpg 426w, https:\/\/adultsforfuture.eu\/wp-content\/uploads\/My_Octopus_Teacher-767367425-large-1-214x300.jpg 214w\" sizes=\"auto, (max-width: 426px) 100vw, 426px\" \/>\t\t\t\t\t\t\t\t\t\t\t\t\t<\/p>\n<p>Lo que el pulpo me ense\u00f1\u00f3 (2020)<\/p>\n<p>\t\t\t\t\t\t\t\t\t\t\t\t\t<img loading=\"lazy\" decoding=\"async\" width=\"426\" height=\"597\" src=\"https:\/\/adultsforfuture.eu\/wp-content\/uploads\/seaspiracy-1.jpg\" alt=\"\" srcset=\"https:\/\/adultsforfuture.eu\/wp-content\/uploads\/seaspiracy-1.jpg 426w, https:\/\/adultsforfuture.eu\/wp-content\/uploads\/seaspiracy-1-214x300.jpg 214w\" sizes=\"auto, (max-width: 426px) 100vw, 426px\" \/>\t\t\t\t\t\t\t\t\t\t\t\t\t<\/p>\n<p>Seaspiracy (2021)<\/p>\n<p>\t\t\t\t\t\t\t\t\t\t\t\t\t<img loading=\"lazy\" decoding=\"async\" width=\"500\" height=\"500\" src=\"https:\/\/adultsforfuture.eu\/wp-content\/uploads\/hora-verde.jpg\" alt=\"\" srcset=\"https:\/\/adultsforfuture.eu\/wp-content\/uploads\/hora-verde.jpg 500w, https:\/\/adultsforfuture.eu\/wp-content\/uploads\/hora-verde-300x300.jpg 300w, https:\/\/adultsforfuture.eu\/wp-content\/uploads\/hora-verde-150x150.jpg 150w\" sizes=\"auto, (max-width: 500px) 100vw, 500px\" \/>\t\t\t\t\t\t\t\t\t\t\t\t\t<\/p>\n<p>Hora verde. Jos\u00e9 David Mill\u00e1n<\/p>\n<p>\t\t\t\t\t\t\t\t\t\t\t\t\t<img loading=\"lazy\" decoding=\"async\" width=\"653\" height=\"1000\" src=\"https:\/\/adultsforfuture.eu\/wp-content\/uploads\/porque-no-se-quedan-en-africa.jpg\" alt=\"\" srcset=\"https:\/\/adultsforfuture.eu\/wp-content\/uploads\/porque-no-se-quedan-en-africa.jpg 653w, https:\/\/adultsforfuture.eu\/wp-content\/uploads\/porque-no-se-quedan-en-africa-196x300.jpg 196w\" sizes=\"auto, (max-width: 653px) 100vw, 653px\" \/>\t\t\t\t\t\t\t\t\t\t\t\t\t<\/p>\n<p>Por qu\u00e9 no se quedan en \u00c1frica? Una familia, dos pueblos: Senegal y Gambia m\u00e1s all\u00e1 del espejo. Jaume Portell Ca\u00f1o. (2023). Editorial Aledi.<\/p>\n<p>\t\t\t\t\t\t\t\t\t\t\t\t\t<img loading=\"lazy\" decoding=\"async\" width=\"353\" height=\"500\" src=\"https:\/\/adultsforfuture.eu\/wp-content\/uploads\/simplemente-consciente.jpg\" alt=\"\" srcset=\"https:\/\/adultsforfuture.eu\/wp-content\/uploads\/simplemente-consciente.jpg 353w, https:\/\/adultsforfuture.eu\/wp-content\/uploads\/simplemente-consciente-212x300.jpg 212w\" sizes=\"auto, (max-width: 353px) 100vw, 353px\" \/><br \/>\n\t\tViamalama, A. (s.f.). Simplemente consciente: Una gu\u00eda Zero Waste para salvar el mundo [PDF]. Recuperado de <a href=\"https:\/\/www.viamalama.com\/producto\/simplemente-consciente\/\">https:\/\/www.viamalama.com\/<\/a><br \/>\n\t\t\t\t\t\t\t\t\t\t\t\t\t<img loading=\"lazy\" decoding=\"async\" width=\"400\" height=\"562\" src=\"https:\/\/adultsforfuture.eu\/wp-content\/uploads\/poder-de-la-diferencia.jpg\" alt=\"\" srcset=\"https:\/\/adultsforfuture.eu\/wp-content\/uploads\/poder-de-la-diferencia.jpg 400w, https:\/\/adultsforfuture.eu\/wp-content\/uploads\/poder-de-la-diferencia-214x300.jpg 214w\" sizes=\"auto, (max-width: 400px) 100vw, 400px\" \/>\t\t\t\t\t\t\t\t\t\t\t\t\t<\/p>\n<p>Casanova, M. B. (2021). El poder de la diferencia. Almuzara.<\/p>\n<p>\t\t\t\t\t\t\t\t\t\t\t\t\t\t<a href=\"https:\/\/www.youtube.com\/@Jorge_Navarro\" target=\"_blank\" rel=\"noopener\"><br \/>\n\t\t\t\t\t\t\t<img loading=\"lazy\" decoding=\"async\" width=\"900\" height=\"900\" src=\"https:\/\/adultsforfuture.eu\/wp-content\/uploads\/jorge_navarro.jpg\" alt=\"\" srcset=\"https:\/\/adultsforfuture.eu\/wp-content\/uploads\/jorge_navarro.jpg 900w, https:\/\/adultsforfuture.eu\/wp-content\/uploads\/jorge_navarro-300x300.jpg 300w, https:\/\/adultsforfuture.eu\/wp-content\/uploads\/jorge_navarro-150x150.jpg 150w, https:\/\/adultsforfuture.eu\/wp-content\/uploads\/jorge_navarro-768x768.jpg 768w\" sizes=\"auto, (max-width: 900px) 100vw, 900px\" \/>\t\t\t\t\t\t\t\t<\/a><br \/>\n\t\t<a target=\"_blank\" href=\"https:\/\/www.youtube.com\/@Jorge_Navarro\" rel=\"noopener\">Jorge Navarro<\/a><br \/>\n\t\t\t\t\t\t\t\t\t\t\t\t\t\t<a href=\"https:\/\/www.youtube.com\/@laurapeinadorodriguez\" target=\"_blank\" rel=\"noopener\"><br \/>\n\t\t\t\t\t\t\t<img loading=\"lazy\" decoding=\"async\" width=\"900\" height=\"900\" src=\"https:\/\/adultsforfuture.eu\/wp-content\/uploads\/laura-vida-sostenible.jpg\" alt=\"\" srcset=\"https:\/\/adultsforfuture.eu\/wp-content\/uploads\/laura-vida-sostenible.jpg 900w, https:\/\/adultsforfuture.eu\/wp-content\/uploads\/laura-vida-sostenible-300x300.jpg 300w, https:\/\/adultsforfuture.eu\/wp-content\/uploads\/laura-vida-sostenible-150x150.jpg 150w, https:\/\/adultsforfuture.eu\/wp-content\/uploads\/laura-vida-sostenible-768x768.jpg 768w\" sizes=\"auto, (max-width: 900px) 100vw, 900px\" \/>\t\t\t\t\t\t\t\t<\/a><br \/>\n\t\t<a target=\"_blank\" href=\"https:\/\/www.youtube.com\/@laurapeinadorodriguez\" rel=\"noopener\">Laura | Vida sostenible<\/a><\/p>\n","protected":false},"excerpt":{"rendered":"<p>IMPACTO Formaci\u00f3n de formadores En noviembre de 2023, Right Challenge organiz\u00f3 una Formaci\u00f3n de Formadores para educadores de adultos que forman parte del proyecto y externos. Organizado por RightChallenge y con el apoyo de los socios del proyecto, el acto reuni\u00f3 a educadores de toda Europa para ampliar sus conocimientos sobre la promoci\u00f3n del activismo [&hellip;]<\/p>\n","protected":false},"author":4,"featured_media":0,"parent":0,"menu_order":0,"comment_status":"closed","ping_status":"closed","template":"","meta":{"footnotes":""},"class_list":["post-5371","page","type-page","status-publish","hentry"],"_links":{"self":[{"href":"https:\/\/adultsforfuture.eu\/es\/wp-json\/wp\/v2\/pages\/5371","targetHints":{"allow":["GET"]}}],"collection":[{"href":"https:\/\/adultsforfuture.eu\/es\/wp-json\/wp\/v2\/pages"}],"about":[{"href":"https:\/\/adultsforfuture.eu\/es\/wp-json\/wp\/v2\/types\/page"}],"author":[{"embeddable":true,"href":"https:\/\/adultsforfuture.eu\/es\/wp-json\/wp\/v2\/users\/4"}],"replies":[{"embeddable":true,"href":"https:\/\/adultsforfuture.eu\/es\/wp-json\/wp\/v2\/comments?post=5371"}],"version-history":[{"count":41,"href":"https:\/\/adultsforfuture.eu\/es\/wp-json\/wp\/v2\/pages\/5371\/revisions"}],"predecessor-version":[{"id":8435,"href":"https:\/\/adultsforfuture.eu\/es\/wp-json\/wp\/v2\/pages\/5371\/revisions\/8435"}],"wp:attachment":[{"href":"https:\/\/adultsforfuture.eu\/es\/wp-json\/wp\/v2\/media?parent=5371"}],"curies":[{"name":"wp","href":"https:\/\/api.w.org\/{rel}","templated":true}]}}