{"id":2612,"date":"2024-01-26T10:47:41","date_gmt":"2024-01-26T09:47:41","guid":{"rendered":"https:\/\/adultsforfuture.eu\/?page_id=2612"},"modified":"2024-07-15T11:43:17","modified_gmt":"2024-07-15T09:43:17","slug":"online-course-es","status":"publish","type":"page","link":"https:\/\/adultsforfuture.eu\/es\/online-course-es","title":{"rendered":"Curso en l\u00ednea"},"content":{"rendered":"<style>\/*! elementor - v3.22.0 - 26-06-2024 *\/<br \/>\n.elementor-column .elementor-spacer-inner{height:var(--spacer-size)}.e-con{--container-widget-width:100%}.e-con-inner>.elementor-widget-spacer,.e-con>.elementor-widget-spacer{width:var(--container-widget-width,var(--spacer-size));--align-self:var(--container-widget-align-self,initial);--flex-shrink:0}.e-con-inner>.elementor-widget-spacer>.elementor-widget-container,.e-con>.elementor-widget-spacer>.elementor-widget-container{height:100%;width:100%}.e-con-inner>.elementor-widget-spacer>.elementor-widget-container>.elementor-spacer,.e-con>.elementor-widget-spacer>.elementor-widget-container>.elementor-spacer{height:100%}.e-con-inner>.elementor-widget-spacer>.elementor-widget-container>.elementor-spacer>.elementor-spacer-inner,.e-con>.elementor-widget-spacer>.elementor-widget-container>.elementor-spacer>.elementor-spacer-inner{height:var(--container-widget-height,var(--spacer-size))}.e-con-inner>.elementor-widget-spacer.elementor-widget-empty,.e-con>.elementor-widget-spacer.elementor-widget-empty{position:relative;min-height:22px;min-width:22px}.e-con-inner>.elementor-widget-spacer.elementor-widget-empty .elementor-widget-empty-icon,.e-con>.elementor-widget-spacer.elementor-widget-empty .elementor-widget-empty-icon{position:absolute;top:0;bottom:0;left:0;right:0;margin:auto;padding:0;width:22px;height:22px}<\/style>\n<style>\/*! elementor - v3.22.0 - 26-06-2024 *\/<br \/>\n.elementor-heading-title{padding:0;margin:0;line-height:1}.elementor-widget-heading .elementor-heading-title[class*=elementor-size-]>a{color:inherit;font-size:inherit;line-height:inherit}.elementor-widget-heading .elementor-heading-title.elementor-size-small{font-size:15px}.elementor-widget-heading .elementor-heading-title.elementor-size-medium{font-size:19px}.elementor-widget-heading .elementor-heading-title.elementor-size-large{font-size:29px}.elementor-widget-heading .elementor-heading-title.elementor-size-xl{font-size:39px}.elementor-widget-heading .elementor-heading-title.elementor-size-xxl{font-size:59px}<\/style>\n<h1>CURSO ONLINE<\/h1>\n<p>Cuando se trata de echar la culpa del estado de nuestro planeta, los adultos mayores suelen llevarse la peor parte. Pero, \u00bfy si te dij\u00e9ramos que tienen el potencial de ser nuestros mejores aliados en la lucha por la sostenibilidad?<\/p>\n<p>Aqu\u00ed encontrar\u00e1s nuestro curso: una colaboraci\u00f3n de educadores comprometidos con liberar el potencial ecol\u00f3gico de los mayores. Nuestro material de formaci\u00f3n es algo m\u00e1s que teor\u00eda; es una mezcla din\u00e1mica de teor\u00eda y pr\u00e1ctica destinada a crear un cambio real.<\/p>\n<p>Encontrar\u00e1s escenarios cotidianos en los que los adultos mayores pueden convertirse en defensores del medio ambiente. Desde la comprensi\u00f3n del cambio clim\u00e1tico hasta la elecci\u00f3n de estilos de vida sostenibles, cada m\u00f3dulo ha sido cuidadosamente elaborado para proporcionar a los educadores de adultos las herramientas que necesitan para guiar a los mayores en su camino.<\/p>\n<style>\/*! elementor - v3.22.0 - 26-06-2024 *\/<br \/>\n.elementor-widget-image{text-align:center}.elementor-widget-image a{display:inline-block}.elementor-widget-image a img[src$=\".svg\"]{width:48px}.elementor-widget-image img{vertical-align:middle;display:inline-block}<\/style>\n<p><img loading=\"lazy\" decoding=\"async\" src=\"https:\/\/adultsforfuture.eu\/wp-content\/uploads\/tragedy-commons-1-scaled-1-2048x1326.jpg\" sizes=\"auto, (max-width: 800px) 100vw, 800px\" srcset=\"https:\/\/adultsforfuture.eu\/wp-content\/uploads\/tragedy-commons-1-scaled-1-2048x1326.jpg 2048w, https:\/\/adultsforfuture.eu\/wp-content\/uploads\/tragedy-commons-1-scaled-1-300x194.jpg 300w, https:\/\/adultsforfuture.eu\/wp-content\/uploads\/tragedy-commons-1-scaled-1-1024x663.jpg 1024w, https:\/\/adultsforfuture.eu\/wp-content\/uploads\/tragedy-commons-1-scaled-1-768x497.jpg 768w, https:\/\/adultsforfuture.eu\/wp-content\/uploads\/tragedy-commons-1-scaled-1-1536x995.jpg 1536w\" alt=\"\" width=\"800\" height=\"518\" \/><\/p>\n<h2>M\u00f3dulo 1 &#8211; Cambio clim\u00e1tico y alfabetizaci\u00f3n medioambiental<\/h2>\n<p>En esta unidad aprender\u00e1s los principales conceptos sobre el cambio clim\u00e1tico, especialmente en lo que se refiere a cuestiones cotidianas, como&#8230;<\/p>\n<p><a href=\"https:\/\/adultsforfuture.eu\/es\/online-course-es\/modulo-1\"><br \/>\nEmpezar m\u00f3dulo<br \/>\n<\/a><br \/>\n<img loading=\"lazy\" decoding=\"async\" src=\"https:\/\/adultsforfuture.eu\/wp-content\/uploads\/everyday-habit-scaled-1-2048x1366.jpg\" sizes=\"auto, (max-width: 800px) 100vw, 800px\" srcset=\"https:\/\/adultsforfuture.eu\/wp-content\/uploads\/everyday-habit-scaled-1-2048x1366.jpg 2048w, https:\/\/adultsforfuture.eu\/wp-content\/uploads\/everyday-habit-scaled-1-300x200.jpg 300w, https:\/\/adultsforfuture.eu\/wp-content\/uploads\/everyday-habit-scaled-1-1024x683.jpg 1024w, https:\/\/adultsforfuture.eu\/wp-content\/uploads\/everyday-habit-scaled-1-768x512.jpg 768w, https:\/\/adultsforfuture.eu\/wp-content\/uploads\/everyday-habit-scaled-1-1536x1024.jpg 1536w\" alt=\"\" width=\"800\" height=\"534\" \/><\/p>\n<h2>M\u00f3dulo 2 &#8211; Vida sostenible y huella individual<\/h2>\n<p>En esta unidad aprender\u00e1s los conceptos principales sobre la vida sostenible, un debate bastante central hoy en d\u00eda, y c\u00f3mo medir y qu\u00e9 medidas&#8230;<\/p>\n<p><a href=\"https:\/\/adultsforfuture.eu\/es\/online-course-es\/modulo-2\"><br \/>\nEmpezar m\u00f3dulo<br \/>\n<\/a><br \/>\n<img loading=\"lazy\" decoding=\"async\" src=\"https:\/\/adultsforfuture.eu\/wp-content\/uploads\/green-investments2-scaled-1-1024x575.jpg\" sizes=\"auto, (max-width: 800px) 100vw, 800px\" srcset=\"https:\/\/adultsforfuture.eu\/wp-content\/uploads\/green-investments2-scaled-1-1024x575.jpg 1024w, https:\/\/adultsforfuture.eu\/wp-content\/uploads\/green-investments2-scaled-1-300x169.jpg 300w, https:\/\/adultsforfuture.eu\/wp-content\/uploads\/green-investments2-scaled-1-768x431.jpg 768w, https:\/\/adultsforfuture.eu\/wp-content\/uploads\/green-investments2-scaled-1-1536x863.jpg 1536w, https:\/\/adultsforfuture.eu\/wp-content\/uploads\/green-investments2-scaled-1-2048x1150.jpg 2048w\" alt=\"\" width=\"800\" height=\"449\" \/><\/p>\n<h2>M\u00f3dulo 3 &#8211; Inversiones verdes<\/h2>\n<p>En esta unidad, conocer\u00e1s el concepto de inversiones verdes o ecol\u00f3gicas, comprender\u00e1s sus beneficios y aprender\u00e1s a informarte financieramente&#8230;<\/p>\n<p><a href=\"https:\/\/adultsforfuture.eu\/es\/online-course-es\/modulo-3\"><br \/>\nEmpezar m\u00f3dulo<br \/>\n<\/a><br \/>\n<img loading=\"lazy\" decoding=\"async\" src=\"https:\/\/adultsforfuture.eu\/wp-content\/uploads\/communication-green-scaled-1-1024x576.jpg\" sizes=\"auto, (max-width: 800px) 100vw, 800px\" srcset=\"https:\/\/adultsforfuture.eu\/wp-content\/uploads\/communication-green-scaled-1-1024x576.jpg 1024w, https:\/\/adultsforfuture.eu\/wp-content\/uploads\/communication-green-scaled-1-300x169.jpg 300w, https:\/\/adultsforfuture.eu\/wp-content\/uploads\/communication-green-scaled-1-768x432.jpg 768w, https:\/\/adultsforfuture.eu\/wp-content\/uploads\/communication-green-scaled-1-1536x864.jpg 1536w, https:\/\/adultsforfuture.eu\/wp-content\/uploads\/communication-green-scaled-1-2048x1152.jpg 2048w\" alt=\"\" width=\"800\" height=\"450\" \/><\/p>\n<h2>M\u00f3dulo 4 &#8211; Comunicaci\u00f3n y defensa ecol\u00f3gica<\/h2>\n<p>En esta unidad, aprender\u00e1s a comunicar y defender eficazmente las pr\u00e1cticas ecol\u00f3gicas, la sostenibilidad medioambiental y la participaci\u00f3n&#8230;<\/p>\n<p><a href=\"https:\/\/adultsforfuture.eu\/es\/online-course-es\/modulo-4\"><br \/>\nEmpezar m\u00f3dulo<br \/>\n<\/a><br \/>\n<img loading=\"lazy\" decoding=\"async\" src=\"https:\/\/adultsforfuture.eu\/wp-content\/uploads\/volunteer-scaled-1-1024x682.jpg\" sizes=\"auto, (max-width: 800px) 100vw, 800px\" srcset=\"https:\/\/adultsforfuture.eu\/wp-content\/uploads\/volunteer-scaled-1-1024x682.jpg 1024w, https:\/\/adultsforfuture.eu\/wp-content\/uploads\/volunteer-scaled-1-300x200.jpg 300w, https:\/\/adultsforfuture.eu\/wp-content\/uploads\/volunteer-scaled-1-768x512.jpg 768w, https:\/\/adultsforfuture.eu\/wp-content\/uploads\/volunteer-scaled-1-1536x1024.jpg 1536w, https:\/\/adultsforfuture.eu\/wp-content\/uploads\/volunteer-scaled-1-2048x1365.jpg 2048w\" alt=\"\" width=\"800\" height=\"533\" \/><\/p>\n<h2>M\u00f3dulo 5 &#8211; Habilidades de colaboraci\u00f3n para iniciativas ecol\u00f3gicas locales<\/h2>\n<p>En esta unidad ser\u00e1s capaz de identificar las principales barreras y oportunidades de colaboraci\u00f3n para poner en marcha iniciativas verdes y reforzar&#8230;<\/p>\n<p><a href=\"https:\/\/adultsforfuture.eu\/es\/online-course-es\/modulo-5\"><br \/>\nEmpezar m\u00f3dulo<br \/>\n<\/a><br \/>\n<img loading=\"lazy\" decoding=\"async\" src=\"https:\/\/adultsforfuture.eu\/wp-content\/uploads\/wildfire-scaled-1-1024x669.jpg\" sizes=\"auto, (max-width: 800px) 100vw, 800px\" srcset=\"https:\/\/adultsforfuture.eu\/wp-content\/uploads\/wildfire-scaled-1-1024x669.jpg 1024w, https:\/\/adultsforfuture.eu\/wp-content\/uploads\/wildfire-scaled-1-300x196.jpg 300w, https:\/\/adultsforfuture.eu\/wp-content\/uploads\/wildfire-scaled-1-768x502.jpg 768w, https:\/\/adultsforfuture.eu\/wp-content\/uploads\/wildfire-scaled-1-1536x1003.jpg 1536w, https:\/\/adultsforfuture.eu\/wp-content\/uploads\/wildfire-scaled-1-2048x1338.jpg 2048w\" alt=\"\" width=\"800\" height=\"523\" \/><\/p>\n<h2>M\u00f3dulo 6 &#8211; Resiliencia y adaptaci\u00f3n al cambio<\/h2>\n<p>En esta unidad aprender\u00e1s\/ser\u00e1s capaz de identificar y describir los principales elementos de resiliencia y adaptaci\u00f3n para una vida sana y equilibrada&#8230;<\/p>\n<p><a href=\"https:\/\/adultsforfuture.eu\/es\/online-course-es\/modulo-6\"><br \/>\nEmpezar m\u00f3dulo<br \/>\n<\/a><br \/>\n<img loading=\"lazy\" decoding=\"async\" src=\"https:\/\/adultsforfuture.eu\/wp-content\/uploads\/environmental-engagement-scaled-1-1024x576.jpg\" sizes=\"auto, (max-width: 800px) 100vw, 800px\" srcset=\"https:\/\/adultsforfuture.eu\/wp-content\/uploads\/environmental-engagement-scaled-1-1024x576.jpg 1024w, https:\/\/adultsforfuture.eu\/wp-content\/uploads\/environmental-engagement-scaled-1-300x169.jpg 300w, https:\/\/adultsforfuture.eu\/wp-content\/uploads\/environmental-engagement-scaled-1-768x432.jpg 768w, https:\/\/adultsforfuture.eu\/wp-content\/uploads\/environmental-engagement-scaled-1-1536x865.jpg 1536w, https:\/\/adultsforfuture.eu\/wp-content\/uploads\/environmental-engagement-scaled-1-2048x1153.jpg 2048w\" alt=\"\" width=\"800\" height=\"450\" \/><\/p>\n<h2>M\u00f3dulo 7 &#8211; Compromiso medioambiental en l\u00ednea<\/h2>\n<p>En esta unidad aprender\u00e1s a identificar los principales elementos del compromiso online y la marca personal digital para fomentar acciones pro-ambientales&#8230;<\/p>\n<p><a href=\"https:\/\/adultsforfuture.eu\/es\/online-course-es\/modulo-7\"><br \/>\nEmpezar m\u00f3dulo<br \/>\n<\/a><br \/>\n<img loading=\"lazy\" decoding=\"async\" src=\"https:\/\/adultsforfuture.eu\/wp-content\/uploads\/stereotypes-scaled-1-1024x683.jpg\" sizes=\"auto, (max-width: 800px) 100vw, 800px\" srcset=\"https:\/\/adultsforfuture.eu\/wp-content\/uploads\/stereotypes-scaled-1-1024x683.jpg 1024w, https:\/\/adultsforfuture.eu\/wp-content\/uploads\/stereotypes-scaled-1-300x200.jpg 300w, https:\/\/adultsforfuture.eu\/wp-content\/uploads\/stereotypes-scaled-1-768x512.jpg 768w, https:\/\/adultsforfuture.eu\/wp-content\/uploads\/stereotypes-scaled-1-1536x1024.jpg 1536w, https:\/\/adultsforfuture.eu\/wp-content\/uploads\/stereotypes-scaled-1-2048x1366.jpg 2048w\" alt=\"\" width=\"800\" height=\"534\" \/><\/p>\n<h2>M\u00f3dulo 8 &#8211; Colaboraci\u00f3n intergeneracional<\/h2>\n<p>En esta unidad, aprender\u00e1s a identificar y describir el concepto de colaboraci\u00f3n intergeneracional para el cambio medioambiental; definir los beneficios&#8230;<\/p>\n<p><a href=\"https:\/\/adultsforfuture.eu\/es\/online-course-es\/modulo-8\"><br \/>\nEmpezar m\u00f3dulo<br \/>\n<\/a><\/p>\n","protected":false},"excerpt":{"rendered":"<p>CURSO ONLINE Cuando se trata de echar la culpa del estado de nuestro planeta, los adultos mayores suelen llevarse la peor parte. Pero, \u00bfy si te dij\u00e9ramos que tienen el potencial de ser nuestros mejores aliados en la lucha por la sostenibilidad? Aqu\u00ed encontrar\u00e1s nuestro curso: una colaboraci\u00f3n de educadores comprometidos con liberar el potencial [&hellip;]<\/p>\n","protected":false},"author":4,"featured_media":0,"parent":0,"menu_order":0,"comment_status":"closed","ping_status":"closed","template":"","meta":{"footnotes":""},"class_list":["post-2612","page","type-page","status-publish","hentry"],"_links":{"self":[{"href":"https:\/\/adultsforfuture.eu\/es\/wp-json\/wp\/v2\/pages\/2612","targetHints":{"allow":["GET"]}}],"collection":[{"href":"https:\/\/adultsforfuture.eu\/es\/wp-json\/wp\/v2\/pages"}],"about":[{"href":"https:\/\/adultsforfuture.eu\/es\/wp-json\/wp\/v2\/types\/page"}],"author":[{"embeddable":true,"href":"https:\/\/adultsforfuture.eu\/es\/wp-json\/wp\/v2\/users\/4"}],"replies":[{"embeddable":true,"href":"https:\/\/adultsforfuture.eu\/es\/wp-json\/wp\/v2\/comments?post=2612"}],"version-history":[{"count":17,"href":"https:\/\/adultsforfuture.eu\/es\/wp-json\/wp\/v2\/pages\/2612\/revisions"}],"predecessor-version":[{"id":7992,"href":"https:\/\/adultsforfuture.eu\/es\/wp-json\/wp\/v2\/pages\/2612\/revisions\/7992"}],"wp:attachment":[{"href":"https:\/\/adultsforfuture.eu\/es\/wp-json\/wp\/v2\/media?parent=2612"}],"curies":[{"name":"wp","href":"https:\/\/api.w.org\/{rel}","templated":true}]}}